{"id":914,"date":"2024-06-21T10:56:24","date_gmt":"2024-06-21T10:56:24","guid":{"rendered":"https:\/\/atamya.com\/?page_id=914"},"modified":"2025-02-10T16:16:26","modified_gmt":"2025-02-10T16:16:26","slug":"newsletter","status":"publish","type":"page","link":"https:\/\/www.atamya.com\/de\/newsletter\/","title":{"rendered":"Newsletter"},"content":{"rendered":"\n<section id=\"m-form__container-block_6a18a87e8bb74647388d52683aaff06f\" class=\"m-form__container \">\n    <div class=\"o-container\">\n        <div class=\"o-grid o-grid--center\"><article class=\"o-grid__col u-6\/12@sm u-pr-x6 u-pt-x10 u-pb-x10 u-pt-x20@md u-pb-x20@md\"><h1>Produktdaten Newsletter<\/h1>\n<p>Top informiert zu aktuellen Trends, Entwicklungen und Themen rund um Produktdaten und Produktprozesse. Lassen Sie sich inspirieren: Hier finden Sie alle Informationen kompakt zusammengefasst!<\/p>\n<p>F\u00fcllen Sie einfach das Formular aus und Sie erhalten umgehend eine E-Mail mit einem Best\u00e4tigungslink. Ein Klick darauf gen\u00fcgt und Sie erhalten alle zwei Wochen unseren Newsletter.<\/p>\n<ul class=\"checkmark\">\n<li>Alle Informationen rund um das Thema Product Information Management<\/li>\n<li>Alle 2 Wochen kostenfrei direkt in Ihr E-Mail-Postfach<\/li>\n<li>Die Einwilligung kann jederzeit widerrufen werden<\/li>\n<\/ul>\n<p>Jetzt zum Newsletter anmelden und keine Nachricht mehr verpassen!<\/p>\n<\/article><div class=\"o-grid__col u-6\/12@sm u-5\/12@xl u-push-1\/12@xlu-pt-x10 u-pb-x10 u-pt-x20@md u-pb-x20@md\"><div class=\"u-p-x6 u-p-x12@md u-shadow--large u-rounded  u-bgcolor-white\"><script charset=\"utf-8\" type=\"text\/javascript\" src=\"\/\/js.hsforms.net\/forms\/embed\/v2.js\"><\/script>\r\n<script>\r\n  hbspt.forms.create({\r\n    region: \"na1\",\r\n    portalId: \"7319657\",\r\n    formId: \"036f0b4c-3521-48e9-b314-15fd70ee64fd\"\r\n  });\r\n<\/script><\/div><\/div><\/div>\n    <\/div>\n<\/section>","protected":false},"excerpt":{"rendered":"","protected":false},"author":3,"featured_media":0,"parent":0,"menu_order":370,"comment_status":"closed","ping_status":"closed","template":"","meta":{"_acf_changed":false,"footnotes":""},"class_list":["post-914","page","type-page","status-publish","hentry"],"acf":[],"yoast_head":"<!-- This site is optimized with the Yoast SEO plugin v27.4 - https:\/\/yoast.com\/product\/yoast-seo-wordpress\/ -->\n<title>Newsletter rund um das Thema Produktdatenprozesse<\/title>\n<meta name=\"description\" content=\"Erhalten Sie regelm\u00e4\u00dfig Informationen \u00fcber die aktuellen Trends und Themen im Bereich PIM. Jetzt Newsletter abonnieren.\" \/>\n<meta name=\"robots\" content=\"index, follow, max-snippet:-1, max-image-preview:large, max-video-preview:-1\" \/>\n<link rel=\"canonical\" href=\"https:\/\/www.atamya.com\/de\/newsletter\/\" \/>\n<meta property=\"og:locale\" content=\"de_DE\" \/>\n<meta property=\"og:type\" content=\"article\" \/>\n<meta property=\"og:title\" content=\"Newsletter rund um das Thema Produktdatenprozesse\" \/>\n<meta property=\"og:description\" content=\"Erhalten Sie regelm\u00e4\u00dfig Informationen \u00fcber die aktuellen Trends und Themen im Bereich PIM. Jetzt Newsletter abonnieren.\" \/>\n<meta property=\"og:url\" content=\"https:\/\/www.atamya.com\/de\/newsletter\/\" \/>\n<meta property=\"og:site_name\" content=\"ATAMYA\" \/>\n<meta property=\"article:modified_time\" content=\"2025-02-10T16:16:26+00:00\" \/>\n<meta name=\"twitter:card\" content=\"summary_large_image\" \/>\n<script type=\"application\/ld+json\" class=\"yoast-schema-graph\">{\"@context\":\"https:\\\/\\\/schema.org\",\"@graph\":[{\"@type\":\"WebPage\",\"@id\":\"https:\\\/\\\/www.atamya.com\\\/de\\\/newsletter\\\/\",\"url\":\"https:\\\/\\\/www.atamya.com\\\/de\\\/newsletter\\\/\",\"name\":\"Newsletter rund um das Thema Produktdatenprozesse\",\"isPartOf\":{\"@id\":\"https:\\\/\\\/www.atamya.com\\\/de\\\/#website\"},\"datePublished\":\"2024-06-21T10:56:24+00:00\",\"dateModified\":\"2025-02-10T16:16:26+00:00\",\"description\":\"Erhalten Sie regelm\u00e4\u00dfig Informationen \u00fcber die aktuellen Trends und Themen im Bereich PIM. Jetzt Newsletter abonnieren.\",\"breadcrumb\":{\"@id\":\"https:\\\/\\\/www.atamya.com\\\/de\\\/newsletter\\\/#breadcrumb\"},\"inLanguage\":\"de\",\"potentialAction\":[{\"@type\":\"ReadAction\",\"target\":[\"https:\\\/\\\/www.atamya.com\\\/de\\\/newsletter\\\/\"]}]},{\"@type\":\"BreadcrumbList\",\"@id\":\"https:\\\/\\\/www.atamya.com\\\/de\\\/newsletter\\\/#breadcrumb\",\"itemListElement\":[{\"@type\":\"ListItem\",\"position\":1,\"name\":\"Start Page\",\"item\":\"https:\\\/\\\/www.atamya.com\\\/de\\\/\"},{\"@type\":\"ListItem\",\"position\":2,\"name\":\"Newsletter\"}]},{\"@type\":\"WebSite\",\"@id\":\"https:\\\/\\\/www.atamya.com\\\/de\\\/#website\",\"url\":\"https:\\\/\\\/www.atamya.com\\\/de\\\/\",\"name\":\"ATAMYA\",\"description\":\"\",\"publisher\":{\"@id\":\"https:\\\/\\\/www.atamya.com\\\/de\\\/#organization\"},\"potentialAction\":[{\"@type\":\"SearchAction\",\"target\":{\"@type\":\"EntryPoint\",\"urlTemplate\":\"https:\\\/\\\/www.atamya.com\\\/de\\\/?s={search_term_string}\"},\"query-input\":{\"@type\":\"PropertyValueSpecification\",\"valueRequired\":true,\"valueName\":\"search_term_string\"}}],\"inLanguage\":\"de\"},{\"@type\":\"Organization\",\"@id\":\"https:\\\/\\\/www.atamya.com\\\/de\\\/#organization\",\"name\":\"ATAMYA\",\"url\":\"https:\\\/\\\/www.atamya.com\\\/de\\\/\",\"logo\":{\"@type\":\"ImageObject\",\"inLanguage\":\"de\",\"@id\":\"https:\\\/\\\/www.atamya.com\\\/de\\\/#\\\/schema\\\/logo\\\/image\\\/\",\"url\":\"https:\\\/\\\/www.atamya.com\\\/wp-content\\\/uploads\\\/2024\\\/06\\\/ATAMYA-Favicon-02.png\",\"contentUrl\":\"https:\\\/\\\/www.atamya.com\\\/wp-content\\\/uploads\\\/2024\\\/06\\\/ATAMYA-Favicon-02.png\",\"width\":512,\"height\":512,\"caption\":\"ATAMYA\"},\"image\":{\"@id\":\"https:\\\/\\\/www.atamya.com\\\/de\\\/#\\\/schema\\\/logo\\\/image\\\/\"}}]}<\/script>\n<!-- \/ Yoast SEO plugin. -->","yoast_head_json":{"title":"Newsletter rund um das Thema Produktdatenprozesse","description":"Erhalten Sie regelm\u00e4\u00dfig Informationen \u00fcber die aktuellen Trends und Themen im Bereich PIM. Jetzt Newsletter abonnieren.","robots":{"index":"index","follow":"follow","max-snippet":"max-snippet:-1","max-image-preview":"max-image-preview:large","max-video-preview":"max-video-preview:-1"},"canonical":"https:\/\/www.atamya.com\/de\/newsletter\/","og_locale":"de_DE","og_type":"article","og_title":"Newsletter rund um das Thema Produktdatenprozesse","og_description":"Erhalten Sie regelm\u00e4\u00dfig Informationen \u00fcber die aktuellen Trends und Themen im Bereich PIM. Jetzt Newsletter abonnieren.","og_url":"https:\/\/www.atamya.com\/de\/newsletter\/","og_site_name":"ATAMYA","article_modified_time":"2025-02-10T16:16:26+00:00","twitter_card":"summary_large_image","schema":{"@context":"https:\/\/schema.org","@graph":[{"@type":"WebPage","@id":"https:\/\/www.atamya.com\/de\/newsletter\/","url":"https:\/\/www.atamya.com\/de\/newsletter\/","name":"Newsletter rund um das Thema Produktdatenprozesse","isPartOf":{"@id":"https:\/\/www.atamya.com\/de\/#website"},"datePublished":"2024-06-21T10:56:24+00:00","dateModified":"2025-02-10T16:16:26+00:00","description":"Erhalten Sie regelm\u00e4\u00dfig Informationen \u00fcber die aktuellen Trends und Themen im Bereich PIM. Jetzt Newsletter abonnieren.","breadcrumb":{"@id":"https:\/\/www.atamya.com\/de\/newsletter\/#breadcrumb"},"inLanguage":"de","potentialAction":[{"@type":"ReadAction","target":["https:\/\/www.atamya.com\/de\/newsletter\/"]}]},{"@type":"BreadcrumbList","@id":"https:\/\/www.atamya.com\/de\/newsletter\/#breadcrumb","itemListElement":[{"@type":"ListItem","position":1,"name":"Start Page","item":"https:\/\/www.atamya.com\/de\/"},{"@type":"ListItem","position":2,"name":"Newsletter"}]},{"@type":"WebSite","@id":"https:\/\/www.atamya.com\/de\/#website","url":"https:\/\/www.atamya.com\/de\/","name":"ATAMYA","description":"","publisher":{"@id":"https:\/\/www.atamya.com\/de\/#organization"},"potentialAction":[{"@type":"SearchAction","target":{"@type":"EntryPoint","urlTemplate":"https:\/\/www.atamya.com\/de\/?s={search_term_string}"},"query-input":{"@type":"PropertyValueSpecification","valueRequired":true,"valueName":"search_term_string"}}],"inLanguage":"de"},{"@type":"Organization","@id":"https:\/\/www.atamya.com\/de\/#organization","name":"ATAMYA","url":"https:\/\/www.atamya.com\/de\/","logo":{"@type":"ImageObject","inLanguage":"de","@id":"https:\/\/www.atamya.com\/de\/#\/schema\/logo\/image\/","url":"https:\/\/www.atamya.com\/wp-content\/uploads\/2024\/06\/ATAMYA-Favicon-02.png","contentUrl":"https:\/\/www.atamya.com\/wp-content\/uploads\/2024\/06\/ATAMYA-Favicon-02.png","width":512,"height":512,"caption":"ATAMYA"},"image":{"@id":"https:\/\/www.atamya.com\/de\/#\/schema\/logo\/image\/"}}]}},"_links":{"self":[{"href":"https:\/\/www.atamya.com\/de\/wp-json\/wp\/v2\/pages\/914","targetHints":{"allow":["GET"]}}],"collection":[{"href":"https:\/\/www.atamya.com\/de\/wp-json\/wp\/v2\/pages"}],"about":[{"href":"https:\/\/www.atamya.com\/de\/wp-json\/wp\/v2\/types\/page"}],"author":[{"embeddable":true,"href":"https:\/\/www.atamya.com\/de\/wp-json\/wp\/v2\/users\/3"}],"replies":[{"embeddable":true,"href":"https:\/\/www.atamya.com\/de\/wp-json\/wp\/v2\/comments?post=914"}],"version-history":[{"count":12,"href":"https:\/\/www.atamya.com\/de\/wp-json\/wp\/v2\/pages\/914\/revisions"}],"predecessor-version":[{"id":10004,"href":"https:\/\/www.atamya.com\/de\/wp-json\/wp\/v2\/pages\/914\/revisions\/10004"}],"wp:attachment":[{"href":"https:\/\/www.atamya.com\/de\/wp-json\/wp\/v2\/media?parent=914"}],"curies":[{"name":"wp","href":"https:\/\/api.w.org\/{rel}","templated":true}]}}