{"id":910,"date":"2024-06-21T10:58:21","date_gmt":"2024-06-21T10:58:21","guid":{"rendered":"https:\/\/atamya.com\/?page_id=910"},"modified":"2025-05-06T08:29:31","modified_gmt":"2025-05-06T08:29:31","slug":"impressum","status":"publish","type":"page","link":"https:\/\/www.atamya.com\/de\/impressum\/","title":{"rendered":"Impressum"},"content":{"rendered":"\n<section id=\"m-text__container-block_c6fa63587967bf8f77c982e0808c7c53\" class=\"m-text__container u-pt-x10 u-pb-x10 u-pt-x20@md u-pb-x20@md\">\n    <div class=\"o-container\">\n        <div class=\"o-grid o-grid--center\">\n                <div class=\"o-grid__col u-6\/12@md\" data-aos=\"none\">\n                    <h1>Impressum<\/h1>\n<p><strong>Verantwortlich f\u00fcr den Inhalt der Website ist:<\/strong><\/p>\n<p class=\"h4\">ATAMYA GmbH<\/p>\n<p>(vormals eggheads GmbH)<\/p>\n<p>Alte Wittener Stra\u00dfe 50<br \/>\nD-44803 Bochum<\/p>\n<p>Tel.: +49 (0) 234\/89 39 7-0<br \/>\nE-Mail: <a href=\"mailto:info@atamya.com\" target=\"_blank\" rel=\"noopener\">info@atamya.com<\/a><\/p>\n<p><strong>Gesch\u00e4ftsf\u00fchrung:<\/strong><br \/>\nThomas Knauf<br \/>\nMarkus Pichler<\/p>\n<p><strong>Handelsregister:<\/strong><br \/>\nAmtsgericht Bochum HRB 7274<\/p>\n<p><strong>Umsatzsteuer-ID:<\/strong><br \/>\nDE199570152<\/p>\n<p>ATAMYA GmbH kann keine Haftung oder Garantie f\u00fcr die Aktualit\u00e4t, Richtigkeit und Vollst\u00e4ndigkeit der zur Verf\u00fcgung gestellten Informationen \u00fcbernehmen. Gleiches gilt auch f\u00fcr den Inhalt der Websites, auf die mittels Hyperlink verwiesen wird. ATAMYA ist f\u00fcr den Inhalt der Websites, die auf Grund einer solchen Verbindung erreicht werden, nicht verantwortlich. Die Vervielf\u00e4ltigung von Informationen und Dateien, insbesondere die Verwendung von Texten und Textteilen bedarf der vorherigen Zustimmung durch ATAMYA GmbH.<\/p>\n\n                <\/div>\n        <\/div>\n    <\/div>\n<\/section>","protected":false},"excerpt":{"rendered":"","protected":false},"author":3,"featured_media":0,"parent":0,"menu_order":900,"comment_status":"closed","ping_status":"closed","template":"","meta":{"_acf_changed":false,"footnotes":""},"class_list":["post-910","page","type-page","status-publish","hentry"],"acf":[],"yoast_head":"<!-- This site is optimized with the Yoast SEO plugin v27.4 - https:\/\/yoast.com\/product\/yoast-seo-wordpress\/ -->\n<title>Impressum \u2013 ATAMYA GmbH<\/title>\n<meta name=\"description\" content=\"Hier finden Sie die Anschrift und alle Informationen \u00fcber die Verantwortlichen und \u00fcber den Inhalt der ATAMYA Webseite.\" \/>\n<meta name=\"robots\" content=\"index, follow, max-snippet:-1, max-image-preview:large, max-video-preview:-1\" \/>\n<link rel=\"canonical\" href=\"https:\/\/www.atamya.com\/de\/impressum\/\" \/>\n<meta property=\"og:locale\" content=\"de_DE\" \/>\n<meta property=\"og:type\" content=\"article\" \/>\n<meta property=\"og:title\" content=\"Impressum \u2013 ATAMYA GmbH\" \/>\n<meta property=\"og:description\" content=\"Hier finden Sie die Anschrift und alle Informationen \u00fcber die Verantwortlichen und \u00fcber den Inhalt der ATAMYA Webseite.\" \/>\n<meta property=\"og:url\" content=\"https:\/\/www.atamya.com\/de\/impressum\/\" \/>\n<meta property=\"og:site_name\" content=\"ATAMYA\" \/>\n<meta property=\"article:modified_time\" content=\"2025-05-06T08:29:31+00:00\" \/>\n<meta name=\"twitter:card\" content=\"summary_large_image\" \/>\n<script type=\"application\/ld+json\" class=\"yoast-schema-graph\">{\"@context\":\"https:\\\/\\\/schema.org\",\"@graph\":[{\"@type\":\"WebPage\",\"@id\":\"https:\\\/\\\/www.atamya.com\\\/de\\\/impressum\\\/\",\"url\":\"https:\\\/\\\/www.atamya.com\\\/de\\\/impressum\\\/\",\"name\":\"Impressum \u2013 ATAMYA GmbH\",\"isPartOf\":{\"@id\":\"https:\\\/\\\/www.atamya.com\\\/de\\\/#website\"},\"datePublished\":\"2024-06-21T10:58:21+00:00\",\"dateModified\":\"2025-05-06T08:29:31+00:00\",\"description\":\"Hier finden Sie die Anschrift und alle Informationen \u00fcber die Verantwortlichen und \u00fcber den Inhalt der ATAMYA Webseite.\",\"breadcrumb\":{\"@id\":\"https:\\\/\\\/www.atamya.com\\\/de\\\/impressum\\\/#breadcrumb\"},\"inLanguage\":\"de\",\"potentialAction\":[{\"@type\":\"ReadAction\",\"target\":[\"https:\\\/\\\/www.atamya.com\\\/de\\\/impressum\\\/\"]}]},{\"@type\":\"BreadcrumbList\",\"@id\":\"https:\\\/\\\/www.atamya.com\\\/de\\\/impressum\\\/#breadcrumb\",\"itemListElement\":[{\"@type\":\"ListItem\",\"position\":1,\"name\":\"Start Page\",\"item\":\"https:\\\/\\\/www.atamya.com\\\/de\\\/\"},{\"@type\":\"ListItem\",\"position\":2,\"name\":\"Impressum\"}]},{\"@type\":\"WebSite\",\"@id\":\"https:\\\/\\\/www.atamya.com\\\/de\\\/#website\",\"url\":\"https:\\\/\\\/www.atamya.com\\\/de\\\/\",\"name\":\"ATAMYA\",\"description\":\"\",\"publisher\":{\"@id\":\"https:\\\/\\\/www.atamya.com\\\/de\\\/#organization\"},\"potentialAction\":[{\"@type\":\"SearchAction\",\"target\":{\"@type\":\"EntryPoint\",\"urlTemplate\":\"https:\\\/\\\/www.atamya.com\\\/de\\\/?s={search_term_string}\"},\"query-input\":{\"@type\":\"PropertyValueSpecification\",\"valueRequired\":true,\"valueName\":\"search_term_string\"}}],\"inLanguage\":\"de\"},{\"@type\":\"Organization\",\"@id\":\"https:\\\/\\\/www.atamya.com\\\/de\\\/#organization\",\"name\":\"ATAMYA\",\"url\":\"https:\\\/\\\/www.atamya.com\\\/de\\\/\",\"logo\":{\"@type\":\"ImageObject\",\"inLanguage\":\"de\",\"@id\":\"https:\\\/\\\/www.atamya.com\\\/de\\\/#\\\/schema\\\/logo\\\/image\\\/\",\"url\":\"https:\\\/\\\/www.atamya.com\\\/wp-content\\\/uploads\\\/2024\\\/06\\\/ATAMYA-Favicon-02.png\",\"contentUrl\":\"https:\\\/\\\/www.atamya.com\\\/wp-content\\\/uploads\\\/2024\\\/06\\\/ATAMYA-Favicon-02.png\",\"width\":512,\"height\":512,\"caption\":\"ATAMYA\"},\"image\":{\"@id\":\"https:\\\/\\\/www.atamya.com\\\/de\\\/#\\\/schema\\\/logo\\\/image\\\/\"}}]}<\/script>\n<!-- \/ Yoast SEO plugin. -->","yoast_head_json":{"title":"Impressum \u2013 ATAMYA GmbH","description":"Hier finden Sie die Anschrift und alle Informationen \u00fcber die Verantwortlichen und \u00fcber den Inhalt der ATAMYA Webseite.","robots":{"index":"index","follow":"follow","max-snippet":"max-snippet:-1","max-image-preview":"max-image-preview:large","max-video-preview":"max-video-preview:-1"},"canonical":"https:\/\/www.atamya.com\/de\/impressum\/","og_locale":"de_DE","og_type":"article","og_title":"Impressum \u2013 ATAMYA GmbH","og_description":"Hier finden Sie die Anschrift und alle Informationen \u00fcber die Verantwortlichen und \u00fcber den Inhalt der ATAMYA Webseite.","og_url":"https:\/\/www.atamya.com\/de\/impressum\/","og_site_name":"ATAMYA","article_modified_time":"2025-05-06T08:29:31+00:00","twitter_card":"summary_large_image","schema":{"@context":"https:\/\/schema.org","@graph":[{"@type":"WebPage","@id":"https:\/\/www.atamya.com\/de\/impressum\/","url":"https:\/\/www.atamya.com\/de\/impressum\/","name":"Impressum \u2013 ATAMYA GmbH","isPartOf":{"@id":"https:\/\/www.atamya.com\/de\/#website"},"datePublished":"2024-06-21T10:58:21+00:00","dateModified":"2025-05-06T08:29:31+00:00","description":"Hier finden Sie die Anschrift und alle Informationen \u00fcber die Verantwortlichen und \u00fcber den Inhalt der ATAMYA Webseite.","breadcrumb":{"@id":"https:\/\/www.atamya.com\/de\/impressum\/#breadcrumb"},"inLanguage":"de","potentialAction":[{"@type":"ReadAction","target":["https:\/\/www.atamya.com\/de\/impressum\/"]}]},{"@type":"BreadcrumbList","@id":"https:\/\/www.atamya.com\/de\/impressum\/#breadcrumb","itemListElement":[{"@type":"ListItem","position":1,"name":"Start Page","item":"https:\/\/www.atamya.com\/de\/"},{"@type":"ListItem","position":2,"name":"Impressum"}]},{"@type":"WebSite","@id":"https:\/\/www.atamya.com\/de\/#website","url":"https:\/\/www.atamya.com\/de\/","name":"ATAMYA","description":"","publisher":{"@id":"https:\/\/www.atamya.com\/de\/#organization"},"potentialAction":[{"@type":"SearchAction","target":{"@type":"EntryPoint","urlTemplate":"https:\/\/www.atamya.com\/de\/?s={search_term_string}"},"query-input":{"@type":"PropertyValueSpecification","valueRequired":true,"valueName":"search_term_string"}}],"inLanguage":"de"},{"@type":"Organization","@id":"https:\/\/www.atamya.com\/de\/#organization","name":"ATAMYA","url":"https:\/\/www.atamya.com\/de\/","logo":{"@type":"ImageObject","inLanguage":"de","@id":"https:\/\/www.atamya.com\/de\/#\/schema\/logo\/image\/","url":"https:\/\/www.atamya.com\/wp-content\/uploads\/2024\/06\/ATAMYA-Favicon-02.png","contentUrl":"https:\/\/www.atamya.com\/wp-content\/uploads\/2024\/06\/ATAMYA-Favicon-02.png","width":512,"height":512,"caption":"ATAMYA"},"image":{"@id":"https:\/\/www.atamya.com\/de\/#\/schema\/logo\/image\/"}}]}},"_links":{"self":[{"href":"https:\/\/www.atamya.com\/de\/wp-json\/wp\/v2\/pages\/910","targetHints":{"allow":["GET"]}}],"collection":[{"href":"https:\/\/www.atamya.com\/de\/wp-json\/wp\/v2\/pages"}],"about":[{"href":"https:\/\/www.atamya.com\/de\/wp-json\/wp\/v2\/types\/page"}],"author":[{"embeddable":true,"href":"https:\/\/www.atamya.com\/de\/wp-json\/wp\/v2\/users\/3"}],"replies":[{"embeddable":true,"href":"https:\/\/www.atamya.com\/de\/wp-json\/wp\/v2\/comments?post=910"}],"version-history":[{"count":14,"href":"https:\/\/www.atamya.com\/de\/wp-json\/wp\/v2\/pages\/910\/revisions"}],"predecessor-version":[{"id":14305,"href":"https:\/\/www.atamya.com\/de\/wp-json\/wp\/v2\/pages\/910\/revisions\/14305"}],"wp:attachment":[{"href":"https:\/\/www.atamya.com\/de\/wp-json\/wp\/v2\/media?parent=910"}],"curies":[{"name":"wp","href":"https:\/\/api.w.org\/{rel}","templated":true}]}}