{"id":7611,"date":"2025-01-28T11:16:45","date_gmt":"2025-01-28T11:16:45","guid":{"rendered":"https:\/\/www.atamya.com\/?page_id=7611"},"modified":"2025-05-21T11:38:03","modified_gmt":"2025-05-21T11:38:03","slug":"internationalisierung","status":"publish","type":"page","link":"https:\/\/www.atamya.com\/de\/use-cases\/internationalisierung\/","title":{"rendered":"Internationalisierung"},"content":{"rendered":"\n<section id=\"m-media-text__container-block_9c426e90ace1d4d0ad52f046e8674434\" class=\"m-media-text__container u-pt-x10 u-pb-x10 u-pt-x20@md u-pb-x20@md u-bgcolor-light-grey-400\" data-aos=\"none\">\n    <div class=\"o-container\">\n        <div class=\"o-grid o-grid--middle\">\n            <article class=\"o-grid__col u-6\/12@sm u-mb-x6 u-mb-x0@sm\">\n                <h1>Erfolgreiche International&shy;isierung mit ATAMYA<\/h1>\n<p>Internationale M\u00e4rkte zu erschlie\u00dfen, ist f\u00fcr viele Unternehmen ein entscheidender Schritt, um das Wachstum voranzutreiben. Je m\u00fcheloser Produktinformationen an verschiedene Sprachen, Kulturen und M\u00e4rkte angepasst werden k\u00f6nnen, desto schneller k\u00f6nnen internationale M\u00e4rkte erfolgreich bedient werden.<\/p>\n<p><a class=\"c-btn c-btn__primary u-mt-x3\" href=\"https:\/\/www.atamya.com\/de\/demo\/\">Demo anfordern<\/a><\/p>\n\n            <\/article>\n            <div class=\"o-grid__col u-6\/12@sm\">\n                <figure class=\"u-full--height u-image--hero u-mh-x12@md u-flex u-jc-center u-ai-center\">\n                    <img decoding=\"async\" src=\"https:\/\/www.atamya.com\/wp-content\/uploads\/2025\/01\/use-case-hero-image-internationalisierung.jpg\" srcset=\"https:\/\/www.atamya.com\/wp-content\/uploads\/2025\/01\/use-case-hero-image-internationalisierung.jpg 720w, https:\/\/www.atamya.com\/wp-content\/uploads\/2025\/01\/use-case-hero-image-internationalisierung-300x250.jpg 300w\" sizes=\"(max-width: 890px) 100vw, 890px\" alt=\"\" class=\"\" \/>\n                <\/figure>\n            <\/div>\n        <\/div>\n    <\/div>\n<\/section>\n\n\n<section id=\"m-text__container-block_f08d875942428601004c2af9d40c9628\" class=\"m-text__container u-pt-x10 u-pb-x10 u-pt-x20@md u-pb-x20@md\">\n    <div class=\"o-container\">\n        <div class=\"o-grid o-grid--center\">\n                <div class=\"o-grid__col u-12\/12@md\" data-aos=\"none\">\n                    <h2>Use Case Internationalisierung<\/h2>\n\n                <\/div>\n        <\/div>\n    <\/div>\n<\/section>\n\n\n<section id=\"m-media-text__container-block_1218ca4a67567080d0d2995921320c1f\" class=\"m-media-text__container u-pt-x10 u-pb-x10 u-pt-x20@md u-pb-x20@md u-bgcolor-light-grey-400\" data-aos=\"none\">\n    <div class=\"o-container\">\n        <div class=\"o-grid o-grid--rev o-grid--middle\">\n            <article class=\"o-grid__col u-6\/12@sm u-mb-x6 u-mb-x0@sm\">\n                <p class=\"h3\">Zentrale Verwaltung<\/p>\n<ul>\n<li><strong>Einheitlicher Datenhub:<\/strong> Alle Produktdaten werden zentral gespeichert, wobei die Trennung von Inhalt und Struktur eine bedeutende Rolle spielt. Dank smartem <a title=\"Blogbeitrag: \u00dcbersetzungs\u00admanagement per Knopfdruck\" href=\"https:\/\/www.atamya.com\/de\/blog\/uebersetzungsmanagement\/\">\u00dcbersetzungsmanagement<\/a> gelingt eine einheitliche Pr\u00e4sentation \u00fcber L\u00e4ndergrenzen hinweg.<\/li>\n<li><strong>Einfache Anpassung:<\/strong> \u00c4nderungen an Produktinformationen k\u00f6nnen schnell und einfach implementiert werden. Internationale Vertriebskan\u00e4le synchronisieren Sie global in Echtzeit auf allen Touchpoints.<\/li>\n<\/ul>\n\n            <\/article>\n            <div class=\"o-grid__col u-6\/12@sm\">\n                <figure class=\"u-full--height u-flex u-jc-center u-ai-center\">\n                    <img decoding=\"async\" src=\"https:\/\/www.atamya.com\/wp-content\/uploads\/2025\/01\/use-case-image-internationalisierung-zentrale-datenverwaltung.png\" srcset=\"https:\/\/www.atamya.com\/wp-content\/uploads\/2025\/01\/use-case-image-internationalisierung-zentrale-datenverwaltung.png 728w, https:\/\/www.atamya.com\/wp-content\/uploads\/2025\/01\/use-case-image-internationalisierung-zentrale-datenverwaltung-300x180.png 300w\" sizes=\"(max-width: 890px) 100vw, 890px\" alt=\"\" class=\"\" \/>\n                <\/figure>\n            <\/div>\n        <\/div>\n    <\/div>\n<\/section>\n\n\n<section id=\"m-media-text__container-block_d2e5adb49c9c0bd77797e520f34a7af0\" class=\"m-media-text__container u-pt-x10 u-pb-x10 u-pt-x20@md u-pb-x20@md \" data-aos=\"none\">\n    <div class=\"o-container\">\n        <div class=\"o-grid o-grid--middle\">\n            <article class=\"o-grid__col u-6\/12@sm u-mb-x6 u-mb-x0@sm\">\n                <p class=\"h3\">Mehrsprachigkeit<\/p>\n<ul>\n<li><strong>Sprachen und Sprachsysteme:<\/strong> Mit ATAMYA k\u00f6nnen Produktinformationen in verschiedenen Sprachen bereitgestellt werden, z.B. Deutsch, Englisch und Griechisch. Die Software unterst\u00fctzt dabei das umfassende UTF-8-Zeichenset, das eine fehlerfreie Darstellung und Verarbeitung aller Schriftzeichen erm\u00f6glicht, unabh\u00e4ngig von der verwendeten Sprache.<\/li>\n<li><strong>Kulturelle Anpassungen:<\/strong> <a title=\"Blogbeitrag: Produkt\u00adbeschreibungen, die verkaufen \u2013 mit smartem Content zu mehr Erfolg\" href=\"https:\/\/www.atamya.com\/de\/blog\/produktbeschreibungen\/\">Produktbeschreibungen<\/a> und Marketingmaterialien k\u00f6nnen leicht an regionale Gegebenheiten angepasst werden: Die ATAMYA KI schreibt Ihnen einen Text gerne auch in \u201eSchwyzerd\u00fctsch\u201c.<\/li>\n<\/ul>\n<p><a class=\"c-btn c-btn__primary u-mt-x3\" href=\"https:\/\/www.atamya.com\/de\/kontaktanfrage-sales\/\">Kontaktieren Sie uns<\/a><\/p>\n\n            <\/article>\n            <div class=\"o-grid__col u-6\/12@sm\">\n                <figure class=\"u-full--height u-flex u-jc-center u-ai-center\">\n                    <img decoding=\"async\" src=\"https:\/\/www.atamya.com\/wp-content\/uploads\/2025\/01\/use-case-image-internationalisierung-mehrsprachigkeit.png\" srcset=\"https:\/\/www.atamya.com\/wp-content\/uploads\/2025\/01\/use-case-image-internationalisierung-mehrsprachigkeit.png 728w, https:\/\/www.atamya.com\/wp-content\/uploads\/2025\/01\/use-case-image-internationalisierung-mehrsprachigkeit-300x180.png 300w\" sizes=\"(max-width: 890px) 100vw, 890px\" alt=\"\" class=\"\" \/>\n                <\/figure>\n            <\/div>\n        <\/div>\n    <\/div>\n<\/section>\n\n\n<section id=\"m-media-text__container-block_8d406ba680309d6c98d01e0365efe00a\" class=\"m-media-text__container u-pt-x10 u-pb-x10 u-pt-x20@md u-pb-x20@md u-bgcolor-light-grey-400\" data-aos=\"none\">\n    <div class=\"o-container\">\n        <div class=\"o-grid o-grid--rev o-grid--middle\">\n            <article class=\"o-grid__col u-6\/12@sm u-mb-x6 u-mb-x0@sm\">\n                <p class=\"h3\">Lokale Compliance und Standards<\/p>\n<ul>\n<li><strong>Rechtssicherheit, Vertrauen und Marktzugang:<\/strong> Die Einhaltung internationaler, nationaler und regionaler Standards und gesetzlicher Vorschriften ist essenziell. Das ATAMYA Datenmodell unterst\u00fctzt Sie dabei, auch spezifische Anforderungen im internationalen Markt zu erf\u00fcllen, beispielsweise Anforderungen des <a title=\"Der digitale Produktpass: Warum Unternehmen jetzt handeln m\u00fcssen\" href=\"https:\/\/www.atamya.com\/de\/blog\/digitaler-produktpass\/\">Digitalen Produktpasses<\/a> umzusetzen.<\/li>\n<li><strong>Regionale Informationen:<\/strong> Auch kontextbasierte regionale Informationen sind \u00fcber das Datenmodell einfach abzubilden. Integrieren Sie beispielsweise Garantiebedingungen, Datenbl\u00e4tter oder gesetzliche Hinweise genau da, wo sie ben\u00f6tigt werden.<\/li>\n<\/ul>\n\n            <\/article>\n            <div class=\"o-grid__col u-6\/12@sm\">\n                <figure class=\"u-full--height u-flex u-jc-center u-ai-center\">\n                    <img decoding=\"async\" src=\"https:\/\/www.atamya.com\/wp-content\/uploads\/2025\/01\/use-case-image-internationalisierung-lokale-compliance-standards.png\" srcset=\"https:\/\/www.atamya.com\/wp-content\/uploads\/2025\/01\/use-case-image-internationalisierung-lokale-compliance-standards.png 728w, https:\/\/www.atamya.com\/wp-content\/uploads\/2025\/01\/use-case-image-internationalisierung-lokale-compliance-standards-300x180.png 300w\" sizes=\"(max-width: 890px) 100vw, 890px\" alt=\"\" class=\"\" \/>\n                <\/figure>\n            <\/div>\n        <\/div>\n    <\/div>\n<\/section>\n\n\n<section id=\"m-media-text__container-block_1faf60968264511d736089933132a212\" class=\"m-media-text__container u-pt-x10 u-pb-x10 u-pt-x20@md u-pb-x20@md \" data-aos=\"none\">\n    <div class=\"o-container\">\n        <div class=\"o-grid o-grid--middle\">\n            <article class=\"o-grid__col u-6\/12@sm u-mb-x6 u-mb-x0@sm\">\n                <p class=\"h3\">Effizienz in der Markteinf\u00fchrung<\/p>\n<ul>\n<li><strong>Schnelle Produkteinf\u00fchrung:<\/strong> ATAMYA verk\u00fcrzt die Time to Market, weil Produktdaten leicht verwaltet und aktualisiert werden k\u00f6nnen. Mehrsprachige <a title=\"Blogbeitrag: 3 gute Gr\u00fcnde f\u00fcr ein strukturiertes Produktdaten\u00admodell\" href=\"https:\/\/www.atamya.com\/de\/blog\/produktdatenmodell\/\">Datenmodelle<\/a> und standardisierte Shop Konnektoren machen die Einf\u00fchrung Ihrer Produkte noch schneller.<\/li>\n<li><strong>Automatisierung:<\/strong> Besonders unsere automatisierten Workflows z\u00fcnden den Turbo. Jeder Schritt zur korrekten lokalen Auspr\u00e4gung der Produktinformationen wird effizient umgesetzt.<\/li>\n<\/ul>\n<p><a class=\"c-btn c-btn__primary u-mt-x3\" href=\"https:\/\/www.atamya.com\/de\/demo\/\">Demo anfordern<\/a><\/p>\n\n            <\/article>\n            <div class=\"o-grid__col u-6\/12@sm\">\n                <figure class=\"u-full--height u-flex u-jc-center u-ai-center\">\n                    <img decoding=\"async\" src=\"https:\/\/www.atamya.com\/wp-content\/uploads\/2025\/01\/use-case-image-internationalisierung-effizienz-markteinfuehrung.png\" srcset=\"https:\/\/www.atamya.com\/wp-content\/uploads\/2025\/01\/use-case-image-internationalisierung-effizienz-markteinfuehrung.png 728w, https:\/\/www.atamya.com\/wp-content\/uploads\/2025\/01\/use-case-image-internationalisierung-effizienz-markteinfuehrung-300x180.png 300w\" sizes=\"(max-width: 890px) 100vw, 890px\" alt=\"\" class=\"\" \/>\n                <\/figure>\n            <\/div>\n        <\/div>\n    <\/div>\n<\/section>\n\n\n<section id=\"m-media-text__container-block_bb85ad8455f670d07df024c6b81fb922\" class=\"m-media-text__container u-pt-x10 u-pb-x10 u-pt-x20@md u-pb-x20@md u-bgcolor-light-grey-400\" data-aos=\"none\">\n    <div class=\"o-container\">\n        <div class=\"o-grid o-grid--rev o-grid--middle\">\n            <article class=\"o-grid__col u-6\/12@sm u-mb-x6 u-mb-x0@sm\">\n                <p class=\"h3\">Datenanalyse und Optimierung<\/p>\n<ul>\n<li><strong>\u00dcberwachung der Marktperformance:<\/strong> Eine Analyse der Produktperformance auf internationalen M\u00e4rkten hilft dabei, Strategien zur Marktanpassung zu entwickeln. Binden Sie beispielsweise GA4 (Google Analytics) ein und sehen Sie Ihre KPI direkt an der Produktinformation.<\/li>\n<li><strong>Kundenfeedback analysieren:<\/strong> Regionale Meinungen und Pr\u00e4ferenzen flie\u00dfen in die Strategien zur Marktanpassung ein. Auch hier liefern GA4 Daten die perfekte Basis f\u00fcr Entscheidungen. Ebenso ist die Anbindung weiterer Analyse-Tools dank API-First Ansatz einfach m\u00f6glich.<\/li>\n<\/ul>\n\n            <\/article>\n            <div class=\"o-grid__col u-6\/12@sm\">\n                <figure class=\"u-full--height u-flex u-jc-center u-ai-center\">\n                    <img decoding=\"async\" src=\"https:\/\/www.atamya.com\/wp-content\/uploads\/2025\/01\/use-case-image-internationalisierung-datenanalyse-optimierung.png\" srcset=\"https:\/\/www.atamya.com\/wp-content\/uploads\/2025\/01\/use-case-image-internationalisierung-datenanalyse-optimierung.png 640w, https:\/\/www.atamya.com\/wp-content\/uploads\/2025\/01\/use-case-image-internationalisierung-datenanalyse-optimierung-300x205.png 300w\" sizes=\"(max-width: 890px) 100vw, 890px\" alt=\"\" class=\"\" \/>\n                <\/figure>\n            <\/div>\n        <\/div>\n    <\/div>\n<\/section>\n\n\n<section id=\"m-headline__container-block_efc360a56ff8d1761536f546a55377f8\" class=\"m-headline__container u-pt-x10 u-pb-x0 u-pt-x20@md u-pb-x0@md\">\n    <div class=\"o-container\">\n        <div class=\"o-grid\">\n            <div class=\"o-grid__col u-12\/12@md\" data-aos=\"none\"><h2>Grenzenlose M\u00f6glichkeiten durch smarte Prozesse<\/h2><\/div>\n        <\/div>\n    <\/div>\n<\/section>\n\n\n    <section id=\"m-teaser__container-block_1477a9815c04d9cb152ac8cede83b53f\" class=\"m-teaser__container u-pt-x0 u-pb-x15 u-pt-x0@md u-pb-x30@md\">\n        <div class=\"o-container\">\n            <div class=\"o-grid o-grid--equal-height\">\n                    <div class=\"o-grid__col u-jc-center u-mv-x5 u-mv-x10@sm u-4\/12@sm\" data-aos=\"none\">\n                    \n                        <figure class=\"u-relative u-block u-full--width\">\n                            <img decoding=\"async\" src=\"https:\/\/www.atamya.com\/wp-content\/uploads\/2025\/01\/website-icon-customization-teal.svg\" alt=\"\" class=\"\" \/>\n                            <figcaption class=\"u-mt-x3 u-mt-x6@sm\"><h5>Einfache Anpassung<\/h5>\n<p>ATAMYA erm\u00f6glicht die zentrale Verwaltung von Produktdaten und bietet flexible Konfigurationsoptionen, um diese an die spezifischen Anforderungen verschiedener M\u00e4rkte und Zielgruppen anzupassen.<\/p>\n<\/figcaption>\n                        <\/figure>\n                    <\/div>\n                    <div class=\"o-grid__col u-jc-center u-mv-x5 u-mv-x10@sm u-4\/12@sm\" data-aos=\"none\">\n                    \n                        <figure class=\"u-relative u-block u-full--width\">\n                            <img decoding=\"async\" src=\"https:\/\/www.atamya.com\/wp-content\/uploads\/2025\/01\/website-icon-translation-blue.svg\" alt=\"\" class=\"\" \/>\n                            <figcaption class=\"u-mt-x3 u-mt-x6@sm\"><h5>Effiziente \u00dcbersetzung<\/h5>\n<p>Mit integrierten \u00dcbersetzungsmanagement-Funktionen und der M\u00f6glichkeit, externe \u00dcbersetzungsdienste anzubinden, wird die schnelle und konsistente Erstellung mehrsprachiger Produktinformationen unterst\u00fctzt.<\/p>\n<\/figcaption>\n                        <\/figure>\n                    <\/div>\n                    <div class=\"o-grid__col u-jc-center u-mv-x5 u-mv-x10@sm u-4\/12@sm\" data-aos=\"none\">\n                    \n                        <figure class=\"u-relative u-block u-full--width\">\n                            <img decoding=\"async\" src=\"https:\/\/www.atamya.com\/wp-content\/uploads\/2025\/01\/website-icon-international-2-yellow.svg\" alt=\"\" class=\"\" \/>\n                            <figcaption class=\"u-mt-x3 u-mt-x6@sm\"><h5>Regionale Informationen<\/h5>\n<p>Durch die Zuordnung und Verwaltung regional spezifischer Daten, wie Ma\u00dfeinheiten oder l\u00e4nderspezifische Vorschriften, wird eine pr\u00e4zise und regelkonforme Pr\u00e4sentation von Produkten in verschiedenen M\u00e4rkten erm\u00f6glicht.<\/p>\n<\/figcaption>\n                        <\/figure>\n                    <\/div>\n            <\/div>\n        <\/div>\n    <\/section><script>\njQuery(document).ready(function($) {\n    $('.c-btn__filter').unbind('click').on('click', function(e) {\n        e.preventDefault();\n        var teaserWrapper = $(this).closest('.m-teaser__container');\n        teaserWrapper.find('.c-btn__filter').removeClass('c-btn__filter--active');\n        $(this).addClass('c-btn__filter--active');\n\n        $.ajax({\n                type: 'POST',\n                url: '\/wp-admin\/admin-ajax.php',\n                dataType: 'html',\n                data: {\n                    action: 'filter_posts',\n                    category: $(this).data('slug'),\n                    taxonomy: teaserWrapper.data('taxonomy'),\n                    postType: teaserWrapper.data('post-type'),\n                    grid: teaserWrapper.data('grid'),\n                    animation: teaserWrapper.data('animation'),\n                    type: teaserWrapper.data('type'),\n                    order: teaserWrapper.data('order'),\n                    orderby: teaserWrapper.data('orderby'),\n                    center: teaserWrapper.data('center'),\n                    partner: teaserWrapper.data('partner')\n                },\n            success: function(res) {\n                teaserWrapper.find('.ajax-container').html(res).hide().fadeIn();\n            }\n        })\n    });\n});\n<\/script>\n\n\n\n<section id=\"m-media-text__container-block_38d5ce237b1fdb8f3f63e939c6c189b7\" class=\"m-media-text__container u-pt-x10 u-pb-x10 u-pt-x20@md u-pb-x20@md u-bgcolor-sunshine-yellow\" data-aos=\"none\">\n    <div class=\"o-container\"><div class=\"o-grid o-grid--middle\">\n            <article class=\"o-grid__col u-7\/12@sm u-7\/12@lg u-mb-x6 u-mb-x0@sm\">\n                <p class=\"h3\">Erfolgreich internationalisieren dank ATAMYA<\/p>\n<p>Ein leistungsstarkes PIM-System ist unverzichtbar f\u00fcr Unternehmen mit internationalen Ambitionen. Setzen Sie auf ATAMYA, um Ihre Internationalisierungsstrategie erfolgreich umzusetzen!<\/p>\n<p><a class=\"c-btn c-btn__primary u-mt-x3\" href=\"https:\/\/www.atamya.com\/de\/expertenaustausch\/\">Beratung anfordern<\/a><\/p>\n\n            <\/article>\n            <div class=\"o-grid__col u-5\/12@sm u-4\/12@lg u-push-1\/12@lg\"><img decoding=\"async\" src=\"https:\/\/www.atamya.com\/wp-content\/uploads\/2025\/01\/cta-image-contact-yellow-man.png\" srcset=\"https:\/\/www.atamya.com\/wp-content\/uploads\/2025\/01\/cta-image-contact-yellow-man.png 720w, https:\/\/www.atamya.com\/wp-content\/uploads\/2025\/01\/cta-image-contact-yellow-man-300x258.png 300w\" sizes=\"(max-width: 640px) 100vw, 640px\" alt=\"\" class=\"\" \/><\/div>\n        <\/div><\/div>\n<\/section>\n\n\n<section id=\"m-hero__container-block_43faacf61aa8a7a78995d1e70fa8c8bf\" class=\"m-hero__container u-hidden u-relative\">\n    <div class=\"o-grid o-grid--no-gutter\"><img decoding=\"async\" src=\"\" alt=\"\" class=\"u-absolute@sm u-image--cover\" \/>\n        <div class=\"o-container u-full--width\">\n            <div class=\"o-grid\">\n                <div class=\"o-grid__col u-7\/12@md u-6\/12@xl u-pt-x10 u-pb-x10 u-pt-x20@md u-pb-x20@md u-relative\">\n                        <article class=\"u-overlay__hero u-p-x6@sm\"><p class=\"h3\">Erfolgreich internationalisieren dank ATAMYA<\/p>\n<p>Ein leistungsstarkes PIM-System ist unverzichtbar f\u00fcr Unternehmen mit internationalen Ambitionen. Setzen Sie auf ATAMYA, um Ihre Internationalisierungsstrategie erfolgreich umzusetzen!<\/p>\n<a href=\"https:\/\/www.atamya.com\/de\/expertenaustausch\/\" class=\"c-btn c-btn__primary c-btn--large\">Beratung anfordern <\/a>\n                    <\/article>\n                <\/div>\n            <\/div>\n        <\/div>\n    <\/div>\n<\/section>","protected":false},"excerpt":{"rendered":"","protected":false},"author":3,"featured_media":0,"parent":928,"menu_order":30,"comment_status":"closed","ping_status":"closed","template":"","meta":{"_acf_changed":false,"footnotes":""},"class_list":["post-7611","page","type-page","status-publish","hentry"],"acf":[],"yoast_head":"<!-- This site is optimized with the Yoast SEO plugin v27.4 - https:\/\/yoast.com\/product\/yoast-seo-wordpress\/ -->\n<title>Erfolgreiche Internationalisierung mit ATAMYA<\/title>\n<meta name=\"description\" content=\"Ein leistungsstarkes PIM-System wie ATAMYA ist unverzichtbar f\u00fcr Unternehmen mit internationalen Ambitionen. Jetzt informieren!\" \/>\n<meta name=\"robots\" content=\"index, follow, max-snippet:-1, max-image-preview:large, max-video-preview:-1\" \/>\n<link rel=\"canonical\" href=\"https:\/\/www.atamya.com\/de\/use-cases\/internationalisierung\/\" \/>\n<meta property=\"og:locale\" content=\"de_DE\" \/>\n<meta property=\"og:type\" content=\"article\" \/>\n<meta property=\"og:title\" content=\"Erfolgreiche Internationalisierung mit ATAMYA\" \/>\n<meta property=\"og:description\" content=\"Ein leistungsstarkes PIM-System wie ATAMYA ist unverzichtbar f\u00fcr Unternehmen mit internationalen Ambitionen. Jetzt informieren!\" \/>\n<meta property=\"og:url\" content=\"https:\/\/www.atamya.com\/de\/use-cases\/internationalisierung\/\" \/>\n<meta property=\"og:site_name\" content=\"ATAMYA\" \/>\n<meta property=\"article:modified_time\" content=\"2025-05-21T11:38:03+00:00\" \/>\n<meta name=\"twitter:card\" content=\"summary_large_image\" \/>\n<script type=\"application\/ld+json\" class=\"yoast-schema-graph\">{\"@context\":\"https:\\\/\\\/schema.org\",\"@graph\":[{\"@type\":\"WebPage\",\"@id\":\"https:\\\/\\\/www.atamya.com\\\/de\\\/use-cases\\\/internationalisierung\\\/\",\"url\":\"https:\\\/\\\/www.atamya.com\\\/de\\\/use-cases\\\/internationalisierung\\\/\",\"name\":\"Erfolgreiche Internationalisierung mit ATAMYA\",\"isPartOf\":{\"@id\":\"https:\\\/\\\/www.atamya.com\\\/de\\\/#website\"},\"datePublished\":\"2025-01-28T11:16:45+00:00\",\"dateModified\":\"2025-05-21T11:38:03+00:00\",\"description\":\"Ein leistungsstarkes PIM-System wie ATAMYA ist unverzichtbar f\u00fcr Unternehmen mit internationalen Ambitionen. Jetzt informieren!\",\"breadcrumb\":{\"@id\":\"https:\\\/\\\/www.atamya.com\\\/de\\\/use-cases\\\/internationalisierung\\\/#breadcrumb\"},\"inLanguage\":\"de\",\"potentialAction\":[{\"@type\":\"ReadAction\",\"target\":[\"https:\\\/\\\/www.atamya.com\\\/de\\\/use-cases\\\/internationalisierung\\\/\"]}]},{\"@type\":\"BreadcrumbList\",\"@id\":\"https:\\\/\\\/www.atamya.com\\\/de\\\/use-cases\\\/internationalisierung\\\/#breadcrumb\",\"itemListElement\":[{\"@type\":\"ListItem\",\"position\":1,\"name\":\"Start Page\",\"item\":\"https:\\\/\\\/www.atamya.com\\\/de\\\/\"},{\"@type\":\"ListItem\",\"position\":2,\"name\":\"Use Cases\",\"item\":\"https:\\\/\\\/www.atamya.com\\\/de\\\/use-cases\\\/\"},{\"@type\":\"ListItem\",\"position\":3,\"name\":\"Internationalisierung\"}]},{\"@type\":\"WebSite\",\"@id\":\"https:\\\/\\\/www.atamya.com\\\/de\\\/#website\",\"url\":\"https:\\\/\\\/www.atamya.com\\\/de\\\/\",\"name\":\"ATAMYA\",\"description\":\"\",\"publisher\":{\"@id\":\"https:\\\/\\\/www.atamya.com\\\/de\\\/#organization\"},\"potentialAction\":[{\"@type\":\"SearchAction\",\"target\":{\"@type\":\"EntryPoint\",\"urlTemplate\":\"https:\\\/\\\/www.atamya.com\\\/de\\\/?s={search_term_string}\"},\"query-input\":{\"@type\":\"PropertyValueSpecification\",\"valueRequired\":true,\"valueName\":\"search_term_string\"}}],\"inLanguage\":\"de\"},{\"@type\":\"Organization\",\"@id\":\"https:\\\/\\\/www.atamya.com\\\/de\\\/#organization\",\"name\":\"ATAMYA\",\"url\":\"https:\\\/\\\/www.atamya.com\\\/de\\\/\",\"logo\":{\"@type\":\"ImageObject\",\"inLanguage\":\"de\",\"@id\":\"https:\\\/\\\/www.atamya.com\\\/de\\\/#\\\/schema\\\/logo\\\/image\\\/\",\"url\":\"https:\\\/\\\/www.atamya.com\\\/wp-content\\\/uploads\\\/2024\\\/06\\\/ATAMYA-Favicon-02.png\",\"contentUrl\":\"https:\\\/\\\/www.atamya.com\\\/wp-content\\\/uploads\\\/2024\\\/06\\\/ATAMYA-Favicon-02.png\",\"width\":512,\"height\":512,\"caption\":\"ATAMYA\"},\"image\":{\"@id\":\"https:\\\/\\\/www.atamya.com\\\/de\\\/#\\\/schema\\\/logo\\\/image\\\/\"}}]}<\/script>\n<!-- \/ Yoast SEO plugin. -->","yoast_head_json":{"title":"Erfolgreiche Internationalisierung mit ATAMYA","description":"Ein leistungsstarkes PIM-System wie ATAMYA ist unverzichtbar f\u00fcr Unternehmen mit internationalen Ambitionen. Jetzt informieren!","robots":{"index":"index","follow":"follow","max-snippet":"max-snippet:-1","max-image-preview":"max-image-preview:large","max-video-preview":"max-video-preview:-1"},"canonical":"https:\/\/www.atamya.com\/de\/use-cases\/internationalisierung\/","og_locale":"de_DE","og_type":"article","og_title":"Erfolgreiche Internationalisierung mit ATAMYA","og_description":"Ein leistungsstarkes PIM-System wie ATAMYA ist unverzichtbar f\u00fcr Unternehmen mit internationalen Ambitionen. Jetzt informieren!","og_url":"https:\/\/www.atamya.com\/de\/use-cases\/internationalisierung\/","og_site_name":"ATAMYA","article_modified_time":"2025-05-21T11:38:03+00:00","twitter_card":"summary_large_image","schema":{"@context":"https:\/\/schema.org","@graph":[{"@type":"WebPage","@id":"https:\/\/www.atamya.com\/de\/use-cases\/internationalisierung\/","url":"https:\/\/www.atamya.com\/de\/use-cases\/internationalisierung\/","name":"Erfolgreiche Internationalisierung mit ATAMYA","isPartOf":{"@id":"https:\/\/www.atamya.com\/de\/#website"},"datePublished":"2025-01-28T11:16:45+00:00","dateModified":"2025-05-21T11:38:03+00:00","description":"Ein leistungsstarkes PIM-System wie ATAMYA ist unverzichtbar f\u00fcr Unternehmen mit internationalen Ambitionen. Jetzt informieren!","breadcrumb":{"@id":"https:\/\/www.atamya.com\/de\/use-cases\/internationalisierung\/#breadcrumb"},"inLanguage":"de","potentialAction":[{"@type":"ReadAction","target":["https:\/\/www.atamya.com\/de\/use-cases\/internationalisierung\/"]}]},{"@type":"BreadcrumbList","@id":"https:\/\/www.atamya.com\/de\/use-cases\/internationalisierung\/#breadcrumb","itemListElement":[{"@type":"ListItem","position":1,"name":"Start Page","item":"https:\/\/www.atamya.com\/de\/"},{"@type":"ListItem","position":2,"name":"Use Cases","item":"https:\/\/www.atamya.com\/de\/use-cases\/"},{"@type":"ListItem","position":3,"name":"Internationalisierung"}]},{"@type":"WebSite","@id":"https:\/\/www.atamya.com\/de\/#website","url":"https:\/\/www.atamya.com\/de\/","name":"ATAMYA","description":"","publisher":{"@id":"https:\/\/www.atamya.com\/de\/#organization"},"potentialAction":[{"@type":"SearchAction","target":{"@type":"EntryPoint","urlTemplate":"https:\/\/www.atamya.com\/de\/?s={search_term_string}"},"query-input":{"@type":"PropertyValueSpecification","valueRequired":true,"valueName":"search_term_string"}}],"inLanguage":"de"},{"@type":"Organization","@id":"https:\/\/www.atamya.com\/de\/#organization","name":"ATAMYA","url":"https:\/\/www.atamya.com\/de\/","logo":{"@type":"ImageObject","inLanguage":"de","@id":"https:\/\/www.atamya.com\/de\/#\/schema\/logo\/image\/","url":"https:\/\/www.atamya.com\/wp-content\/uploads\/2024\/06\/ATAMYA-Favicon-02.png","contentUrl":"https:\/\/www.atamya.com\/wp-content\/uploads\/2024\/06\/ATAMYA-Favicon-02.png","width":512,"height":512,"caption":"ATAMYA"},"image":{"@id":"https:\/\/www.atamya.com\/de\/#\/schema\/logo\/image\/"}}]}},"_links":{"self":[{"href":"https:\/\/www.atamya.com\/de\/wp-json\/wp\/v2\/pages\/7611","targetHints":{"allow":["GET"]}}],"collection":[{"href":"https:\/\/www.atamya.com\/de\/wp-json\/wp\/v2\/pages"}],"about":[{"href":"https:\/\/www.atamya.com\/de\/wp-json\/wp\/v2\/types\/page"}],"author":[{"embeddable":true,"href":"https:\/\/www.atamya.com\/de\/wp-json\/wp\/v2\/users\/3"}],"replies":[{"embeddable":true,"href":"https:\/\/www.atamya.com\/de\/wp-json\/wp\/v2\/comments?post=7611"}],"version-history":[{"count":43,"href":"https:\/\/www.atamya.com\/de\/wp-json\/wp\/v2\/pages\/7611\/revisions"}],"predecessor-version":[{"id":14534,"href":"https:\/\/www.atamya.com\/de\/wp-json\/wp\/v2\/pages\/7611\/revisions\/14534"}],"up":[{"embeddable":true,"href":"https:\/\/www.atamya.com\/de\/wp-json\/wp\/v2\/pages\/928"}],"wp:attachment":[{"href":"https:\/\/www.atamya.com\/de\/wp-json\/wp\/v2\/media?parent=7611"}],"curies":[{"name":"wp","href":"https:\/\/api.w.org\/{rel}","templated":true}]}}