{"id":7607,"date":"2025-01-28T11:16:51","date_gmt":"2025-01-28T11:16:51","guid":{"rendered":"https:\/\/www.atamya.com\/?page_id=7607"},"modified":"2025-04-14T11:33:22","modified_gmt":"2025-04-14T11:33:22","slug":"composable-commerce","status":"publish","type":"page","link":"https:\/\/www.atamya.com\/de\/use-cases\/composable-commerce\/","title":{"rendered":"Composable Commerce"},"content":{"rendered":"\n<section id=\"m-media-text__container-block_b5accd42b45111a8c38ff82d6af5fd36\" class=\"m-media-text__container u-pt-x10 u-pb-x10 u-pt-x20@md u-pb-x20@md u-bgcolor-light-grey-400\" data-aos=\"none\">\n    <div class=\"o-container\">\n        <div class=\"o-grid o-grid--middle\">\n            <article class=\"o-grid__col u-6\/12@sm u-mb-x6 u-mb-x0@sm\">\n                <h1>Agil und zukunftssicher im Composable Commerce<\/h1>\n<p>Geschwindigkeit, Flexibilit\u00e4t und Skalierbarkeit sind im Composable Commerce die Schl\u00fcssel zum Erfolg. Unternehmen stellen ihre Technologielandschaft aus verschiedenen modularen und kompatiblen Komponenten zusammen. So haben sie die M\u00f6glichkeit, ma\u00dfgeschneiderte L\u00f6sungen zu schaffen und alle Anforderungen an Composable Commerce zu erf\u00fcllen.<\/p>\n<p><a class=\"c-btn c-btn__primary u-mt-x3\" href=\"https:\/\/www.atamya.com\/de\/demo\/\">Demo anfordern<\/a><\/p>\n\n            <\/article>\n            <div class=\"o-grid__col u-6\/12@sm\">\n                <figure class=\"u-full--height u-image--hero u-mh-x12@md u-flex u-jc-center u-ai-center\">\n                    <img decoding=\"async\" src=\"https:\/\/www.atamya.com\/wp-content\/uploads\/2025\/01\/use-case-hero-image-composable-commerce.jpg\" srcset=\"https:\/\/www.atamya.com\/wp-content\/uploads\/2025\/01\/use-case-hero-image-composable-commerce.jpg 720w, https:\/\/www.atamya.com\/wp-content\/uploads\/2025\/01\/use-case-hero-image-composable-commerce-300x250.jpg 300w\" sizes=\"(max-width: 890px) 100vw, 890px\" alt=\"\" class=\"\" \/>\n                <\/figure>\n            <\/div>\n        <\/div>\n    <\/div>\n<\/section>\n\n\n<section id=\"m-text__container-block_6bd8aeb712dd54ba352cfd2efcdc6022\" class=\"m-text__container u-pt-x10 u-pb-x10 u-pt-x20@md u-pb-x20@md\">\n    <div class=\"o-container\">\n        <div class=\"o-grid o-grid--center\">\n                <div class=\"o-grid__col u-12\/12@md\" data-aos=\"none\">\n                    <h2>Use Case Composable Commerce<\/h2>\n\n                <\/div>\n        <\/div>\n    <\/div>\n<\/section>\n\n\n<section id=\"m-media-text__container-block_dfe207cdab8ac1252dcb3d99fb5839dc\" class=\"m-media-text__container u-pt-x10 u-pb-x10 u-pt-x20@md u-pb-x20@md u-bgcolor-light-grey-400\" data-aos=\"none\">\n    <div class=\"o-container\">\n        <div class=\"o-grid o-grid--rev o-grid--middle\">\n            <article class=\"o-grid__col u-6\/12@sm u-mb-x6 u-mb-x0@sm\">\n                <p class=\"h3\">Zentrale Datenquelle<\/p>\n<ul>\n<li><strong>Einheitlichkeit der Produktinformationen:<\/strong> Eine zentrale Datenquelle (Single Source of Truth) gew\u00e4hrleistet konsistente Produktdaten. Alle Teams und Systeme arbeiten stets mit denselben, aktuellen Informationen.<\/li>\n<li><strong>Einfache Aktualisierungen:<\/strong> \u00c4nderungen an Produktinformationen werden nur einmal eingepflegt und auf Wunsch automatisch an alle Touchpoints verteilt sowie in s\u00e4mtlichen Sprach- und Variantenoptionen synchronisiert.<\/li>\n<\/ul>\n\n            <\/article>\n            <div class=\"o-grid__col u-6\/12@sm\">\n                <figure class=\"u-full--height u-flex u-jc-center u-ai-center\">\n                    <img decoding=\"async\" src=\"https:\/\/www.atamya.com\/wp-content\/uploads\/2025\/01\/use-case-image-composable-commerce-zentrale-datenquelle.png\" srcset=\"https:\/\/www.atamya.com\/wp-content\/uploads\/2025\/01\/use-case-image-composable-commerce-zentrale-datenquelle.png 728w, https:\/\/www.atamya.com\/wp-content\/uploads\/2025\/01\/use-case-image-composable-commerce-zentrale-datenquelle-300x180.png 300w\" sizes=\"(max-width: 890px) 100vw, 890px\" alt=\"\" class=\"\" \/>\n                <\/figure>\n            <\/div>\n        <\/div>\n    <\/div>\n<\/section>\n\n\n<section id=\"m-media-text__container-block_d672b7db56110988c1b0c75919e9106f\" class=\"m-media-text__container u-pt-x10 u-pb-x10 u-pt-x20@md u-pb-x20@md \" data-aos=\"none\">\n    <div class=\"o-container\">\n        <div class=\"o-grid o-grid--middle\">\n            <article class=\"o-grid__col u-6\/12@sm u-mb-x6 u-mb-x0@sm\">\n                <p class=\"h3\">Zeit- und Ressourcenschonung<\/p>\n<ul>\n<li><strong>Automatisierung von Prozessen:<\/strong> Sich wiederholende Aufgaben wie das Erstellen und Aktualisieren von bestimmten Produktinformationen werden automatisiert. Intelligentes Workflow-Management (gem. BPMN) reduziert manuelle Aufw\u00e4nde deutlich.<\/li>\n<li><strong>Schnellere Markteinf\u00fchrung:<\/strong> Standardisierte und vorformatierte Produktdaten vereinfachen z.B. Datenimporte. Neue Produkte sind dank innovativer Konnektoren, Plausibilit\u00e4tspr\u00fcfung und Dublettenerkennung schneller im Markt.<\/li>\n<\/ul>\n<p><a class=\"c-btn c-btn__primary u-mt-x3\" href=\"https:\/\/www.atamya.com\/de\/kontaktanfrage-sales\/\">Kontaktieren Sie uns<\/a><\/p>\n\n            <\/article>\n            <div class=\"o-grid__col u-6\/12@sm\">\n                <figure class=\"u-full--height u-flex u-jc-center u-ai-center\">\n                    <img decoding=\"async\" src=\"https:\/\/www.atamya.com\/wp-content\/uploads\/2025\/01\/use-case-image-composable-commerce-zeit-ressourcenschonung.png\" srcset=\"https:\/\/www.atamya.com\/wp-content\/uploads\/2025\/01\/use-case-image-composable-commerce-zeit-ressourcenschonung.png 728w, https:\/\/www.atamya.com\/wp-content\/uploads\/2025\/01\/use-case-image-composable-commerce-zeit-ressourcenschonung-300x180.png 300w\" sizes=\"(max-width: 890px) 100vw, 890px\" alt=\"\" class=\"\" \/>\n                <\/figure>\n            <\/div>\n        <\/div>\n    <\/div>\n<\/section>\n\n\n<section id=\"m-media-text__container-block_53892e3d16e5249f1cd6fe2782feca44\" class=\"m-media-text__container u-pt-x10 u-pb-x10 u-pt-x20@md u-pb-x20@md u-bgcolor-light-grey-400\" data-aos=\"none\">\n    <div class=\"o-container\">\n        <div class=\"o-grid o-grid--rev o-grid--middle\">\n            <article class=\"o-grid__col u-6\/12@sm u-mb-x6 u-mb-x0@sm\">\n                <p class=\"h3\">Verbesserung der Kundenbindung<\/p>\n<ul>\n<li><strong>Konsistente Kundenerfahrung:<\/strong> Konsistente Produktinformationen schaffen ein nahtloses Einkaufserlebnis an allen Touchpoints. Das schafft Vertrauen und steht f\u00fcr Verl\u00e4sslichkeit und Qualit\u00e4t.<\/li>\n<li><strong>Personalisiertes Einkaufserlebnis:<\/strong> Dank des Zusammenspiels unterschiedlicher Tools wie PIM, <a title=\"Blogbeitrag: So optimieren Sie Ihren Vertriebserfolg mit CPQ\" href=\"https:\/\/www.atamya.com\/de\/blog\/cpq\/\">CPQ<\/a> und Online-Shop, erschaffen Sie detaillierte Informationen und interaktive Elemente, die den Entscheidungsprozess der Verbraucher unterst\u00fctzen und den Verkauf f\u00f6rdern.<\/li>\n<\/ul>\n\n            <\/article>\n            <div class=\"o-grid__col u-6\/12@sm\">\n                <figure class=\"u-full--height u-flex u-jc-center u-ai-center\">\n                    <img decoding=\"async\" src=\"https:\/\/www.atamya.com\/wp-content\/uploads\/2025\/01\/use-case-image-composable-commerce-verbesserung-kundenbindung.png\" srcset=\"https:\/\/www.atamya.com\/wp-content\/uploads\/2025\/01\/use-case-image-composable-commerce-verbesserung-kundenbindung.png 728w, https:\/\/www.atamya.com\/wp-content\/uploads\/2025\/01\/use-case-image-composable-commerce-verbesserung-kundenbindung-300x180.png 300w\" sizes=\"(max-width: 890px) 100vw, 890px\" alt=\"\" class=\"\" \/>\n                <\/figure>\n            <\/div>\n        <\/div>\n    <\/div>\n<\/section>\n\n\n<section id=\"m-media-text__container-block_153e510b96ace6e993ece8f61fe7913a\" class=\"m-media-text__container u-pt-x10 u-pb-x10 u-pt-x20@md u-pb-x20@md \" data-aos=\"none\">\n    <div class=\"o-container\">\n        <div class=\"o-grid o-grid--middle\">\n            <article class=\"o-grid__col u-6\/12@sm u-mb-x6 u-mb-x0@sm\">\n                <p class=\"h3\">Effektive Systemlandschaft<\/p>\n<ul>\n<li><strong>Einfache Anbindung:<\/strong> Dank des API-First Ansatzes von ATAMYA, sowie speziell entwickelter Konnektoren lassen sich Drittsysteme wie <a title=\"PIM und ERP: Die Traum-Kombi f\u00fcr reibungslose Prozesse\" href=\"https:\/\/www.atamya.com\/de\/blog\/pim-erp\/\">ERP<\/a>, DAM, Shopsysteme oder Print-L\u00f6sungen einfach anbinden. Dadurch sparen Sie Zeit und Ressourcen bei der Implementierung der Software.<\/li>\n<li><strong>Flexibilit\u00e4t f\u00fcr Wachstum:<\/strong> Durch den modularen Ansatz von ATAMYA k\u00f6nnen Sie schnell auf sich \u00e4ndernde Marktbedingungen und Kundenbed\u00fcrfnisse reagieren, indem Sie gezielt Technologien ausw\u00e4hlen und in Ihre Produktdatenprozesse integrieren, die zu Ihrer Strategie passen.<\/li>\n<\/ul>\n<p><a class=\"c-btn c-btn__primary u-mt-x3\" href=\"https:\/\/www.atamya.com\/de\/technology-alliance-partner\/\">ATAMYA Technologiepartner<\/a><\/p>\n\n            <\/article>\n            <div class=\"o-grid__col u-6\/12@sm\">\n                <figure class=\"u-full--height u-flex u-jc-center u-ai-center\">\n                    <img decoding=\"async\" src=\"https:\/\/www.atamya.com\/wp-content\/uploads\/2025\/01\/use-case-image-composable-commerce-effective-systemlandschaft.png\" srcset=\"https:\/\/www.atamya.com\/wp-content\/uploads\/2025\/01\/use-case-image-composable-commerce-effective-systemlandschaft.png 728w, https:\/\/www.atamya.com\/wp-content\/uploads\/2025\/01\/use-case-image-composable-commerce-effective-systemlandschaft-300x180.png 300w\" sizes=\"(max-width: 890px) 100vw, 890px\" alt=\"\" class=\"\" \/>\n                <\/figure>\n            <\/div>\n        <\/div>\n    <\/div>\n<\/section>\n\n\n<section id=\"m-headline__container-block_a825793512089278cd31b4e49bc5f1eb\" class=\"m-headline__container u-pt-x10 u-pb-x0 u-pt-x20@md u-pb-x0@md\">\n    <div class=\"o-container\">\n        <div class=\"o-grid\">\n            <div class=\"o-grid__col u-12\/12@md\" data-aos=\"none\"><h2>Effizienz steigern im Composable Commerce <\/h2><\/div>\n        <\/div>\n    <\/div>\n<\/section>\n\n\n    <section id=\"m-teaser__container-block_bbd300ec35bd274d4e014ea470b06266\" class=\"m-teaser__container u-pt-x0 u-pb-x15 u-pt-x0@md u-pb-x30@md\">\n        <div class=\"o-container\">\n            <div class=\"o-grid o-grid--equal-height\">\n                    <div class=\"o-grid__col u-jc-center u-mv-x5 u-mv-x10@sm u-4\/12@sm\" data-aos=\"none\">\n                    \n                        <figure class=\"u-relative u-block u-full--width\">\n                            <img decoding=\"async\" src=\"https:\/\/www.atamya.com\/wp-content\/uploads\/2024\/06\/Website-icon-ffo-blu-96x96-1.svg\" alt=\"\" class=\"\" \/>\n                            <figcaption class=\"u-mt-x3 u-mt-x6@sm\"><h5>Verk\u00fcrzte Time to Market<\/h5>\n<p>Durch die effiziente Bereitstellung konsistenter Produktdaten wird die Markteinf\u00fchrung neuer Produkte beschleunigt und eine schnellere Verf\u00fcgbarkeit am Point of Sale erm\u00f6glicht.<\/p>\n<\/figcaption>\n                        <\/figure>\n                    <\/div>\n                    <div class=\"o-grid__col u-jc-center u-mv-x5 u-mv-x10@sm u-4\/12@sm\" data-aos=\"none\">\n                    \n                        <figure class=\"u-relative u-block u-full--width\">\n                            <img decoding=\"async\" src=\"https:\/\/www.atamya.com\/wp-content\/uploads\/2025\/01\/website-icon-automation-2-teal.svg\" alt=\"\" class=\"\" \/>\n                            <figcaption class=\"u-mt-x3 u-mt-x6@sm\"><h5>Automatisierte Prozesse<\/h5>\n<p>ATAMYA automatisiert die Pflege, Aktualisierung und Verteilung von Produktdaten \u00fcber verschiedene Kan\u00e4le, wodurch manuelle Eingriffe reduziert und die Effizienz gesteigert wird.<\/p>\n<\/figcaption>\n                        <\/figure>\n                    <\/div>\n                    <div class=\"o-grid__col u-jc-center u-mv-x5 u-mv-x10@sm u-4\/12@sm\" data-aos=\"none\">\n                    \n                        <figure class=\"u-relative u-block u-full--width\">\n                            <img decoding=\"async\" src=\"https:\/\/www.atamya.com\/wp-content\/uploads\/2025\/01\/website-icon-chart-data-yellow.svg\" alt=\"\" class=\"\" \/>\n                            <figcaption class=\"u-mt-x3 u-mt-x6@sm\"><h5>Flexibilit\u00e4t f\u00fcr Wachstum<\/h5>\n<p>Dank modularer und API-basierter Architektur lassen sich neue Vertriebskan\u00e4le, M\u00e4rkte und Systeme problemlos integrieren und skalieren.<\/p>\n<\/figcaption>\n                        <\/figure>\n                    <\/div>\n            <\/div>\n        <\/div>\n    <\/section><script>\njQuery(document).ready(function($) {\n    $('.c-btn__filter').unbind('click').on('click', function(e) {\n        e.preventDefault();\n        var teaserWrapper = $(this).closest('.m-teaser__container');\n        teaserWrapper.find('.c-btn__filter').removeClass('c-btn__filter--active');\n        $(this).addClass('c-btn__filter--active');\n\n        $.ajax({\n                type: 'POST',\n                url: '\/wp-admin\/admin-ajax.php',\n                dataType: 'html',\n                data: {\n                    action: 'filter_posts',\n                    category: $(this).data('slug'),\n                    taxonomy: teaserWrapper.data('taxonomy'),\n                    postType: teaserWrapper.data('post-type'),\n                    grid: teaserWrapper.data('grid'),\n                    animation: teaserWrapper.data('animation'),\n                    type: teaserWrapper.data('type'),\n                    order: teaserWrapper.data('order'),\n                    orderby: teaserWrapper.data('orderby'),\n                    center: teaserWrapper.data('center'),\n                    partner: teaserWrapper.data('partner')\n                },\n            success: function(res) {\n                teaserWrapper.find('.ajax-container').html(res).hide().fadeIn();\n            }\n        })\n    });\n});\n<\/script>\n\n\n\n<section id=\"m-media-text__container-block_e75e139126401fcb00ac9df62ac41963\" class=\"m-media-text__container u-pt-x10 u-pb-x10 u-pt-x20@md u-pb-x20@md u-bgcolor-deepsky-blue\" data-aos=\"none\">\n    <div class=\"o-container\"><div class=\"o-grid o-grid--middle\">\n            <article class=\"o-grid__col u-7\/12@sm u-7\/12@lg u-mb-x6 u-mb-x0@sm\">\n                <p class=\"h3\">Ihr PIM-System im Composable Commerce<\/p>\n<p>Dank der Skalierbarkeit und Flexibilit\u00e4t der MACH-Architektur k\u00f6nnen Sie ATAMYA jederzeit so anpassen, dass es exakt Ihren aktuellen Bed\u00fcrfnissen entspricht. Worauf warten? Heben Sie mit ATAMYA Ihre Composable Commerce Strategie auf das n\u00e4chste Level!<\/p>\n<p><a class=\"c-btn c-btn__primary u-mt-x3\" href=\"https:\/\/www.atamya.com\/de\/expertenaustausch\/\">Beratung anfordern<\/a><\/p>\n\n            <\/article>\n            <div class=\"o-grid__col u-5\/12@sm u-4\/12@lg u-push-1\/12@lg\"><img decoding=\"async\" src=\"https:\/\/www.atamya.com\/wp-content\/uploads\/2025\/01\/cta-image-contact-blue-woman.png\" srcset=\"https:\/\/www.atamya.com\/wp-content\/uploads\/2025\/01\/cta-image-contact-blue-woman.png 720w, https:\/\/www.atamya.com\/wp-content\/uploads\/2025\/01\/cta-image-contact-blue-woman-300x258.png 300w\" sizes=\"(max-width: 640px) 100vw, 640px\" alt=\"\" class=\"\" \/><\/div>\n        <\/div><\/div>\n<\/section>","protected":false},"excerpt":{"rendered":"","protected":false},"author":3,"featured_media":0,"parent":928,"menu_order":20,"comment_status":"closed","ping_status":"closed","template":"","meta":{"_acf_changed":false,"footnotes":""},"class_list":["post-7607","page","type-page","status-publish","hentry"],"acf":[],"yoast_head":"<!-- This site is optimized with the Yoast SEO plugin v27.4 - https:\/\/yoast.com\/product\/yoast-seo-wordpress\/ -->\n<title>Composable Commerce\u202fmit dem gewissen Extra<\/title>\n<meta name=\"description\" content=\"Heben Sie mit ATAMYA Ihre Composable Commerce Strategie auf das n\u00e4chste Level! Jetzt informieren!\" \/>\n<meta name=\"robots\" content=\"index, follow, max-snippet:-1, max-image-preview:large, max-video-preview:-1\" \/>\n<link rel=\"canonical\" href=\"https:\/\/www.atamya.com\/de\/use-cases\/composable-commerce\/\" \/>\n<meta property=\"og:locale\" content=\"de_DE\" \/>\n<meta property=\"og:type\" content=\"article\" \/>\n<meta property=\"og:title\" content=\"Composable Commerce\u202fmit dem gewissen Extra\" \/>\n<meta property=\"og:description\" content=\"Heben Sie mit ATAMYA Ihre Composable Commerce Strategie auf das n\u00e4chste Level! Jetzt informieren!\" \/>\n<meta property=\"og:url\" content=\"https:\/\/www.atamya.com\/de\/use-cases\/composable-commerce\/\" \/>\n<meta property=\"og:site_name\" content=\"ATAMYA\" \/>\n<meta property=\"article:modified_time\" content=\"2025-04-14T11:33:22+00:00\" \/>\n<meta name=\"twitter:card\" content=\"summary_large_image\" \/>\n<script type=\"application\/ld+json\" class=\"yoast-schema-graph\">{\"@context\":\"https:\\\/\\\/schema.org\",\"@graph\":[{\"@type\":\"WebPage\",\"@id\":\"https:\\\/\\\/www.atamya.com\\\/de\\\/use-cases\\\/composable-commerce\\\/\",\"url\":\"https:\\\/\\\/www.atamya.com\\\/de\\\/use-cases\\\/composable-commerce\\\/\",\"name\":\"Composable Commerce\u202fmit dem gewissen Extra\",\"isPartOf\":{\"@id\":\"https:\\\/\\\/www.atamya.com\\\/de\\\/#website\"},\"datePublished\":\"2025-01-28T11:16:51+00:00\",\"dateModified\":\"2025-04-14T11:33:22+00:00\",\"description\":\"Heben Sie mit ATAMYA Ihre Composable Commerce Strategie auf das n\u00e4chste Level! Jetzt informieren!\",\"breadcrumb\":{\"@id\":\"https:\\\/\\\/www.atamya.com\\\/de\\\/use-cases\\\/composable-commerce\\\/#breadcrumb\"},\"inLanguage\":\"de\",\"potentialAction\":[{\"@type\":\"ReadAction\",\"target\":[\"https:\\\/\\\/www.atamya.com\\\/de\\\/use-cases\\\/composable-commerce\\\/\"]}]},{\"@type\":\"BreadcrumbList\",\"@id\":\"https:\\\/\\\/www.atamya.com\\\/de\\\/use-cases\\\/composable-commerce\\\/#breadcrumb\",\"itemListElement\":[{\"@type\":\"ListItem\",\"position\":1,\"name\":\"Start Page\",\"item\":\"https:\\\/\\\/www.atamya.com\\\/de\\\/\"},{\"@type\":\"ListItem\",\"position\":2,\"name\":\"Use Cases\",\"item\":\"https:\\\/\\\/www.atamya.com\\\/de\\\/use-cases\\\/\"},{\"@type\":\"ListItem\",\"position\":3,\"name\":\"Composable Commerce\"}]},{\"@type\":\"WebSite\",\"@id\":\"https:\\\/\\\/www.atamya.com\\\/de\\\/#website\",\"url\":\"https:\\\/\\\/www.atamya.com\\\/de\\\/\",\"name\":\"ATAMYA\",\"description\":\"\",\"publisher\":{\"@id\":\"https:\\\/\\\/www.atamya.com\\\/de\\\/#organization\"},\"potentialAction\":[{\"@type\":\"SearchAction\",\"target\":{\"@type\":\"EntryPoint\",\"urlTemplate\":\"https:\\\/\\\/www.atamya.com\\\/de\\\/?s={search_term_string}\"},\"query-input\":{\"@type\":\"PropertyValueSpecification\",\"valueRequired\":true,\"valueName\":\"search_term_string\"}}],\"inLanguage\":\"de\"},{\"@type\":\"Organization\",\"@id\":\"https:\\\/\\\/www.atamya.com\\\/de\\\/#organization\",\"name\":\"ATAMYA\",\"url\":\"https:\\\/\\\/www.atamya.com\\\/de\\\/\",\"logo\":{\"@type\":\"ImageObject\",\"inLanguage\":\"de\",\"@id\":\"https:\\\/\\\/www.atamya.com\\\/de\\\/#\\\/schema\\\/logo\\\/image\\\/\",\"url\":\"https:\\\/\\\/www.atamya.com\\\/wp-content\\\/uploads\\\/2024\\\/06\\\/ATAMYA-Favicon-02.png\",\"contentUrl\":\"https:\\\/\\\/www.atamya.com\\\/wp-content\\\/uploads\\\/2024\\\/06\\\/ATAMYA-Favicon-02.png\",\"width\":512,\"height\":512,\"caption\":\"ATAMYA\"},\"image\":{\"@id\":\"https:\\\/\\\/www.atamya.com\\\/de\\\/#\\\/schema\\\/logo\\\/image\\\/\"}}]}<\/script>\n<!-- \/ Yoast SEO plugin. -->","yoast_head_json":{"title":"Composable Commerce\u202fmit dem gewissen Extra","description":"Heben Sie mit ATAMYA Ihre Composable Commerce Strategie auf das n\u00e4chste Level! Jetzt informieren!","robots":{"index":"index","follow":"follow","max-snippet":"max-snippet:-1","max-image-preview":"max-image-preview:large","max-video-preview":"max-video-preview:-1"},"canonical":"https:\/\/www.atamya.com\/de\/use-cases\/composable-commerce\/","og_locale":"de_DE","og_type":"article","og_title":"Composable Commerce\u202fmit dem gewissen Extra","og_description":"Heben Sie mit ATAMYA Ihre Composable Commerce Strategie auf das n\u00e4chste Level! Jetzt informieren!","og_url":"https:\/\/www.atamya.com\/de\/use-cases\/composable-commerce\/","og_site_name":"ATAMYA","article_modified_time":"2025-04-14T11:33:22+00:00","twitter_card":"summary_large_image","schema":{"@context":"https:\/\/schema.org","@graph":[{"@type":"WebPage","@id":"https:\/\/www.atamya.com\/de\/use-cases\/composable-commerce\/","url":"https:\/\/www.atamya.com\/de\/use-cases\/composable-commerce\/","name":"Composable Commerce\u202fmit dem gewissen Extra","isPartOf":{"@id":"https:\/\/www.atamya.com\/de\/#website"},"datePublished":"2025-01-28T11:16:51+00:00","dateModified":"2025-04-14T11:33:22+00:00","description":"Heben Sie mit ATAMYA Ihre Composable Commerce Strategie auf das n\u00e4chste Level! Jetzt informieren!","breadcrumb":{"@id":"https:\/\/www.atamya.com\/de\/use-cases\/composable-commerce\/#breadcrumb"},"inLanguage":"de","potentialAction":[{"@type":"ReadAction","target":["https:\/\/www.atamya.com\/de\/use-cases\/composable-commerce\/"]}]},{"@type":"BreadcrumbList","@id":"https:\/\/www.atamya.com\/de\/use-cases\/composable-commerce\/#breadcrumb","itemListElement":[{"@type":"ListItem","position":1,"name":"Start Page","item":"https:\/\/www.atamya.com\/de\/"},{"@type":"ListItem","position":2,"name":"Use Cases","item":"https:\/\/www.atamya.com\/de\/use-cases\/"},{"@type":"ListItem","position":3,"name":"Composable Commerce"}]},{"@type":"WebSite","@id":"https:\/\/www.atamya.com\/de\/#website","url":"https:\/\/www.atamya.com\/de\/","name":"ATAMYA","description":"","publisher":{"@id":"https:\/\/www.atamya.com\/de\/#organization"},"potentialAction":[{"@type":"SearchAction","target":{"@type":"EntryPoint","urlTemplate":"https:\/\/www.atamya.com\/de\/?s={search_term_string}"},"query-input":{"@type":"PropertyValueSpecification","valueRequired":true,"valueName":"search_term_string"}}],"inLanguage":"de"},{"@type":"Organization","@id":"https:\/\/www.atamya.com\/de\/#organization","name":"ATAMYA","url":"https:\/\/www.atamya.com\/de\/","logo":{"@type":"ImageObject","inLanguage":"de","@id":"https:\/\/www.atamya.com\/de\/#\/schema\/logo\/image\/","url":"https:\/\/www.atamya.com\/wp-content\/uploads\/2024\/06\/ATAMYA-Favicon-02.png","contentUrl":"https:\/\/www.atamya.com\/wp-content\/uploads\/2024\/06\/ATAMYA-Favicon-02.png","width":512,"height":512,"caption":"ATAMYA"},"image":{"@id":"https:\/\/www.atamya.com\/de\/#\/schema\/logo\/image\/"}}]}},"_links":{"self":[{"href":"https:\/\/www.atamya.com\/de\/wp-json\/wp\/v2\/pages\/7607","targetHints":{"allow":["GET"]}}],"collection":[{"href":"https:\/\/www.atamya.com\/de\/wp-json\/wp\/v2\/pages"}],"about":[{"href":"https:\/\/www.atamya.com\/de\/wp-json\/wp\/v2\/types\/page"}],"author":[{"embeddable":true,"href":"https:\/\/www.atamya.com\/de\/wp-json\/wp\/v2\/users\/3"}],"replies":[{"embeddable":true,"href":"https:\/\/www.atamya.com\/de\/wp-json\/wp\/v2\/comments?post=7607"}],"version-history":[{"count":56,"href":"https:\/\/www.atamya.com\/de\/wp-json\/wp\/v2\/pages\/7607\/revisions"}],"predecessor-version":[{"id":13787,"href":"https:\/\/www.atamya.com\/de\/wp-json\/wp\/v2\/pages\/7607\/revisions\/13787"}],"up":[{"embeddable":true,"href":"https:\/\/www.atamya.com\/de\/wp-json\/wp\/v2\/pages\/928"}],"wp:attachment":[{"href":"https:\/\/www.atamya.com\/de\/wp-json\/wp\/v2\/media?parent=7607"}],"curies":[{"name":"wp","href":"https:\/\/api.w.org\/{rel}","templated":true}]}}