{"id":6371,"date":"2025-03-19T10:54:30","date_gmt":"2025-03-19T10:54:30","guid":{"rendered":"https:\/\/www.atamya.com\/?page_id=6371"},"modified":"2025-08-27T13:42:24","modified_gmt":"2025-08-27T11:42:24","slug":"pim-beratung","status":"publish","type":"page","link":"https:\/\/www.atamya.com\/de\/pim-beratung\/","title":{"rendered":"PIM-Beratung"},"content":{"rendered":"\n<section id=\"m-media-text__container-block_03f273b5a822b3f00af02cbcd03c8e01\" class=\"m-media-text__container u-pt-x10 u-pb-x10 u-pt-x20@md u-pb-x20@md u-bgcolor-light-grey-400\" data-aos=\"none\">\n    <div class=\"o-container\">\n        <div class=\"o-grid o-grid--middle\">\n            <article class=\"o-grid__col u-6\/12@sm u-mb-x6 u-mb-x0@sm\">\n                <h1>ATAMYA PIM-Beratung<\/h1>\n<p>Aus \u00fcber 30 Jahren Erfahrung in der PIM-Branche wissen wir genau, worauf es bei einem PIM-System ankommt. Profitieren Sie von unserer Expertise und dem Know-how unserer <a title=\"Lernen Sie die ATAMYA Partner kennen\" href=\"https:\/\/www.atamya.com\/de\/partner\/\">Partner<\/a> aus unz\u00e4hligen PIM-Projekten und lassen Sie sich jetzt von unseren PIM-Expert:innen beraten. Gemeinsam heben wir das Potenzial Ihrer Produktinformationen hervor.<\/p>\n<p><a class=\"c-btn c-btn__primary u-mt-x3\" href=\"https:\/\/www.atamya.com\/de\/kontakt\/\">Jetzt Kontakt aufnehmen<\/a><\/p>\n\n            <\/article>\n            <div class=\"o-grid__col u-6\/12@sm\">\n                <figure class=\"u-full--height u-image--hero u-mh-x12@md u-flex u-jc-center u-ai-center\">\n                    <img decoding=\"async\" src=\"https:\/\/www.atamya.com\/wp-content\/uploads\/2025\/03\/website-hero-image-pim-consulting.jpg\" srcset=\"https:\/\/www.atamya.com\/wp-content\/uploads\/2025\/03\/website-hero-image-pim-consulting.jpg 720w, https:\/\/www.atamya.com\/wp-content\/uploads\/2025\/03\/website-hero-image-pim-consulting-300x250.jpg 300w\" sizes=\"(max-width: 890px) 100vw, 890px\" alt=\"\" class=\"\" \/>\n                <\/figure>\n            <\/div>\n        <\/div>\n    <\/div>\n<\/section>\n\n\n<section id=\"m-text__container-block_6b76b64ed6557063e03b4b291d027295\" class=\"m-text__container u-pt-x10 u-pb-x10 u-pt-x20@md u-pb-x20@md\">\n    <div class=\"o-container\">\n        <div class=\"o-grid o-grid--center\">\n                <div class=\"o-grid__col u-8\/12@md\" data-aos=\"none\">\n                    <h2>ATAMYA PIM-Beratung: Strategie trifft Expertise<\/h2>\n<p>Mit einem PIM-System revolutionieren Sie Ihre gesamte Produktkommunikation und profitieren von nahtlos ineinandergreifenden Gesch\u00e4ftsprozessen. Das ist eine gro\u00dfe Ver\u00e4nderung \u2013 und zwar zum Besseren. Doch jede Ver\u00e4nderung bringt Herausforderungen mit sich. Welches PIM-System entspricht Ihren Anforderungen? Welcher Anbieter stellt Ihnen die notwendigen Dienstleistungen bereit? Und wie f\u00fchren Sie ein PIM-Projekt in Ihrem Unternehmen zum Erfolg? Wir von ATAMYA verf\u00fcgen \u00fcber ein gro\u00dfes Netzwerk an <a title=\"Zur \u00dcbersicht der ATAMYA System Integrator Partner\" href=\"https:\/\/www.atamya.com\/de\/system-integrator-partner\/\">System Integratoren<\/a> und <a title=\"Zur \u00dcbersicht der ATAMYA Technology Alliance Partner\" href=\"https:\/\/www.atamya.com\/de\/technology-alliance-partner\/\">Technologie Partnern<\/a>, gemeinsam unterst\u00fctzen wir Sie mit strategischem Weitblick und fundiertem Know-how im Bereich Product Information Management.<\/p>\n<ul class=\"checkmark\">\n<li>Erstellung von Produktdatenmodellen<\/li>\n<li>Produktdatenzentralisierung<\/li>\n<li>Datenqualit\u00e4tsmanagement<\/li>\n<li>Translation Management<\/li>\n<li>Prozessautomatisierung<\/li>\n<li>Produktklassifizierung (ETIM, ECLASS, UNSPSC etc.)<\/li>\n<li>Produktdatendistribution<\/li>\n<li>Produkt Experience Management<\/li>\n<li>Database Publishing<\/li>\n<li>Projektmanagement<\/li>\n<li>IT-Infrastruktur<\/li>\n<\/ul>\n\n                <\/div>\n        <\/div>\n    <\/div>\n<\/section>\n\n\n<section id=\"m-headline__container-block_de0b94d35b3e7e7a8e18f1ff0dbf94f6\" class=\"m-headline__container u-pt-x10 u-pb-x0 u-pt-x20@md u-pb-x0@md u-bgcolor-light-grey-400\">\n    <div class=\"o-container\">\n        <div class=\"o-grid o-grid--center\">\n            <div class=\"o-grid__col u-12\/12@md\" data-aos=\"none\"><h2>Das sagen unsere Kunden &#038; Partner<\/h2><\/div>\n        <\/div>\n    <\/div>\n<\/section>\n\n\n<section id=\"m-testimonial__container-block_208f9155b424eb9ef7ec3e7b73f4cfdd\" class=\"m-testimonial__container u-pt-x5 u-pb-x10 u-pt-x10@md u-pb-x20@md u-bgcolor-light-grey-400\">\n    <div class=\"o-container u-ph-x0\" data-aos=\"none\">\n        <div class=\"m-slider__testimonials\" data-slide-number=\"6\">\n                    <div class=\"u-text-center\">\n                        <div class=\"o-container\">\n                            <p class=\"o-type-quote u-text-left u-mb--x12 u-mb--x15@md u-color-deepsky-blue\">\u201c<\/p>\n                            <div class=\"o-media o-media--res u-text-left\">\n                                <article class=\"o-media__fluid\"><blockquote class=\"p o-type-medium u-weight--regular u-mb-x12@md\">In der heutigen digitalen Welt ist die effiziente Verwaltung von Produktdaten entscheidend f\u00fcr den Erfolg des CHRIST Online-Shops. Durch den Einsatz des PIM sorgt CHRIST f\u00fcr konsistente qualitative Produktdaten.<\/blockquote>\n                                    <div class=\"o-media o-media--middle o-media--res\">\n                                        <div class=\"o-media__fluid\"><p class=\"u-mb-x0 u-weight--semibold\">Nadine Zgorzelski<\/p><p class=\"u-mb-x0\">Team Lead Produktmanagement, CHRIST<\/p><\/div>\n                                        <div class=\"o-media__fixed u-mt-x6 u-mt-x0@md\"><img decoding=\"async\" src=\"https:\/\/www.atamya.com\/wp-content\/uploads\/2025\/01\/customer-logo-christ-juweliere.png\" alt=\"CHRIST Logo\" class=\"\" \/>\n                                        <\/div>\n                                    <\/div>\n                                <\/article>\n                            <\/div>\n                            \n                        <\/div>\n                    <\/div>\n                    <div class=\"u-text-center\">\n                        <div class=\"o-container\">\n                            <p class=\"o-type-quote u-text-left u-mb--x12 u-mb--x15@md u-color-sunshine-yellow\">\u201c<\/p>\n                            <div class=\"o-media o-media--res u-text-left\">\n                                <article class=\"o-media__fluid\"><blockquote class=\"p o-type-medium u-weight--regular u-mb-x12@md\">Mit \u00fcber 30 Jahren Erfahrung im PIM Bereich ist ATAMYA genau das, was unsere Kunden brauchen. Die ATAMYA Product Cloud ist sehr flexibel und kann m\u00fchelos auf die verschiedensten gesch\u00e4ftlichen Anforderungen unserer Kunden reagieren. Wir freuen uns deshalb riesig unseren Kunden als zertifizierter ATAMYA Partner alle Vorteile unserer Zusammenarbeit bieten zu k\u00f6nnen.<\/blockquote>\n                                    <div class=\"o-media o-media--middle o-media--res\">\n                                        <div class=\"o-media__fluid\"><p class=\"u-mb-x0 u-weight--semibold\">Ingo K\u00f6rber<\/p><p class=\"u-mb-x0\">COO, Smart Commerce<\/p><\/div>\n                                        <div class=\"o-media__fixed u-mt-x6 u-mt-x0@md\"><img decoding=\"async\" src=\"https:\/\/www.atamya.com\/wp-content\/uploads\/2024\/09\/partner-logo-smart-commerce.png\" alt=\"Smart Commerce Unternehmenslogo\" class=\"\" \/>\n                                        <\/div>\n                                    <\/div>\n                                <\/article>\n                            <\/div>\n                            \n                        <\/div>\n                    <\/div>\n                    <div class=\"u-text-center\">\n                        <div class=\"o-container\">\n                            <p class=\"o-type-quote u-text-left u-mb--x12 u-mb--x15@md u-color-deepsky-blue\">\u201c<\/p>\n                            <div class=\"o-media o-media--res u-text-left\">\n                                <article class=\"o-media__fluid\"><blockquote class=\"p o-type-medium u-weight--regular u-mb-x12@md\">Das ATAMYA PIM \u00fcberzeugt uns durch seine Funktionsvielfalt und den gro\u00dfen Gestaltungsspielraum. Denn hier passt sich die Software und das Datenmodell unseren Anforderungen und unserem Produktsortiment an und nicht umgekehrt.<\/blockquote>\n                                    <div class=\"o-media o-media--middle o-media--res\">\n                                        <div class=\"o-media__fluid\"><p class=\"u-mb-x0 u-weight--semibold\">Sascha Steinberg<\/p><p class=\"u-mb-x0\">Director Business Strategy, Products &#038; Innovation, SEVERIN<\/p><\/div>\n                                        <div class=\"o-media__fixed u-mt-x6 u-mt-x0@md\"><img decoding=\"async\" src=\"https:\/\/www.atamya.com\/wp-content\/uploads\/2025\/01\/customer-logo-severin.png\" alt=\"SEVERIN Logo\" class=\"\" \/>\n                                        <\/div>\n                                    <\/div>\n                                <\/article>\n                            <\/div>\n                            \n                        <\/div>\n                    <\/div>\n                    <div class=\"u-text-center\">\n                        <div class=\"o-container\">\n                            <p class=\"o-type-quote u-text-left u-mb--x12 u-mb--x15@md u-color-sunshine-yellow\">\u201c<\/p>\n                            <div class=\"o-media o-media--res u-text-left\">\n                                <article class=\"o-media__fluid\"><blockquote class=\"p o-type-medium u-weight--regular u-mb-x12@md\">Der Nutzen, den wir aus der PIM-L\u00f6sung von ATAMYA ziehen, besteht darin, dass wir nun viel strukturiertere und  bessere Produktdaten haben, die wir kanal spezifisch ausgeben k\u00f6nnen.<\/blockquote>\n                                    <div class=\"o-media o-media--middle o-media--res\">\n                                        <div class=\"o-media__fluid\"><p class=\"u-mb-x0 u-weight--semibold\">Timo Leonhardt<\/p><p class=\"u-mb-x0\">Product Information Manager, Baier &#038; Schneider<\/p><\/div>\n                                        <div class=\"o-media__fixed u-mt-x6 u-mt-x0@md\"><img decoding=\"async\" src=\"https:\/\/www.atamya.com\/wp-content\/uploads\/2025\/01\/customer-logo-brunnen.png\" alt=\"Brunnen Logo\" class=\"\" \/>\n                                        <\/div>\n                                    <\/div>\n                                <\/article>\n                            <\/div>\n                            \n                        <\/div>\n                    <\/div>\n                    <div class=\"u-text-center\">\n                        <div class=\"o-container\">\n                            <p class=\"o-type-quote u-text-left u-mb--x12 u-mb--x15@md u-color-teal\">\u201c<\/p>\n                            <div class=\"o-media o-media--res u-text-left\">\n                                <article class=\"o-media__fluid\"><blockquote class=\"p o-type-medium u-weight--regular u-mb-x12@md\">Als erfahrene PIM-Agentur wissen wir, dass Datenmanagement der Schl\u00fcssel zum digitalen Erfolg im Handel ist. Mit dem ATAMYA PIM entwickeln wir eCommerce L\u00f6sungen, die perfekt auf Ihr Unternehmen abgestimmt sind. Ob mit der Implementierung neuer Systeme oder der Migration bestehender Daten \u2013 mit ATAMYA bringen Unternehmen ihr Datenmanagement auf das n\u00e4chste Level.<\/blockquote>\n                                    <div class=\"o-media o-media--middle o-media--res\">\n                                        <div class=\"o-media__fluid\"><p class=\"u-mb-x0 u-weight--semibold\">Timo Weltner<\/p><p class=\"u-mb-x0\">CEO &#038; Co-Founder, NETFORMIC<\/p><\/div>\n                                        <div class=\"o-media__fixed u-mt-x6 u-mt-x0@md\"><img decoding=\"async\" src=\"https:\/\/www.atamya.com\/wp-content\/uploads\/2025\/01\/partner-logo-netformic.png\" alt=\"NETFORMIC Unternehmenslogo\" class=\"\" \/>\n                                        <\/div>\n                                    <\/div>\n                                <\/article>\n                            <\/div>\n                            \n                        <\/div>\n                    <\/div>\n                    <div class=\"u-text-center\">\n                        <div class=\"o-container\">\n                            <p class=\"o-type-quote u-text-left u-mb--x12 u-mb--x15@md u-color-sunshine-yellow\">\u201c<\/p>\n                            <div class=\"o-media o-media--res u-text-left\">\n                                <article class=\"o-media__fluid\"><blockquote class=\"p o-type-medium u-weight--regular u-mb-x12@md\">Wir waren auf der Suche nach einer sehr flexiblen L\u00f6sung, die auch zuk\u00fcnftigen Anforderungen der weiteren Digitalisierung unseres Gesch\u00e4fts gewachsen ist. Dieses Potenzial konnte ATAMYA eindrucksvoll darstellen. Ein Teilprozess, f\u00fcr den wir in der alten L\u00f6sung Monate der Umsetzung gebraucht haben, war bei ATAMYA in wenigen Stunden erledigt.<\/blockquote>\n                                    <div class=\"o-media o-media--middle o-media--res\">\n                                        <div class=\"o-media__fluid\"><p class=\"u-mb-x0 u-weight--semibold\">Christoph Wollersen<\/p><p class=\"u-mb-x0\">Leiter Produktmanagement, Hesse Lignal<\/p><\/div>\n                                        <div class=\"o-media__fixed u-mt-x6 u-mt-x0@md\"><img decoding=\"async\" src=\"https:\/\/www.atamya.com\/wp-content\/uploads\/2025\/01\/customer-logo-hesse-lignal.png\" alt=\"Hesse Lignal Logo\" class=\"\" \/>\n                                        <\/div>\n                                    <\/div>\n                                <\/article>\n                            <\/div>\n                            \n                        <\/div>\n                    <\/div>\n    <\/div>\n<\/section>\n\n\n<section id=\"m-text__container-block_616e573b29a36202992f7abde315194b\" class=\"m-text__container u-pt-x10 u-pb-x10 u-pt-x20@md u-pb-x20@md\">\n    <div class=\"o-container\">\n        <div class=\"o-grid o-grid--center\">\n                <div class=\"o-grid__col u-8\/12@md\" data-aos=\"none\">\n                    <h3>Step by Step zur erfolgreichen Produktkommunikation<\/h3>\n<p>Unser Beratungsangebot st\u00fctzt sich auf langj\u00e4hrige Expertise. Wir denken in Use-Cases und haben Ihre individuellen Anforderungen stets im Fokus.<\/p>\n<p class=\"h4\"><span style=\"color: #4fb0b0;\">Demo-Show\u00a0<\/span><\/p>\n<p><strong>Der erste Schritt Richtung perfekter Produktdatenprozesse<\/strong><br \/>\nLernen Sie die ATAMYA Software kennen. In unserer Demo-Show geben Ihnen ATAMYA Produktexpert:innen einen exklusiven Einblick in die Highlight-Funktionen unserer Software \u2013 individuell und auf Ihre Schwerpunkte abgestimmt.<\/p>\n<p class=\"h4\"><span style=\"color: #4fb0b0;\">Individual Showcase\u00a0<\/span><\/p>\n<p><strong>Wir erwecken Ihre Produktdaten zum Leben<\/strong><br \/>\nHat unsere Demo Ihr Interesse geweckt, gehen wir einen Schritt weiter. Auf Basis Ihrer Daten entwickeln wir ein individuelles Produktdatenmodell und zeigen Ihnen, wie unsere Software in Ihrem Unternehmen zum Einsatz kommen und Ihre Prozesse verbessern kann.<\/p>\n<p class=\"h4\"><span style=\"color: #4fb0b0;\">PIM-Implementierung<\/span><\/p>\n<p><strong>Bereitmachen zum PIM-Projekt<\/strong><br \/>\nNun geht es ans Eingemachte: die Einf\u00fchrung eines PIM-Systems in Ihrem Unternehmen. In dieser wichtigen Phase stehen unsere <a title=\"Zur \u00dcbersicht der ATAMYA System Integrator Partner\" href=\"https:\/\/www.atamya.com\/de\/system-integrator-partner\/\">System Integratoren<\/a> an Ihrer Seite. Gemeinsam finden wir den perfekten Weg, um Ihre PIM-Einf\u00fchrung erfolgreich zu meistern \u2013 ob als Full-Service-Projekt oder durch Implementierung in Eigenregie.<\/p>\n<p class=\"h4\"><span style=\"color: #4fb0b0;\">Service\u00a0<\/span><\/p>\n<p><strong>Unsere Partner sind auch langfristig f\u00fcr Sie da<\/strong><br \/>\nAuch nach einem gelungenen PIM-Projekt stehen unsere Partner Ihnen als Berater, Coach oder Probleml\u00f6ser zur Seite. Zu dem stehen Ihnen als Kunde unser Trainingsangebot sowie, exklusive Events und Online Sessions zur Verf\u00fcgung.<\/p>\n\n                <\/div>\n        <\/div>\n    <\/div>\n<\/section>\n\n\n<section id=\"m-media-text__container-block_f432f5fc861241ed29e6ae614bc0522f\" class=\"m-media-text__container u-pt-x10 u-pb-x10 u-pt-x20@md u-pb-x20@md u-bgcolor-teal\" data-aos=\"none\">\n    <div class=\"o-container\"><div class=\"o-grid o-grid--middle\">\n            <article class=\"o-grid__col u-7\/12@sm u-7\/12@lg u-mb-x6 u-mb-x0@sm\">\n                <p class=\"h3\">Lassen Sie uns \u00fcber PIM reden<\/p>\n<p>Sie haben ein Projekt im Kopf oder Fragen zu PIM und Ihren Produktdaten? Wir bearten Sie gerne. Schreiben Sie uns eine Nachricht, wir freuen uns von Ihnen zu h\u00f6ren!<\/p>\n<p><a class=\"c-btn c-btn__primary u-mt-x3\" href=\"https:\/\/www.atamya.com\/de\/kontaktanfrage-sales\/\">Jetzt Termin vereinabren<\/a><\/p>\n\n            <\/article>\n            <div class=\"o-grid__col u-5\/12@sm u-4\/12@lg u-push-1\/12@lg\"><img decoding=\"async\" src=\"https:\/\/www.atamya.com\/wp-content\/uploads\/2025\/01\/cta-image-contact-teal-woman.png\" srcset=\"https:\/\/www.atamya.com\/wp-content\/uploads\/2025\/01\/cta-image-contact-teal-woman.png 720w, https:\/\/www.atamya.com\/wp-content\/uploads\/2025\/01\/cta-image-contact-teal-woman-300x258.png 300w\" sizes=\"(max-width: 640px) 100vw, 640px\" alt=\"\" class=\"\" \/><\/div>\n        <\/div><\/div>\n<\/section>","protected":false},"excerpt":{"rendered":"","protected":false},"author":3,"featured_media":0,"parent":0,"menu_order":621,"comment_status":"closed","ping_status":"closed","template":"","meta":{"_acf_changed":false,"footnotes":""},"class_list":["post-6371","page","type-page","status-publish","hentry"],"acf":[],"yoast_head":"<!-- This site is optimized with the Yoast SEO plugin v27.2 - https:\/\/yoast.com\/product\/yoast-seo-wordpress\/ -->\n<title>ATAMYA PIM-Beratung \u2013 Durch ein exzellentes Partnernetzwerk<\/title>\n<meta name=\"description\" content=\"Gemeinsam unterst\u00fctzen wir Sie bei all Ihren Fragen zu PIM: PIM-Projekt \u2714\ufe0f Klassifikationen \u2714\ufe0fDatenqualit\u00e4tsmanagement \u2714\ufe0f und vieles mehr.\" \/>\n<meta name=\"robots\" content=\"index, follow, max-snippet:-1, max-image-preview:large, max-video-preview:-1\" \/>\n<link rel=\"canonical\" href=\"https:\/\/www.atamya.com\/de\/pim-beratung\/\" \/>\n<meta property=\"og:locale\" content=\"de_DE\" \/>\n<meta property=\"og:type\" content=\"article\" \/>\n<meta property=\"og:title\" content=\"ATAMYA PIM-Beratung \u2013 Durch ein exzellentes Partnernetzwerk\" \/>\n<meta property=\"og:description\" content=\"Gemeinsam unterst\u00fctzen wir Sie bei all Ihren Fragen zu PIM: PIM-Projekt \u2714\ufe0f Klassifikationen \u2714\ufe0fDatenqualit\u00e4tsmanagement \u2714\ufe0f und vieles mehr.\" \/>\n<meta property=\"og:url\" content=\"https:\/\/www.atamya.com\/de\/pim-beratung\/\" \/>\n<meta property=\"og:site_name\" content=\"ATAMYA\" \/>\n<meta property=\"article:modified_time\" content=\"2025-08-27T11:42:24+00:00\" \/>\n<meta name=\"twitter:card\" content=\"summary_large_image\" \/>\n<script type=\"application\/ld+json\" class=\"yoast-schema-graph\">{\"@context\":\"https:\/\/schema.org\",\"@graph\":[{\"@type\":\"WebPage\",\"@id\":\"https:\/\/www.atamya.com\/de\/pim-beratung\/\",\"url\":\"https:\/\/www.atamya.com\/de\/pim-beratung\/\",\"name\":\"ATAMYA PIM-Beratung \u2013 Durch ein exzellentes Partnernetzwerk\",\"isPartOf\":{\"@id\":\"https:\/\/www.atamya.com\/de\/#website\"},\"datePublished\":\"2025-03-19T10:54:30+00:00\",\"dateModified\":\"2025-08-27T11:42:24+00:00\",\"description\":\"Gemeinsam unterst\u00fctzen wir Sie bei all Ihren Fragen zu PIM: PIM-Projekt \u2714\ufe0f Klassifikationen \u2714\ufe0fDatenqualit\u00e4tsmanagement \u2714\ufe0f und vieles mehr.\",\"breadcrumb\":{\"@id\":\"https:\/\/www.atamya.com\/de\/pim-beratung\/#breadcrumb\"},\"inLanguage\":\"de\",\"potentialAction\":[{\"@type\":\"ReadAction\",\"target\":[\"https:\/\/www.atamya.com\/de\/pim-beratung\/\"]}]},{\"@type\":\"BreadcrumbList\",\"@id\":\"https:\/\/www.atamya.com\/de\/pim-beratung\/#breadcrumb\",\"itemListElement\":[{\"@type\":\"ListItem\",\"position\":1,\"name\":\"Start Page\",\"item\":\"https:\/\/www.atamya.com\/de\/\"},{\"@type\":\"ListItem\",\"position\":2,\"name\":\"PIM-Beratung\"}]},{\"@type\":\"WebSite\",\"@id\":\"https:\/\/www.atamya.com\/de\/#website\",\"url\":\"https:\/\/www.atamya.com\/de\/\",\"name\":\"ATAMYA\",\"description\":\"\",\"publisher\":{\"@id\":\"https:\/\/www.atamya.com\/de\/#organization\"},\"potentialAction\":[{\"@type\":\"SearchAction\",\"target\":{\"@type\":\"EntryPoint\",\"urlTemplate\":\"https:\/\/www.atamya.com\/de\/?s={search_term_string}\"},\"query-input\":{\"@type\":\"PropertyValueSpecification\",\"valueRequired\":true,\"valueName\":\"search_term_string\"}}],\"inLanguage\":\"de\"},{\"@type\":\"Organization\",\"@id\":\"https:\/\/www.atamya.com\/de\/#organization\",\"name\":\"ATAMYA\",\"url\":\"https:\/\/www.atamya.com\/de\/\",\"logo\":{\"@type\":\"ImageObject\",\"inLanguage\":\"de\",\"@id\":\"https:\/\/www.atamya.com\/de\/#\/schema\/logo\/image\/\",\"url\":\"https:\/\/www.atamya.com\/wp-content\/uploads\/2024\/06\/ATAMYA-Favicon-02.png\",\"contentUrl\":\"https:\/\/www.atamya.com\/wp-content\/uploads\/2024\/06\/ATAMYA-Favicon-02.png\",\"width\":512,\"height\":512,\"caption\":\"ATAMYA\"},\"image\":{\"@id\":\"https:\/\/www.atamya.com\/de\/#\/schema\/logo\/image\/\"}}]}<\/script>\n<!-- \/ Yoast SEO plugin. -->","yoast_head_json":{"title":"ATAMYA PIM-Beratung \u2013 Durch ein exzellentes Partnernetzwerk","description":"Gemeinsam unterst\u00fctzen wir Sie bei all Ihren Fragen zu PIM: PIM-Projekt \u2714\ufe0f Klassifikationen \u2714\ufe0fDatenqualit\u00e4tsmanagement \u2714\ufe0f und vieles mehr.","robots":{"index":"index","follow":"follow","max-snippet":"max-snippet:-1","max-image-preview":"max-image-preview:large","max-video-preview":"max-video-preview:-1"},"canonical":"https:\/\/www.atamya.com\/de\/pim-beratung\/","og_locale":"de_DE","og_type":"article","og_title":"ATAMYA PIM-Beratung \u2013 Durch ein exzellentes Partnernetzwerk","og_description":"Gemeinsam unterst\u00fctzen wir Sie bei all Ihren Fragen zu PIM: PIM-Projekt \u2714\ufe0f Klassifikationen \u2714\ufe0fDatenqualit\u00e4tsmanagement \u2714\ufe0f und vieles mehr.","og_url":"https:\/\/www.atamya.com\/de\/pim-beratung\/","og_site_name":"ATAMYA","article_modified_time":"2025-08-27T11:42:24+00:00","twitter_card":"summary_large_image","schema":{"@context":"https:\/\/schema.org","@graph":[{"@type":"WebPage","@id":"https:\/\/www.atamya.com\/de\/pim-beratung\/","url":"https:\/\/www.atamya.com\/de\/pim-beratung\/","name":"ATAMYA PIM-Beratung \u2013 Durch ein exzellentes Partnernetzwerk","isPartOf":{"@id":"https:\/\/www.atamya.com\/de\/#website"},"datePublished":"2025-03-19T10:54:30+00:00","dateModified":"2025-08-27T11:42:24+00:00","description":"Gemeinsam unterst\u00fctzen wir Sie bei all Ihren Fragen zu PIM: PIM-Projekt \u2714\ufe0f Klassifikationen \u2714\ufe0fDatenqualit\u00e4tsmanagement \u2714\ufe0f und vieles mehr.","breadcrumb":{"@id":"https:\/\/www.atamya.com\/de\/pim-beratung\/#breadcrumb"},"inLanguage":"de","potentialAction":[{"@type":"ReadAction","target":["https:\/\/www.atamya.com\/de\/pim-beratung\/"]}]},{"@type":"BreadcrumbList","@id":"https:\/\/www.atamya.com\/de\/pim-beratung\/#breadcrumb","itemListElement":[{"@type":"ListItem","position":1,"name":"Start Page","item":"https:\/\/www.atamya.com\/de\/"},{"@type":"ListItem","position":2,"name":"PIM-Beratung"}]},{"@type":"WebSite","@id":"https:\/\/www.atamya.com\/de\/#website","url":"https:\/\/www.atamya.com\/de\/","name":"ATAMYA","description":"","publisher":{"@id":"https:\/\/www.atamya.com\/de\/#organization"},"potentialAction":[{"@type":"SearchAction","target":{"@type":"EntryPoint","urlTemplate":"https:\/\/www.atamya.com\/de\/?s={search_term_string}"},"query-input":{"@type":"PropertyValueSpecification","valueRequired":true,"valueName":"search_term_string"}}],"inLanguage":"de"},{"@type":"Organization","@id":"https:\/\/www.atamya.com\/de\/#organization","name":"ATAMYA","url":"https:\/\/www.atamya.com\/de\/","logo":{"@type":"ImageObject","inLanguage":"de","@id":"https:\/\/www.atamya.com\/de\/#\/schema\/logo\/image\/","url":"https:\/\/www.atamya.com\/wp-content\/uploads\/2024\/06\/ATAMYA-Favicon-02.png","contentUrl":"https:\/\/www.atamya.com\/wp-content\/uploads\/2024\/06\/ATAMYA-Favicon-02.png","width":512,"height":512,"caption":"ATAMYA"},"image":{"@id":"https:\/\/www.atamya.com\/de\/#\/schema\/logo\/image\/"}}]}},"_links":{"self":[{"href":"https:\/\/www.atamya.com\/de\/wp-json\/wp\/v2\/pages\/6371","targetHints":{"allow":["GET"]}}],"collection":[{"href":"https:\/\/www.atamya.com\/de\/wp-json\/wp\/v2\/pages"}],"about":[{"href":"https:\/\/www.atamya.com\/de\/wp-json\/wp\/v2\/types\/page"}],"author":[{"embeddable":true,"href":"https:\/\/www.atamya.com\/de\/wp-json\/wp\/v2\/users\/3"}],"replies":[{"embeddable":true,"href":"https:\/\/www.atamya.com\/de\/wp-json\/wp\/v2\/comments?post=6371"}],"version-history":[{"count":30,"href":"https:\/\/www.atamya.com\/de\/wp-json\/wp\/v2\/pages\/6371\/revisions"}],"predecessor-version":[{"id":16667,"href":"https:\/\/www.atamya.com\/de\/wp-json\/wp\/v2\/pages\/6371\/revisions\/16667"}],"wp:attachment":[{"href":"https:\/\/www.atamya.com\/de\/wp-json\/wp\/v2\/media?parent=6371"}],"curies":[{"name":"wp","href":"https:\/\/api.w.org\/{rel}","templated":true}]}}