{"id":6308,"date":"2025-03-28T11:04:04","date_gmt":"2025-03-28T11:04:04","guid":{"rendered":"https:\/\/www.atamya.com\/?page_id=6308"},"modified":"2025-07-14T15:13:46","modified_gmt":"2025-07-14T13:13:46","slug":"faq-produktbeschreibungen","status":"publish","type":"page","link":"https:\/\/www.atamya.com\/de\/faq-produktbeschreibungen\/","title":{"rendered":"FAQ Produktbeschreibungen"},"content":{"rendered":"\n<section id=\"m-media-text__container-block_da8ce39d0659a322594a589e674e6c88\" class=\"m-media-text__container u-pt-x10 u-pb-x10 u-pt-x20@md u-pb-x20@md \" data-aos=\"none\">\n    <div class=\"o-container\">\n        <div class=\"o-grid o-grid--middle\">\n            <article class=\"o-grid__col u-6\/12@sm u-mb-x6 u-mb-x0@sm\">\n                <h1>FAQ Produkt\u00adbeschreibungen<\/h1>\n<p>Hier finden Sie die wichtigsten Fragen und Antworten zum Thema Produktbeschreibungen \u2013 kurz und b\u00fcndig zusammengefasst.<\/p>\n<p><a class=\"c-btn c-btn__primary u-mt-x3\" href=\"https:\/\/www.atamya.com\/de\/downloads\/whitepaper-produktbeschreibungen\/\">Whitepaper Produktbeschreibungen<\/a><\/p>\n\n            <\/article>\n            <div class=\"o-grid__col u-6\/12@sm\">\n                <figure class=\"u-full--height u-image--hero u-mh-x12@md u-flex u-jc-center u-ai-center\">\n                    <img decoding=\"async\" src=\"https:\/\/www.atamya.com\/wp-content\/uploads\/2025\/03\/website-hero-image-faq-product-descriptions.jpg\" srcset=\"https:\/\/www.atamya.com\/wp-content\/uploads\/2025\/03\/website-hero-image-faq-product-descriptions.jpg 720w, https:\/\/www.atamya.com\/wp-content\/uploads\/2025\/03\/website-hero-image-faq-product-descriptions-300x250.jpg 300w\" sizes=\"(max-width: 890px) 100vw, 890px\" alt=\"\" class=\"\" \/>\n                <\/figure>\n            <\/div>\n        <\/div>\n    <\/div>\n<\/section>\n\n\n<section id=\"m-accordion__container-block_cc4a9193649cce2d4c485fac1175906d\" class=\"m-accordion__container u-pt-x10 u-pb-x10 u-pt-x20@md u-pb-x20@md u-bgcolor-light-grey\">\n    <div class=\"o-container\">\n        <div class=\"o-grid o-grid--center\">\n            <div class=\"o-grid__col u-12\/12@md\">\n                <div class=\"m-accordion\" data-aos=\"none\" itemscope itemtype=\"https:\/\/schema.org\/FAQPage\">\n                    <div class=\"m-accordion__item\" itemscope itemprop=\"mainEntity\" itemtype=\"https:\/\/schema.org\/Question\">\n                        <div class=\"m-accordion__header u-bgcolor-gray-light u-relative u-pv-x3 u-pv-x8@sm u-pl-x3 u-pr-x12 u-pl-x8@sm\">\n                            <p class=\"h4 u-weight-regular u-mb-x0\"  itemprop=\"name\">\n                                Was ist der Zweck einer Produktbeschreibung?\n                            <\/p>\n                        <\/div>\n                        <div class=\"m-accordion__body\" itemscope itemprop=\"acceptedAnswer\" itemtype=\"https:\/\/schema.org\/Answer\">\n                            <div class=\"u-8\/12@lg u-ph-x3 u-pb-x0 u-ph-x8@sm u-pb-x4@sm\" itemprop=\"text\">\n                                <p>Der Zweck einer Produktbeschreibung besteht darin, potenziellen K\u00e4ufer:innen wichtige Informationen zu liefern, die ihnen helfen, eine Kaufentscheidung zu treffen. Stellen Sie sich eine Produktbeschreibung wie Verk\u00e4ufer:innen vor, die 24\/7 auf Ihren Produktseiten arbeiten, um Ihre Produkte zu verkaufen.<\/p>\n\n                            <\/div>\n                        <\/div>\n                    <\/div>\n                    <div class=\"m-accordion__item\" itemscope itemprop=\"mainEntity\" itemtype=\"https:\/\/schema.org\/Question\">\n                        <div class=\"m-accordion__header u-bgcolor-gray-light u-relative u-pv-x3 u-pv-x8@sm u-pl-x3 u-pr-x12 u-pl-x8@sm\">\n                            <p class=\"h4 u-weight-regular u-mb-x0\"  itemprop=\"name\">\n                                Wie schreibe ich eine effektive Produktbeschreibung?\n                            <\/p>\n                        <\/div>\n                        <div class=\"m-accordion__body\" itemscope itemprop=\"acceptedAnswer\" itemtype=\"https:\/\/schema.org\/Answer\">\n                            <div class=\"u-8\/12@lg u-ph-x3 u-pb-x0 u-ph-x8@sm u-pb-x4@sm\" itemprop=\"text\">\n                                <ul>\n<li>Konzentrieren Sie sich auf Ihre idealen K\u00e4ufer:innen.<\/li>\n<li>Verlocken Sie mit Vorteilen.<\/li>\n<li>Rechtfertigen Sie die Verwendung von Superlativen.<\/li>\n<li>Appellieren Sie an die Vorstellungskraft Ihrer Leser:innen.<\/li>\n<li>Durchbrechen Sie rationale Barrieren mit Mini-Geschichten.<\/li>\n<li>Verf\u00fchren Sie mit sinnlichen Worten.<\/li>\n<li>\u00dcberzeugen Sie mit sozialen Beweisen.<\/li>\n<li>Machen Sie Ihre Beschreibung scannbar.<\/li>\n<\/ul>\n<p>Die wichtigsten Tipps haben wir Ihnen in einer \u00fcbersichtlichen Checkliste zusammengefasst. Laden Sie sich den Spickzettel f\u00fcr einzigartige Produktbeschreibungen gleich kostenlos herunter.<\/p>\n\n                            <\/div>\n                        <\/div>\n                    <\/div>\n                    <div class=\"m-accordion__item\" itemscope itemprop=\"mainEntity\" itemtype=\"https:\/\/schema.org\/Question\">\n                        <div class=\"m-accordion__header u-bgcolor-gray-light u-relative u-pv-x3 u-pv-x8@sm u-pl-x3 u-pr-x12 u-pl-x8@sm\">\n                            <p class=\"h4 u-weight-regular u-mb-x0\"  itemprop=\"name\">\n                                Was ist ein gutes Format f\u00fcr eine Produktbeschreibung?\n                            <\/p>\n                        <\/div>\n                        <div class=\"m-accordion__body\" itemscope itemprop=\"acceptedAnswer\" itemtype=\"https:\/\/schema.org\/Answer\">\n                            <div class=\"u-8\/12@lg u-ph-x3 u-pb-x0 u-ph-x8@sm u-pb-x4@sm\" itemprop=\"text\">\n                                <ul>\n<li>Spezifischer Produkttitel<\/li>\n<li>Kurzer, beschreibender Absatz<\/li>\n<li>Aufz\u00e4hlung von Merkmalen und technischen Details<\/li>\n<li>Sozialer Beweis<\/li>\n<li>Call to Action<\/li>\n<\/ul>\n\n                            <\/div>\n                        <\/div>\n                    <\/div>\n                    <div class=\"m-accordion__item\" itemscope itemprop=\"mainEntity\" itemtype=\"https:\/\/schema.org\/Question\">\n                        <div class=\"m-accordion__header u-bgcolor-gray-light u-relative u-pv-x3 u-pv-x8@sm u-pl-x3 u-pr-x12 u-pl-x8@sm\">\n                            <p class=\"h4 u-weight-regular u-mb-x0\"  itemprop=\"name\">\n                                Wo finde ich eine Vorlage f\u00fcr die perfekte Produktbeschreibung?\n                            <\/p>\n                        <\/div>\n                        <div class=\"m-accordion__body\" itemscope itemprop=\"acceptedAnswer\" itemtype=\"https:\/\/schema.org\/Answer\">\n                            <div class=\"u-8\/12@lg u-ph-x3 u-pb-x0 u-ph-x8@sm u-pb-x4@sm\" itemprop=\"text\">\n                                <p>Produktbeschreibungen sind so vielf\u00e4ltig wie das Produktangebot selbst. Daher gibt es nicht die eine Vorlage f\u00fcr eine perfekte Beschreibung. Aber das ist kein Grund zu verzweifeln. Wir haben Ihnen ein tolles Whitepaper \u201e10 Tipps f\u00fcr wirklich gute Produktbeschreibungen, die verkaufen\u201c mit praktischen Tipps und inspirierenden Best Practice Beispielen zusammengestellt, welches Sie sich kostenlos herunterladen k\u00f6nnen. Damit erstellen Sie im Handumdrehen sensationelle Produktbeschreibungen.<\/p>\n\n                            <\/div>\n                        <\/div>\n                    <\/div>\n                    <div class=\"m-accordion__item\" itemscope itemprop=\"mainEntity\" itemtype=\"https:\/\/schema.org\/Question\">\n                        <div class=\"m-accordion__header u-bgcolor-gray-light u-relative u-pv-x3 u-pv-x8@sm u-pl-x3 u-pr-x12 u-pl-x8@sm\">\n                            <p class=\"h4 u-weight-regular u-mb-x0\"  itemprop=\"name\">\n                                Gibt es Tools, die mir bei meiner Produktbeschreibung helfen k\u00f6nnen?\n                            <\/p>\n                        <\/div>\n                        <div class=\"m-accordion__body\" itemscope itemprop=\"acceptedAnswer\" itemtype=\"https:\/\/schema.org\/Answer\">\n                            <div class=\"u-8\/12@lg u-ph-x3 u-pb-x0 u-ph-x8@sm u-pb-x4@sm\" itemprop=\"text\">\n                                <p>Die Basis erfolgreicher Produktkommunikation sind Ihre Daten. Werden diese zentral verwaltet und gepflegt, erreichen Sie eine hohe Datenqualit\u00e4t und senden damit konsistente Botschaften an Ihre Zielgruppe. Da Produktbeschreibungen in verschiedenste Kan\u00e4le und Marktpl\u00e4tze verteilt werden, ist ein PIM-System nicht nur hilfreich, sondern ein absolutes Must-have, wenn Sie nicht im Datenchaos untergehen wollen. Gerne zeigen wir Ihnen bei einer virtuellen Tasse Kaffee, inwieweit wir Sie dabei mit unserer Software unterst\u00fctzen k\u00f6nnen. Vereinbaren Sie jetzt gleich einen unverbindlichen Demo-Termin.<\/p>\n\n                            <\/div>\n                        <\/div>\n                    <\/div>\n                    <div class=\"m-accordion__item\" itemscope itemprop=\"mainEntity\" itemtype=\"https:\/\/schema.org\/Question\">\n                        <div class=\"m-accordion__header u-bgcolor-gray-light u-relative u-pv-x3 u-pv-x8@sm u-pl-x3 u-pr-x12 u-pl-x8@sm\">\n                            <p class=\"h4 u-weight-regular u-mb-x0\"  itemprop=\"name\">\n                                Warum sind inhaltlich einwandfreie Produktbeschreibung in Online-Shops wichtig?\n                            <\/p>\n                        <\/div>\n                        <div class=\"m-accordion__body\" itemscope itemprop=\"acceptedAnswer\" itemtype=\"https:\/\/schema.org\/Answer\">\n                            <div class=\"u-8\/12@lg u-ph-x3 u-pb-x0 u-ph-x8@sm u-pb-x4@sm\" itemprop=\"text\">\n                                <p>Wenn wir im station\u00e4ren Handel shoppen, k\u00f6nnen wir das Produkt der Begierde in den H\u00e4nden halten, es f\u00fchlen und genau betrachten. Das ist beim Online-Shopping nicht m\u00f6glich. Hier kommt die Produktbeschreibung ins Spiel. Diese tr\u00e4gt vor allem beim Online-Shopping ma\u00dfgeblich zur Kaufentscheidung bei. Versetzen Sie sich in die Lage Ihrer Kund:innen, die Ihr Produkt nicht in allen Facetten kennen. Beantworten Sie in Ihrer Produktbeschreibung all ihre Fragen und stellen Sie klar und deutlich Ihren Produktnutzen heraus.<\/p>\n\n                            <\/div>\n                        <\/div>\n                    <\/div>\n                    <div class=\"m-accordion__item\" itemscope itemprop=\"mainEntity\" itemtype=\"https:\/\/schema.org\/Question\">\n                        <div class=\"m-accordion__header u-bgcolor-gray-light u-relative u-pv-x3 u-pv-x8@sm u-pl-x3 u-pr-x12 u-pl-x8@sm\">\n                            <p class=\"h4 u-weight-regular u-mb-x0\"  itemprop=\"name\">\n                                Gibt es Formulierungen, die niemand mehr lesen will?\n                            <\/p>\n                        <\/div>\n                        <div class=\"m-accordion__body\" itemscope itemprop=\"acceptedAnswer\" itemtype=\"https:\/\/schema.org\/Answer\">\n                            <div class=\"u-8\/12@lg u-ph-x3 u-pb-x0 u-ph-x8@sm u-pb-x4@sm\" itemprop=\"text\">\n                                <p>Was wirklich niemand mehr lesen will, sind die so genannten \u201eJa-ja-Phrasen\u201c oder Worth\u00fclsen. Jede:r Zweite behauptet, sie bzw. er habe das beste Produkt zum absoluten Spitzenpreis, das hei\u00dfeste Angebot, eine ausgezeichnete Auswahl, die h\u00f6chste Qualit\u00e4t etc. Wenn potenzielle K\u00e4ufer:innen so etwas lesen, denken die sich nur \u201eJa, ja\u201c. Um glaubw\u00fcrdig zu bleiben, vermeiden Sie diese Phrasen und bleiben Sie spezifisch. Konzentrieren Sie sich lieber darauf, Ihren Produktvorteil hervorzuheben und mit technischen Details zu untermauern.<\/p>\n\n                            <\/div>\n                        <\/div>\n                    <\/div>\n                <\/div>\n            <\/div>\n        <\/div>\n    <\/div>\n<\/section>","protected":false},"excerpt":{"rendered":"","protected":false},"author":3,"featured_media":0,"parent":0,"menu_order":699,"comment_status":"closed","ping_status":"closed","template":"","meta":{"_acf_changed":false,"footnotes":""},"class_list":["post-6308","page","type-page","status-publish","hentry"],"acf":[],"yoast_head":"<!-- This site is optimized with the Yoast SEO plugin v27.4 - https:\/\/yoast.com\/product\/yoast-seo-wordpress\/ -->\n<title>FAQ Produktbeschreibungen \u2013 Antworten f\u00fcr Ihr E\u2011Commerce<\/title>\n<meta name=\"description\" content=\"Wichtige Fragen zu Produktbeschreibungen einfach erkl\u00e4rt: Warum, wie, Tools &amp; Vorlagen. Optimieren Sie Ihren Content \u2013 jetzt informieren!\" \/>\n<meta name=\"robots\" content=\"index, follow, max-snippet:-1, max-image-preview:large, max-video-preview:-1\" \/>\n<link rel=\"canonical\" href=\"https:\/\/www.atamya.com\/de\/faq-produktbeschreibungen\/\" \/>\n<meta property=\"og:locale\" content=\"de_DE\" \/>\n<meta property=\"og:type\" content=\"article\" \/>\n<meta property=\"og:title\" content=\"FAQ Produktbeschreibungen \u2013 Antworten f\u00fcr Ihr E\u2011Commerce\" \/>\n<meta property=\"og:description\" content=\"Wichtige Fragen zu Produktbeschreibungen einfach erkl\u00e4rt: Warum, wie, Tools &amp; Vorlagen. Optimieren Sie Ihren Content \u2013 jetzt informieren!\" \/>\n<meta property=\"og:url\" content=\"https:\/\/www.atamya.com\/de\/faq-produktbeschreibungen\/\" \/>\n<meta property=\"og:site_name\" content=\"ATAMYA\" \/>\n<meta property=\"article:modified_time\" content=\"2025-07-14T13:13:46+00:00\" \/>\n<meta name=\"twitter:card\" content=\"summary_large_image\" \/>\n<script type=\"application\/ld+json\" class=\"yoast-schema-graph\">{\"@context\":\"https:\\\/\\\/schema.org\",\"@graph\":[{\"@type\":\"WebPage\",\"@id\":\"https:\\\/\\\/www.atamya.com\\\/de\\\/faq-produktbeschreibungen\\\/\",\"url\":\"https:\\\/\\\/www.atamya.com\\\/de\\\/faq-produktbeschreibungen\\\/\",\"name\":\"FAQ Produktbeschreibungen \u2013 Antworten f\u00fcr Ihr E\u2011Commerce\",\"isPartOf\":{\"@id\":\"https:\\\/\\\/www.atamya.com\\\/de\\\/#website\"},\"datePublished\":\"2025-03-28T11:04:04+00:00\",\"dateModified\":\"2025-07-14T13:13:46+00:00\",\"description\":\"Wichtige Fragen zu Produktbeschreibungen einfach erkl\u00e4rt: Warum, wie, Tools & Vorlagen. Optimieren Sie Ihren Content \u2013 jetzt informieren!\",\"breadcrumb\":{\"@id\":\"https:\\\/\\\/www.atamya.com\\\/de\\\/faq-produktbeschreibungen\\\/#breadcrumb\"},\"inLanguage\":\"de\",\"potentialAction\":[{\"@type\":\"ReadAction\",\"target\":[\"https:\\\/\\\/www.atamya.com\\\/de\\\/faq-produktbeschreibungen\\\/\"]}]},{\"@type\":\"BreadcrumbList\",\"@id\":\"https:\\\/\\\/www.atamya.com\\\/de\\\/faq-produktbeschreibungen\\\/#breadcrumb\",\"itemListElement\":[{\"@type\":\"ListItem\",\"position\":1,\"name\":\"Start Page\",\"item\":\"https:\\\/\\\/www.atamya.com\\\/de\\\/\"},{\"@type\":\"ListItem\",\"position\":2,\"name\":\"FAQ Produktbeschreibungen\"}]},{\"@type\":\"WebSite\",\"@id\":\"https:\\\/\\\/www.atamya.com\\\/de\\\/#website\",\"url\":\"https:\\\/\\\/www.atamya.com\\\/de\\\/\",\"name\":\"ATAMYA\",\"description\":\"\",\"publisher\":{\"@id\":\"https:\\\/\\\/www.atamya.com\\\/de\\\/#organization\"},\"potentialAction\":[{\"@type\":\"SearchAction\",\"target\":{\"@type\":\"EntryPoint\",\"urlTemplate\":\"https:\\\/\\\/www.atamya.com\\\/de\\\/?s={search_term_string}\"},\"query-input\":{\"@type\":\"PropertyValueSpecification\",\"valueRequired\":true,\"valueName\":\"search_term_string\"}}],\"inLanguage\":\"de\"},{\"@type\":\"Organization\",\"@id\":\"https:\\\/\\\/www.atamya.com\\\/de\\\/#organization\",\"name\":\"ATAMYA\",\"url\":\"https:\\\/\\\/www.atamya.com\\\/de\\\/\",\"logo\":{\"@type\":\"ImageObject\",\"inLanguage\":\"de\",\"@id\":\"https:\\\/\\\/www.atamya.com\\\/de\\\/#\\\/schema\\\/logo\\\/image\\\/\",\"url\":\"https:\\\/\\\/www.atamya.com\\\/wp-content\\\/uploads\\\/2024\\\/06\\\/ATAMYA-Favicon-02.png\",\"contentUrl\":\"https:\\\/\\\/www.atamya.com\\\/wp-content\\\/uploads\\\/2024\\\/06\\\/ATAMYA-Favicon-02.png\",\"width\":512,\"height\":512,\"caption\":\"ATAMYA\"},\"image\":{\"@id\":\"https:\\\/\\\/www.atamya.com\\\/de\\\/#\\\/schema\\\/logo\\\/image\\\/\"}}]}<\/script>\n<!-- \/ Yoast SEO plugin. -->","yoast_head_json":{"title":"FAQ Produktbeschreibungen \u2013 Antworten f\u00fcr Ihr E\u2011Commerce","description":"Wichtige Fragen zu Produktbeschreibungen einfach erkl\u00e4rt: Warum, wie, Tools & Vorlagen. Optimieren Sie Ihren Content \u2013 jetzt informieren!","robots":{"index":"index","follow":"follow","max-snippet":"max-snippet:-1","max-image-preview":"max-image-preview:large","max-video-preview":"max-video-preview:-1"},"canonical":"https:\/\/www.atamya.com\/de\/faq-produktbeschreibungen\/","og_locale":"de_DE","og_type":"article","og_title":"FAQ Produktbeschreibungen \u2013 Antworten f\u00fcr Ihr E\u2011Commerce","og_description":"Wichtige Fragen zu Produktbeschreibungen einfach erkl\u00e4rt: Warum, wie, Tools & Vorlagen. Optimieren Sie Ihren Content \u2013 jetzt informieren!","og_url":"https:\/\/www.atamya.com\/de\/faq-produktbeschreibungen\/","og_site_name":"ATAMYA","article_modified_time":"2025-07-14T13:13:46+00:00","twitter_card":"summary_large_image","schema":{"@context":"https:\/\/schema.org","@graph":[{"@type":"WebPage","@id":"https:\/\/www.atamya.com\/de\/faq-produktbeschreibungen\/","url":"https:\/\/www.atamya.com\/de\/faq-produktbeschreibungen\/","name":"FAQ Produktbeschreibungen \u2013 Antworten f\u00fcr Ihr E\u2011Commerce","isPartOf":{"@id":"https:\/\/www.atamya.com\/de\/#website"},"datePublished":"2025-03-28T11:04:04+00:00","dateModified":"2025-07-14T13:13:46+00:00","description":"Wichtige Fragen zu Produktbeschreibungen einfach erkl\u00e4rt: Warum, wie, Tools & Vorlagen. Optimieren Sie Ihren Content \u2013 jetzt informieren!","breadcrumb":{"@id":"https:\/\/www.atamya.com\/de\/faq-produktbeschreibungen\/#breadcrumb"},"inLanguage":"de","potentialAction":[{"@type":"ReadAction","target":["https:\/\/www.atamya.com\/de\/faq-produktbeschreibungen\/"]}]},{"@type":"BreadcrumbList","@id":"https:\/\/www.atamya.com\/de\/faq-produktbeschreibungen\/#breadcrumb","itemListElement":[{"@type":"ListItem","position":1,"name":"Start Page","item":"https:\/\/www.atamya.com\/de\/"},{"@type":"ListItem","position":2,"name":"FAQ Produktbeschreibungen"}]},{"@type":"WebSite","@id":"https:\/\/www.atamya.com\/de\/#website","url":"https:\/\/www.atamya.com\/de\/","name":"ATAMYA","description":"","publisher":{"@id":"https:\/\/www.atamya.com\/de\/#organization"},"potentialAction":[{"@type":"SearchAction","target":{"@type":"EntryPoint","urlTemplate":"https:\/\/www.atamya.com\/de\/?s={search_term_string}"},"query-input":{"@type":"PropertyValueSpecification","valueRequired":true,"valueName":"search_term_string"}}],"inLanguage":"de"},{"@type":"Organization","@id":"https:\/\/www.atamya.com\/de\/#organization","name":"ATAMYA","url":"https:\/\/www.atamya.com\/de\/","logo":{"@type":"ImageObject","inLanguage":"de","@id":"https:\/\/www.atamya.com\/de\/#\/schema\/logo\/image\/","url":"https:\/\/www.atamya.com\/wp-content\/uploads\/2024\/06\/ATAMYA-Favicon-02.png","contentUrl":"https:\/\/www.atamya.com\/wp-content\/uploads\/2024\/06\/ATAMYA-Favicon-02.png","width":512,"height":512,"caption":"ATAMYA"},"image":{"@id":"https:\/\/www.atamya.com\/de\/#\/schema\/logo\/image\/"}}]}},"_links":{"self":[{"href":"https:\/\/www.atamya.com\/de\/wp-json\/wp\/v2\/pages\/6308","targetHints":{"allow":["GET"]}}],"collection":[{"href":"https:\/\/www.atamya.com\/de\/wp-json\/wp\/v2\/pages"}],"about":[{"href":"https:\/\/www.atamya.com\/de\/wp-json\/wp\/v2\/types\/page"}],"author":[{"embeddable":true,"href":"https:\/\/www.atamya.com\/de\/wp-json\/wp\/v2\/users\/3"}],"replies":[{"embeddable":true,"href":"https:\/\/www.atamya.com\/de\/wp-json\/wp\/v2\/comments?post=6308"}],"version-history":[{"count":9,"href":"https:\/\/www.atamya.com\/de\/wp-json\/wp\/v2\/pages\/6308\/revisions"}],"predecessor-version":[{"id":12620,"href":"https:\/\/www.atamya.com\/de\/wp-json\/wp\/v2\/pages\/6308\/revisions\/12620"}],"wp:attachment":[{"href":"https:\/\/www.atamya.com\/de\/wp-json\/wp\/v2\/media?parent=6308"}],"curies":[{"name":"wp","href":"https:\/\/api.w.org\/{rel}","templated":true}]}}