{"id":4285,"date":"2024-10-28T14:42:40","date_gmt":"2024-10-28T14:42:40","guid":{"rendered":"https:\/\/www.atamya.com\/?page_id=4285"},"modified":"2025-08-27T13:43:35","modified_gmt":"2025-08-27T11:43:35","slug":"partnerprogramm","status":"publish","type":"page","link":"https:\/\/www.atamya.com\/de\/partnerprogramm\/","title":{"rendered":"Partnerprogramm"},"content":{"rendered":"\n<section id=\"m-media-text__container-block_42437ef040f46f123f5759599dde0152\" class=\"m-media-text__container u-pt-x10 u-pb-x10 u-pt-x20@md u-pb-x20@md \" data-aos=\"none\">\n    <div class=\"o-container\">\n        <div class=\"o-grid o-grid--middle\">\n            <article class=\"o-grid__col u-6\/12@sm u-mb-x6 u-mb-x0@sm\">\n                <h1>Das ATAMYA Partnerprogramm<\/h1>\n<p>Werden Sie Teil unseres exklusiven Netzwerks und erweitern Sie Ihr Angebot mit unserer wegweisenden SaaS PIM L\u00f6sung. Gemeinsam erobern wir neue M\u00e4rkte und maximieren den Erfolg.<\/p>\n<p><a class=\"c-btn c-btn__primary u-mt-x3\" href=\"https:\/\/www.atamya.com\/de\/partnerprogramm\/partner-werden\/\">Jetzt Partner werden<\/a><\/p>\n\n            <\/article>\n            <div class=\"o-grid__col u-6\/12@sm\">\n                <figure class=\"u-full--height u-image--hero u-mh-x12@md u-flex u-jc-center u-ai-center\">\n                    <img decoding=\"async\" src=\"https:\/\/www.atamya.com\/wp-content\/uploads\/2025\/01\/partner-hero-image-partner-programm.jpg\" srcset=\"https:\/\/www.atamya.com\/wp-content\/uploads\/2025\/01\/partner-hero-image-partner-programm.jpg 720w, https:\/\/www.atamya.com\/wp-content\/uploads\/2025\/01\/partner-hero-image-partner-programm-300x250.jpg 300w\" sizes=\"(max-width: 890px) 100vw, 890px\" alt=\"\" class=\"\" \/>\n                <\/figure>\n            <\/div>\n        <\/div>\n    <\/div>\n<\/section>\n\n\n<section id=\"m-headline__container-block_873d34e5344a9cd51cfda0254de0ef00\" class=\"m-headline__container u-pt-x10 u-pb-x0 u-pt-x20@md u-pb-x0@md\">\n    <div class=\"o-container\">\n        <div class=\"o-grid\">\n            <div class=\"o-grid__col u-12\/12@md\" data-aos=\"none\"><h2>Entdecken Sie die Vorteile unseres Partnerprogramms<\/h2><\/div>\n        <\/div>\n    <\/div>\n<\/section>\n\n\n<section id=\"m-pricing__container-block_bd9a5583cf0a45232f9e2acddeca8cab\" class=\"m-pricing__container u-pt-x0 u-pb-x15 u-pt-x0@md u-pb-x30@md\">\n    <div class=\"o-container\">\n        <div class=\"o-grid o-grid--equal-height\">\n                <div class=\"o-grid__col u-jc-center u-mv-x5 u-mv-x10@sm u-4\/12@md\" data-aos=\"none\">\n                    <article class=\"m-pricing u-flex u-fd-col u-full--width u-bgcolor-light-grey u-p-x3 u-p-x8@sm u-p-x12@lg\">\n                        <div class=\"m-pricing__content u-relative\"><p><strong>Next Gen PIM-L\u00f6sung f\u00fcr Ihre Kund:innen<\/strong><\/p>\n<p>Mit dem PIM der n\u00e4chsten Generation bieten Sie Ihren Kund:innen die modernste Technologie im Product Information Management. ATAMYA vereint eine cloud-native Plattform mit flexiblem Multi-Domain-Datenmanagement und einer intuitiv bedienbaren, benutzerfreundlichen Oberfl\u00e4che \u2013 f\u00fcr eine zukunftsorientierte L\u00f6sung.<\/p>\n<\/div><\/article>\n                <\/div>\n                <div class=\"o-grid__col u-jc-center u-mv-x5 u-mv-x10@sm u-4\/12@md\" data-aos=\"none\">\n                    <article class=\"m-pricing u-flex u-fd-col u-full--width u-bgcolor-light-grey u-p-x3 u-p-x8@sm u-p-x12@lg\">\n                        <div class=\"m-pricing__content u-relative\"><p><strong>Partnerschaft auf Augenh\u00f6he \u2013 Wachstum gemeinsam gestalten<\/strong><\/p>\n<p>Unser Partnerprogramm steht f\u00fcr eine starke, langfristige Zusammenarbeit und gemeinsames Wachstum. Mit unserer \u201ePartner-First\u201c-Strategie bieten wir transparente Vereinbarungen und ein Cloud-Gesch\u00e4ftsmodell, das Ihnen wiederkehrende Einnahmen sichert. Je weiter unsere Partnerschaft voranschreitet, desto gr\u00f6\u00dfer werden Ihre Vorteile.<\/p>\n<\/div><\/article>\n                <\/div>\n                <div class=\"o-grid__col u-jc-center u-mv-x5 u-mv-x10@sm u-4\/12@md\" data-aos=\"none\">\n                    <article class=\"m-pricing u-flex u-fd-col u-full--width u-bgcolor-light-grey u-p-x3 u-p-x8@sm u-p-x12@lg\">\n                        <div class=\"m-pricing__content u-relative\"><p><strong>Umfassende Unterst\u00fctzung durch ein engagiertes Partnerteam<\/strong><\/p>\n<p>Ein engagiertes Partnerteam steht Ihnen von Anfang an zur Seite. Ihr pers\u00f6nlicher Partnerbetreuer und technische Mentoren begleiten Sie bei der Implementierung f\u00fcr Neukund:innen, ganz im Zeichen Ihres Erfolgs. Exklusive Events, tiefgehende technische Einblicke und eine Vielfalt an Vertriebs- und Technologietools sind Teil unseres Unterst\u00fctzungspakets.<\/p>\n<\/div><\/article>\n                <\/div>\n                <div class=\"o-grid__col u-jc-center u-mv-x5 u-mv-x10@sm u-4\/12@md\" data-aos=\"none\">\n                    <article class=\"m-pricing u-flex u-fd-col u-full--width u-bgcolor-light-grey u-p-x3 u-p-x8@sm u-p-x12@lg\">\n                        <div class=\"m-pricing__content u-relative\"><p><strong>Trainings und Zertifizierungen f\u00fcr Ihr Team<\/strong><\/p>\n<p>Wir bieten Training f\u00fcr Ihr Team an \u2013 von Produkteinf\u00fchrungen \u00fcber die Entwicklung von Produktdatenmodellen bis hin zu technischen Deep-Dives. Unsere Academy deckt alles ab, vom Basis-Wissen bis hin zu individuellen Trainings, die genau auf Ihre Projekte abgestimmt sind. Und das Beste: Lassen Sie die F\u00e4higkeiten Ihrer ATAMYA-Spezialist:innen durch unsere Zertifizierung offiziell anerkennen. Diese bescheinigt ihr Fachwissen in Bezug auf unsere Cloud-L\u00f6sung und hebt Ihr Team hervor.<\/p>\n<\/div><\/article>\n                <\/div>\n                <div class=\"o-grid__col u-jc-center u-mv-x5 u-mv-x10@sm u-4\/12@md\" data-aos=\"none\">\n                    <article class=\"m-pricing u-flex u-fd-col u-full--width u-bgcolor-light-grey u-p-x3 u-p-x8@sm u-p-x12@lg\">\n                        <div class=\"m-pricing__content u-relative\"><p><strong>Ganzheitlicher Partnersupport \u00fcber den gesamten Customer Lifecycle<\/strong><\/p>\n<p>Unsere Partner haben direkten Zugang zu den technischen Expert:innen von ATAMYA f\u00fcr die Unterst\u00fctzung im PreSales, w\u00e4hrend der PIM-Implementierungen und der langfristigen Betreuung der Kund:innen. Zum Partnerprogramm geh\u00f6rt ein technischer Einarbeitungsplan, Unterst\u00fctzung bei den ersten Projekten, oder ein Helpdesk f\u00fcr Partner. Zudem bekommen Partner eine Betreuung durch unser erfahrenes Customer Success Team.<\/p>\n<\/div><\/article>\n                <\/div>\n                <div class=\"o-grid__col u-jc-center u-mv-x5 u-mv-x10@sm u-4\/12@md\" data-aos=\"none\">\n                    <article class=\"m-pricing u-flex u-fd-col u-full--width u-bgcolor-light-grey u-p-x3 u-p-x8@sm u-p-x12@lg\">\n                        <div class=\"m-pricing__content u-relative\"><p><strong>Marketingkooperation und Leadgenerierung<\/strong><\/p>\n<p>Nutzen Sie die Gelegenheit, Ihre Teams mit unserem Marketingteam zu vernetzen, um zahlreiche Marketingm\u00f6glichkeiten zu entdecken \u2013 von der Teilnahme an gemeinsamen Events bis hin zu Co-Branding-Inhalten oder Social-Media-Kampagnen. Partner profitieren sowohl von unserer Reichweite als auch durch Gesch\u00e4ftsempfehlungen. Gemeinsam steigern wir Ihre Sichtbarkeit und Ihren Erfolg!<\/p>\n<\/div><\/article>\n                <\/div>\n        <\/div>\n    <\/div>\n<\/section>\n\n\n<section id=\"m-testimonial__container-block_f5a949fbd860a23a81409d3263d7e19c\" class=\"m-testimonial__container u-pt-x10 u-pb-x10 u-pt-x20@md u-pb-x20@md\">\n    <div class=\"o-container u-ph-x0\" data-aos=\"none\">\n        <div class=\"m-slider__testimonials\" data-slide-number=\"6\">\n                    <div class=\"u-text-center\">\n                        <div class=\"o-container\">\n                            <p class=\"o-type-quote u-text-left u-mb--x12 u-mb--x15@md u-color-deepsky-blue\">\u201c<\/p>\n                            <div class=\"o-media o-media--res u-text-left\">\n                                <article class=\"o-media__fluid\"><blockquote class=\"p o-type-medium u-weight--regular u-mb-x12@md\">Mit ATAMYA haben wir eine L\u00f6sung in unserem Portfolio, die uns einen signifikanten Mehrwert f\u00fcr die Zukunft bietet. Besonders im Bereich der Content-Automatisierung und Content-Manufaktur sind strukturierte Daten, die \u00fcber eine intelligente Schnittstelle kommunizieren, unverzichtbar.<\/blockquote>\n                                    <div class=\"o-media o-media--middle o-media--res\">\n                                        <div class=\"o-media__fluid\"><p class=\"u-mb-x0 u-weight--semibold\">Jan Saponara<\/p><p class=\"u-mb-x0\">Manager Innovation &#038; New Business, PMMG<\/p><\/div>\n                                        <div class=\"o-media__fixed u-mt-x6 u-mt-x0@md\"><img decoding=\"async\" src=\"https:\/\/www.atamya.com\/wp-content\/uploads\/2024\/06\/partner-logo-pmmg.png\" alt=\"PMMG Unternehmenslogo\" class=\"\" \/>\n                                        <\/div>\n                                    <\/div>\n                                <\/article>\n                            <\/div>\n                            \n                        <\/div>\n                    <\/div>\n                    <div class=\"u-text-center\">\n                        <div class=\"o-container\">\n                            <p class=\"o-type-quote u-text-left u-mb--x12 u-mb--x15@md u-color-teal\">\u201c<\/p>\n                            <div class=\"o-media o-media--res u-text-left\">\n                                <article class=\"o-media__fluid\"><blockquote class=\"p o-type-medium u-weight--regular u-mb-x12@md\">Unsere Partnerschaft mit ATAMYA ist ein Meilenstein f\u00fcr Unternehmen, die moderne PIM- und Commerce-L\u00f6sungen suchen. Gemeinsam schaffen wir eine Plattform, die Produktdatenmanagement und Commerce-Orchestrierung nahtlos integriert \u2013 f\u00fcr effizientere Prozesse und ein herausragendes Kundenerlebnis.<\/blockquote>\n                                    <div class=\"o-media o-media--middle o-media--res\">\n                                        <div class=\"o-media__fluid\"><p class=\"u-mb-x0 u-weight--semibold\">Frank Schoutissen<\/p><p class=\"u-mb-x0\">Chief Growth Officer, Emporix<\/p><\/div>\n                                        <div class=\"o-media__fixed u-mt-x6 u-mt-x0@md\"><img decoding=\"async\" src=\"https:\/\/www.atamya.com\/wp-content\/uploads\/2024\/06\/partner-logo-emporix.png\" alt=\"Emporix Unternehmenslogo\" class=\"\" \/>\n                                        <\/div>\n                                    <\/div>\n                                <\/article>\n                            <\/div>\n                            \n                        <\/div>\n                    <\/div>\n                    <div class=\"u-text-center\">\n                        <div class=\"o-container\">\n                            <p class=\"o-type-quote u-text-left u-mb--x12 u-mb--x15@md u-color-sunshine-yellow\">\u201c<\/p>\n                            <div class=\"o-media o-media--res u-text-left\">\n                                <article class=\"o-media__fluid\"><blockquote class=\"p o-type-medium u-weight--regular u-mb-x12@md\">ATAMYA, unsere j\u00fcngste Cloud-native PIM-Applikation, verbindet die Innovationskraft eines Start-ups mit der Erfahrung und Stabilit\u00e4t eines etablierten Unternehmens wie der ATAMYA GmbH. Kurze Kommunikationswege und die sympathischen Ansprechpersonen bereiten uns gro\u00dfe Freude in der Zusammenarbeit. Weiter so, vielen Dank! <\/blockquote>\n                                    <div class=\"o-media o-media--middle o-media--res\">\n                                        <div class=\"o-media__fluid\"><p class=\"u-mb-x0 u-weight--semibold\">Marco N\u00e4geli<\/p><p class=\"u-mb-x0\">Chief Digital Officer, aclevion<\/p><\/div>\n                                        <div class=\"o-media__fixed u-mt-x6 u-mt-x0@md\"><img decoding=\"async\" src=\"https:\/\/www.atamya.com\/wp-content\/uploads\/2024\/06\/partner-logo-aclevion.png\" alt=\"aclevion Unternehmenslogo\" class=\"\" \/>\n                                        <\/div>\n                                    <\/div>\n                                <\/article>\n                            <\/div>\n                            \n                        <\/div>\n                    <\/div>\n                    <div class=\"u-text-center\">\n                        <div class=\"o-container\">\n                            <p class=\"o-type-quote u-text-left u-mb--x12 u-mb--x15@md u-color-deepsky-blue\">\u201c<\/p>\n                            <div class=\"o-media o-media--res u-text-left\">\n                                <article class=\"o-media__fluid\"><blockquote class=\"p o-type-medium u-weight--regular u-mb-x12@md\">Unternehmen mit ATAMYA PIM sind f\u00fcr uns ein Geschenk, weil in dem PIM schon so gute und angereicherte Daten vorhanden sind, dass wir ein Produktberater-Onboarding um mehrere Tage verk\u00fcrzen k\u00f6nnen. Eine perfekte Grundlage f\u00fcr kundenn\u00fctzliche Shop-F\u00fchrung!<\/blockquote>\n                                    <div class=\"o-media o-media--middle o-media--res\">\n                                        <div class=\"o-media__fluid\"><p class=\"u-mb-x0 u-weight--semibold\">Dominik Witt<\/p><p class=\"u-mb-x0\">Gesch\u00e4ftsf\u00fchrer, PHAINA<\/p><\/div>\n                                        <div class=\"o-media__fixed u-mt-x6 u-mt-x0@md\"><img decoding=\"async\" src=\"https:\/\/www.atamya.com\/wp-content\/uploads\/2024\/06\/partner-logo-phaina.png\" alt=\"PHAINA Unternehmenslogo\" class=\"\" \/>\n                                        <\/div>\n                                    <\/div>\n                                <\/article>\n                            <\/div>\n                            \n                        <\/div>\n                    <\/div>\n                    <div class=\"u-text-center\">\n                        <div class=\"o-container\">\n                            <p class=\"o-type-quote u-text-left u-mb--x12 u-mb--x15@md u-color-teal\">\u201c<\/p>\n                            <div class=\"o-media o-media--res u-text-left\">\n                                <article class=\"o-media__fluid\"><blockquote class=\"p o-type-medium u-weight--regular u-mb-x12@md\">ATAMYA \u2013 ein Juwel, das auch Spa\u00df macht! Wir haben in diesem PIM ein Juwel gefunden, welches heute schon viel kann und f\u00fcr Morgen ein enormes Potenzial hat. Spa\u00df macht es, weil die Kollegen von ATAMYA uns einladen, an diesem Potenzial mitzuwirken \u2013 und uns einen offenen und verbindlichen Spirit anbieten! Genau unser Ding!<\/blockquote>\n                                    <div class=\"o-media o-media--middle o-media--res\">\n                                        <div class=\"o-media__fluid\"><p class=\"u-mb-x0 u-weight--semibold\">Tom H\u00f6rl<\/p><p class=\"u-mb-x0\">CEO\/Inhaber, hoerl Information Management<\/p><\/div>\n                                        <div class=\"o-media__fixed u-mt-x6 u-mt-x0@md\"><img decoding=\"async\" src=\"https:\/\/www.atamya.com\/wp-content\/uploads\/2024\/06\/partner-logo-hoerl.png\" alt=\"hoerl Unternehmenslogo\" class=\"\" \/>\n                                        <\/div>\n                                    <\/div>\n                                <\/article>\n                            <\/div>\n                            \n                        <\/div>\n                    <\/div>\n                    <div class=\"u-text-center\">\n                        <div class=\"o-container\">\n                            <p class=\"o-type-quote u-text-left u-mb--x12 u-mb--x15@md u-color-deepsky-blue\">\u201c<\/p>\n                            <div class=\"o-media o-media--res u-text-left\">\n                                <article class=\"o-media__fluid\"><blockquote class=\"p o-type-medium u-weight--regular u-mb-x12@md\">Das ATAMYA PIM bietet eine hervorragende Grundlage f\u00fcr die Verwaltung und Anreicherung komplexer Produktdaten, die von der automatisierten Datenbank-Publishing-L\u00f6sung von InBetween effizient in professionelle Druckerzeugnisse umgewandelt werden. Wir freuen uns auf zuk\u00fcnftige Projekte, bei denen wir gemeinsam Arbeitsabl\u00e4ufe vereinfachen und konsistente, hochwertige Ergebnisse liefern k\u00f6nnen.<\/blockquote>\n                                    <div class=\"o-media o-media--middle o-media--res\">\n                                        <div class=\"o-media__fluid\"><p class=\"u-mb-x0 u-weight--semibold\">Alexander Dressler<\/p><p class=\"u-mb-x0\">CEO, InBetween<\/p><\/div>\n                                        <div class=\"o-media__fixed u-mt-x6 u-mt-x0@md\"><img decoding=\"async\" src=\"https:\/\/www.atamya.com\/wp-content\/uploads\/2024\/06\/partner-logo-inbetween.png\" alt=\"InBetween Unternehmenslogo\" class=\"\" \/>\n                                        <\/div>\n                                    <\/div>\n                                <\/article>\n                            <\/div>\n                            \n                        <\/div>\n                    <\/div>\n    <\/div>\n<\/section>\n\n\n<section id=\"m-media-text__container-block_a91673c8a0c3cec6c414b2ea1be9f4ab\" class=\"m-media-text__container u-pt-x10 u-pb-x10 u-pt-x20@md u-pb-x20@md u-bgcolor-sunshine-yellow\" data-aos=\"none\">\n    <div class=\"o-container\"><div class=\"o-grid o-grid--middle\">\n            <article class=\"o-grid__col u-7\/12@sm u-7\/12@lg u-mb-x6 u-mb-x0@sm\">\n                <p class=\"h3\">Werden auch Sie Teil unseres Partner-Ecosystems<\/p>\n<p>Gerne stellen wir Ihnen unser Partnerprogramm pers\u00f6nlich vor. Nehmen Sie Kontakt zu uns auf, wir freuen uns auf den Austausch.<\/p>\n<p><a class=\"c-btn c-btn__primary u-mt-x3\" href=\"https:\/\/www.atamya.com\/de\/partnerprogramm\/partner-werden\/\">\u00a0Jetzt Partner werden<\/a><\/p>\n\n            <\/article>\n            <div class=\"o-grid__col u-5\/12@sm u-4\/12@lg u-push-1\/12@lg\"><img decoding=\"async\" src=\"https:\/\/www.atamya.com\/wp-content\/uploads\/2025\/01\/cta-image-contact-yellow-man.png\" srcset=\"https:\/\/www.atamya.com\/wp-content\/uploads\/2025\/01\/cta-image-contact-yellow-man.png 720w, https:\/\/www.atamya.com\/wp-content\/uploads\/2025\/01\/cta-image-contact-yellow-man-300x258.png 300w\" sizes=\"(max-width: 640px) 100vw, 640px\" alt=\"\" class=\"\" \/><\/div>\n        <\/div><\/div>\n<\/section>","protected":false},"excerpt":{"rendered":"","protected":false},"author":3,"featured_media":0,"parent":0,"menu_order":230,"comment_status":"closed","ping_status":"closed","template":"","meta":{"_acf_changed":false,"footnotes":""},"class_list":["post-4285","page","type-page","status-publish","hentry"],"acf":[],"yoast_head":"<!-- This site is optimized with the Yoast SEO plugin v27.2 - https:\/\/yoast.com\/product\/yoast-seo-wordpress\/ -->\n<title>Gemeinsam erfolgreich \u2013 das ATAMYA Partnerprogramm<\/title>\n<meta name=\"description\" content=\"Zusammen wachsen und gemeinsam Erfolge feiern. Werden auch Sie ATAMYA-Partner und profitieren Sie von unserem Netzwerk.\" \/>\n<meta name=\"robots\" content=\"index, follow, max-snippet:-1, max-image-preview:large, max-video-preview:-1\" \/>\n<link rel=\"canonical\" href=\"https:\/\/www.atamya.com\/de\/partnerprogramm\/\" \/>\n<meta property=\"og:locale\" content=\"de_DE\" \/>\n<meta property=\"og:type\" content=\"article\" \/>\n<meta property=\"og:title\" content=\"Gemeinsam erfolgreich \u2013 das ATAMYA Partnerprogramm\" \/>\n<meta property=\"og:description\" content=\"Zusammen wachsen und gemeinsam Erfolge feiern. Werden auch Sie ATAMYA-Partner und profitieren Sie von unserem Netzwerk.\" \/>\n<meta property=\"og:url\" content=\"https:\/\/www.atamya.com\/de\/partnerprogramm\/\" \/>\n<meta property=\"og:site_name\" content=\"ATAMYA\" \/>\n<meta property=\"article:modified_time\" content=\"2025-08-27T11:43:35+00:00\" \/>\n<meta name=\"twitter:card\" content=\"summary_large_image\" \/>\n<script type=\"application\/ld+json\" class=\"yoast-schema-graph\">{\"@context\":\"https:\/\/schema.org\",\"@graph\":[{\"@type\":\"WebPage\",\"@id\":\"https:\/\/www.atamya.com\/de\/partnerprogramm\/\",\"url\":\"https:\/\/www.atamya.com\/de\/partnerprogramm\/\",\"name\":\"Gemeinsam erfolgreich \u2013 das ATAMYA Partnerprogramm\",\"isPartOf\":{\"@id\":\"https:\/\/www.atamya.com\/de\/#website\"},\"datePublished\":\"2024-10-28T14:42:40+00:00\",\"dateModified\":\"2025-08-27T11:43:35+00:00\",\"description\":\"Zusammen wachsen und gemeinsam Erfolge feiern. Werden auch Sie ATAMYA-Partner und profitieren Sie von unserem Netzwerk.\",\"breadcrumb\":{\"@id\":\"https:\/\/www.atamya.com\/de\/partnerprogramm\/#breadcrumb\"},\"inLanguage\":\"de\",\"potentialAction\":[{\"@type\":\"ReadAction\",\"target\":[\"https:\/\/www.atamya.com\/de\/partnerprogramm\/\"]}]},{\"@type\":\"BreadcrumbList\",\"@id\":\"https:\/\/www.atamya.com\/de\/partnerprogramm\/#breadcrumb\",\"itemListElement\":[{\"@type\":\"ListItem\",\"position\":1,\"name\":\"Start Page\",\"item\":\"https:\/\/www.atamya.com\/de\/\"},{\"@type\":\"ListItem\",\"position\":2,\"name\":\"Partnerprogramm\"}]},{\"@type\":\"WebSite\",\"@id\":\"https:\/\/www.atamya.com\/de\/#website\",\"url\":\"https:\/\/www.atamya.com\/de\/\",\"name\":\"ATAMYA\",\"description\":\"\",\"publisher\":{\"@id\":\"https:\/\/www.atamya.com\/de\/#organization\"},\"potentialAction\":[{\"@type\":\"SearchAction\",\"target\":{\"@type\":\"EntryPoint\",\"urlTemplate\":\"https:\/\/www.atamya.com\/de\/?s={search_term_string}\"},\"query-input\":{\"@type\":\"PropertyValueSpecification\",\"valueRequired\":true,\"valueName\":\"search_term_string\"}}],\"inLanguage\":\"de\"},{\"@type\":\"Organization\",\"@id\":\"https:\/\/www.atamya.com\/de\/#organization\",\"name\":\"ATAMYA\",\"url\":\"https:\/\/www.atamya.com\/de\/\",\"logo\":{\"@type\":\"ImageObject\",\"inLanguage\":\"de\",\"@id\":\"https:\/\/www.atamya.com\/de\/#\/schema\/logo\/image\/\",\"url\":\"https:\/\/www.atamya.com\/wp-content\/uploads\/2024\/06\/ATAMYA-Favicon-02.png\",\"contentUrl\":\"https:\/\/www.atamya.com\/wp-content\/uploads\/2024\/06\/ATAMYA-Favicon-02.png\",\"width\":512,\"height\":512,\"caption\":\"ATAMYA\"},\"image\":{\"@id\":\"https:\/\/www.atamya.com\/de\/#\/schema\/logo\/image\/\"}}]}<\/script>\n<!-- \/ Yoast SEO plugin. -->","yoast_head_json":{"title":"Gemeinsam erfolgreich \u2013 das ATAMYA Partnerprogramm","description":"Zusammen wachsen und gemeinsam Erfolge feiern. Werden auch Sie ATAMYA-Partner und profitieren Sie von unserem Netzwerk.","robots":{"index":"index","follow":"follow","max-snippet":"max-snippet:-1","max-image-preview":"max-image-preview:large","max-video-preview":"max-video-preview:-1"},"canonical":"https:\/\/www.atamya.com\/de\/partnerprogramm\/","og_locale":"de_DE","og_type":"article","og_title":"Gemeinsam erfolgreich \u2013 das ATAMYA Partnerprogramm","og_description":"Zusammen wachsen und gemeinsam Erfolge feiern. Werden auch Sie ATAMYA-Partner und profitieren Sie von unserem Netzwerk.","og_url":"https:\/\/www.atamya.com\/de\/partnerprogramm\/","og_site_name":"ATAMYA","article_modified_time":"2025-08-27T11:43:35+00:00","twitter_card":"summary_large_image","schema":{"@context":"https:\/\/schema.org","@graph":[{"@type":"WebPage","@id":"https:\/\/www.atamya.com\/de\/partnerprogramm\/","url":"https:\/\/www.atamya.com\/de\/partnerprogramm\/","name":"Gemeinsam erfolgreich \u2013 das ATAMYA Partnerprogramm","isPartOf":{"@id":"https:\/\/www.atamya.com\/de\/#website"},"datePublished":"2024-10-28T14:42:40+00:00","dateModified":"2025-08-27T11:43:35+00:00","description":"Zusammen wachsen und gemeinsam Erfolge feiern. Werden auch Sie ATAMYA-Partner und profitieren Sie von unserem Netzwerk.","breadcrumb":{"@id":"https:\/\/www.atamya.com\/de\/partnerprogramm\/#breadcrumb"},"inLanguage":"de","potentialAction":[{"@type":"ReadAction","target":["https:\/\/www.atamya.com\/de\/partnerprogramm\/"]}]},{"@type":"BreadcrumbList","@id":"https:\/\/www.atamya.com\/de\/partnerprogramm\/#breadcrumb","itemListElement":[{"@type":"ListItem","position":1,"name":"Start Page","item":"https:\/\/www.atamya.com\/de\/"},{"@type":"ListItem","position":2,"name":"Partnerprogramm"}]},{"@type":"WebSite","@id":"https:\/\/www.atamya.com\/de\/#website","url":"https:\/\/www.atamya.com\/de\/","name":"ATAMYA","description":"","publisher":{"@id":"https:\/\/www.atamya.com\/de\/#organization"},"potentialAction":[{"@type":"SearchAction","target":{"@type":"EntryPoint","urlTemplate":"https:\/\/www.atamya.com\/de\/?s={search_term_string}"},"query-input":{"@type":"PropertyValueSpecification","valueRequired":true,"valueName":"search_term_string"}}],"inLanguage":"de"},{"@type":"Organization","@id":"https:\/\/www.atamya.com\/de\/#organization","name":"ATAMYA","url":"https:\/\/www.atamya.com\/de\/","logo":{"@type":"ImageObject","inLanguage":"de","@id":"https:\/\/www.atamya.com\/de\/#\/schema\/logo\/image\/","url":"https:\/\/www.atamya.com\/wp-content\/uploads\/2024\/06\/ATAMYA-Favicon-02.png","contentUrl":"https:\/\/www.atamya.com\/wp-content\/uploads\/2024\/06\/ATAMYA-Favicon-02.png","width":512,"height":512,"caption":"ATAMYA"},"image":{"@id":"https:\/\/www.atamya.com\/de\/#\/schema\/logo\/image\/"}}]}},"_links":{"self":[{"href":"https:\/\/www.atamya.com\/de\/wp-json\/wp\/v2\/pages\/4285","targetHints":{"allow":["GET"]}}],"collection":[{"href":"https:\/\/www.atamya.com\/de\/wp-json\/wp\/v2\/pages"}],"about":[{"href":"https:\/\/www.atamya.com\/de\/wp-json\/wp\/v2\/types\/page"}],"author":[{"embeddable":true,"href":"https:\/\/www.atamya.com\/de\/wp-json\/wp\/v2\/users\/3"}],"replies":[{"embeddable":true,"href":"https:\/\/www.atamya.com\/de\/wp-json\/wp\/v2\/comments?post=4285"}],"version-history":[{"count":43,"href":"https:\/\/www.atamya.com\/de\/wp-json\/wp\/v2\/pages\/4285\/revisions"}],"predecessor-version":[{"id":16669,"href":"https:\/\/www.atamya.com\/de\/wp-json\/wp\/v2\/pages\/4285\/revisions\/16669"}],"wp:attachment":[{"href":"https:\/\/www.atamya.com\/de\/wp-json\/wp\/v2\/media?parent=4285"}],"curies":[{"name":"wp","href":"https:\/\/api.w.org\/{rel}","templated":true}]}}