{"id":4127,"date":"2025-04-02T16:33:58","date_gmt":"2025-04-02T16:33:58","guid":{"rendered":"https:\/\/www.atamya.com\/?page_id=4127"},"modified":"2026-02-13T15:14:25","modified_gmt":"2026-02-13T14:14:25","slug":"eggheads","status":"publish","type":"page","link":"https:\/\/www.atamya.com\/de\/eggheads\/","title":{"rendered":"Aus eggheads wird ATAMYA"},"content":{"rendered":"\n<section id=\"m-media-text__container-block_784126f4c442d7e25803932e275d8c83\" class=\"m-media-text__container u-pt-x10 u-pb-x10 u-pt-x20@md u-pb-x20@md u-bgcolor-light-grey-400\" data-aos=\"none\">\n    <div class=\"o-container\">\n        <div class=\"o-grid o-grid--middle\">\n            <article class=\"o-grid__col u-6\/12@sm u-mb-x6 u-mb-x0@sm\">\n                <h1>Aus eggheads wird ATAMYA<\/h1>\n<p>Getreu dem Prinzip \u201einnovativer, leistungsst\u00e4rker, moderner\u201c wird aus eggheads ATAMYA. Im Zuge unseres Rebrandings sind wir jetzt unter atamya.com erreichbar \u2013 hier finden Sie alle wichtigen Informationen.<\/p>\n<p><a class=\"c-btn c-btn__primary u-mt-x3\" href=\"https:\/\/www.atamya.com\/de\/kontakt\/\">Jetzt Kontakt aufnehmen<\/a><\/p>\n\n            <\/article>\n            <div class=\"o-grid__col u-6\/12@sm\">\n                <figure class=\"u-full--height u-image--hero u-mh-x12@md u-flex u-jc-center u-ai-center\">\n                    <img decoding=\"async\" src=\"https:\/\/www.atamya.com\/wp-content\/uploads\/2025\/03\/website-hero-image-egghads-atamya-2.png\" srcset=\"https:\/\/www.atamya.com\/wp-content\/uploads\/2025\/03\/website-hero-image-egghads-atamya-2.png 720w, https:\/\/www.atamya.com\/wp-content\/uploads\/2025\/03\/website-hero-image-egghads-atamya-2-300x250.png 300w\" sizes=\"(max-width: 890px) 100vw, 890px\" alt=\"\" class=\"\" \/>\n                <\/figure>\n            <\/div>\n        <\/div>\n    <\/div>\n<\/section>\n\n\n<section id=\"m-headline__container-block_507f54e3608505b89e66ec28f5777f11\" class=\"m-headline__container u-pt-x10 u-pb-x0 u-pt-x20@md u-pb-x0@md\">\n    <div class=\"o-container\">\n        <div class=\"o-grid o-grid--center\">\n            <div class=\"o-grid__col u-12\/12@md\" data-aos=\"none\"><h2>Neue Marke, neue Perspektiven<\/h2><\/div>\n        <\/div>\n    <\/div>\n<\/section>\n\n\n<section id=\"m-text__container-block_435779e274b1d29286bdab73616245d1\" class=\"m-text__container u-pt-x0 u-pb-x10 u-pt-x0@md u-pb-x20@md\">\n    <div class=\"o-container\">\n        <div class=\"o-grid\">\n                <div class=\"o-grid__col u-8\/12@md\" data-aos=\"none\">\n                    <p>Mit dem Schritt von eggheads zu ATAMYA vereinen wir bew\u00e4hrte Expertise mit modernster Technologie. Entdecken Sie ATAMYA, unsere neue L\u00f6sung, die innovativer, leistungsst\u00e4rker und noch besser auf Ihr Business zugeschnitten ist.<\/p>\n\n                <\/div>\n        <\/div>\n    <\/div>\n<\/section>\n\n\n<section id=\"m-media-text__container-block_18a0f431406c32b656b2d21edd1ec0a8\" class=\"m-media-text__container u-pt-x10 u-pb-x10 u-pt-x20@md u-pb-x20@md u-bgcolor-light-grey-400\" data-aos=\"none\">\n    <div class=\"o-container\">\n        <div class=\"o-grid o-grid--rev o-grid--middle\">\n            <article class=\"o-grid__col u-6\/12@sm u-mb-x6 u-mb-x0@sm\">\n                <h3>Das steckt hinter dem Rebranding<\/h3>\n<p>Erfahren Sie alles Wissenswerte \u00fcber das Rebranding von eggheads zu ATAMYA und die Neuerungen, die damit einhergehen. Alle Details finden Sie in unserer Pressemitteilung.<\/p>\n<p><a class=\"c-btn c-btn__primary u-mt-x3\" href=\"https:\/\/www.atamya.com\/de\/news\/eggheads-wird-zu-atamya\/\">Zur Pressemitteilung<\/a><\/p>\n\n            <\/article>\n            <div class=\"o-grid__col u-6\/12@sm\">\n                <figure class=\"u-full--height u-flex u-jc-center u-ai-center\">\n                    <img decoding=\"async\" src=\"https:\/\/www.atamya.com\/wp-content\/uploads\/2025\/03\/website-eggheads-atamya-image-pressemitteilung.png\" srcset=\"https:\/\/www.atamya.com\/wp-content\/uploads\/2025\/03\/website-eggheads-atamya-image-pressemitteilung.png 728w, https:\/\/www.atamya.com\/wp-content\/uploads\/2025\/03\/website-eggheads-atamya-image-pressemitteilung-300x180.png 300w\" sizes=\"(max-width: 890px) 100vw, 890px\" alt=\"\" class=\"\" \/>\n                <\/figure>\n            <\/div>\n        <\/div>\n    <\/div>\n<\/section>\n\n\n<section id=\"m-media-text__container-block_7e6c23ccfa8edcd71a74af40a1479f1f\" class=\"m-media-text__container u-pt-x10 u-pb-x10 u-pt-x20@md u-pb-x20@md \" data-aos=\"none\">\n    <div class=\"o-container\">\n        <div class=\"o-grid o-grid--middle\">\n            <article class=\"o-grid__col u-6\/12@sm u-mb-x6 u-mb-x0@sm\">\n                <h3>ATAMYA Product Cloud<\/h3>\n<p>Entdecken Sie die ATAMYA Product Cloud \u2013 unsere neue, leistungsstarke Softwarel\u00f6sung, die Ihr Product Information Management noch effizienter macht. Erfahren Sie, wie Sie mit ATAMYA Ihre Prozesse optimieren und Ihr Unternehmen vorantreiben k\u00f6nnen.<\/p>\n<p><a class=\"c-btn c-btn__primary u-mt-x3\" href=\"https:\/\/www.atamya.com\/de\/atamya-product-cloud\/\">Zur ATAMYA Product Cloud<\/a><\/p>\n\n            <\/article>\n            <div class=\"o-grid__col u-6\/12@sm\">\n                <figure class=\"u-full--height u-flex u-jc-center u-ai-center\">\n                    <img decoding=\"async\" src=\"https:\/\/www.atamya.com\/wp-content\/uploads\/2025\/03\/website-eggheads-atamya-image-product-cloud.png\" srcset=\"https:\/\/www.atamya.com\/wp-content\/uploads\/2025\/03\/website-eggheads-atamya-image-product-cloud.png 728w, https:\/\/www.atamya.com\/wp-content\/uploads\/2025\/03\/website-eggheads-atamya-image-product-cloud-300x180.png 300w\" sizes=\"(max-width: 890px) 100vw, 890px\" alt=\"\" class=\"\" \/>\n                <\/figure>\n            <\/div>\n        <\/div>\n    <\/div>\n<\/section>\n\n\n<section id=\"m-media-text__container-block_524dd1b6302f44d0c86ac96b19c17dc3\" class=\"m-media-text__container u-pt-x10 u-pb-x10 u-pt-x20@md u-pb-x20@md u-bgcolor-light-grey-400\" data-aos=\"none\">\n    <div class=\"o-container\">\n        <div class=\"o-grid o-grid--rev o-grid--middle\">\n            <article class=\"o-grid__col u-6\/12@sm u-mb-x6 u-mb-x0@sm\">\n                <h3>Lernen Sie ATAMYA kennen \u2013 unsere Werte, unser Antrieb<\/h3>\n<p>Entdecken Sie, wof\u00fcr ATAMYA steht: unsere Mission, unsere Werte und unsere Vision f\u00fcr die Zukunft. Erfahren Sie, was uns antreibt und wie unsere innovative Cloud-Plattform Ihr Business optimal unterst\u00fctzt.<\/p>\n<p><a class=\"c-btn c-btn__primary u-mt-x3\" href=\"https:\/\/www.atamya.com\/de\/about-atamya\/\">About ATAMYA<\/a><\/p>\n\n            <\/article>\n            <div class=\"o-grid__col u-6\/12@sm\">\n                <figure class=\"u-full--height u-flex u-jc-center u-ai-center\">\n                    <img decoding=\"async\" src=\"https:\/\/www.atamya.com\/wp-content\/uploads\/2025\/03\/website-eggheads-atamya-image-about-atamya.png\" srcset=\"https:\/\/www.atamya.com\/wp-content\/uploads\/2025\/03\/website-eggheads-atamya-image-about-atamya.png 728w, https:\/\/www.atamya.com\/wp-content\/uploads\/2025\/03\/website-eggheads-atamya-image-about-atamya-300x180.png 300w\" sizes=\"(max-width: 890px) 100vw, 890px\" alt=\"\" class=\"\" \/>\n                <\/figure>\n            <\/div>\n        <\/div>\n    <\/div>\n<\/section>\n\n\n<section id=\"m-media-text__container-block_eaf0553538017b8f3463e5aefbff69d8\" class=\"m-media-text__container u-pt-x10 u-pb-x10 u-pt-x20@md u-pb-x20@md \" data-aos=\"none\">\n    <div class=\"o-container\">\n        <div class=\"o-grid o-grid--middle\">\n            <article class=\"o-grid__col u-6\/12@sm u-mb-x6 u-mb-x0@sm\">\n                <h3>Wissen &amp; Inspiration<\/h3>\n<p>Selbstverst\u00e4ndlich bleibt unsere Wissensrubrik erhalten! Entdecken Sie im Bereich Ressourcen spannende Blogartikel, wertvolle Downloads und aktuelle Events. Bleiben Sie auf dem Laufenden!<\/p>\n<p><a class=\"c-btn c-btn__primary u-mt-x3\" href=\"https:\/\/www.atamya.com\/de\/ressourcen\/\">Zu den Ressourcen<\/a><\/p>\n\n            <\/article>\n            <div class=\"o-grid__col u-6\/12@sm\">\n                <figure class=\"u-full--height u-flex u-jc-center u-ai-center\">\n                    <img decoding=\"async\" src=\"https:\/\/www.atamya.com\/wp-content\/uploads\/2025\/03\/website-eggheads-atamya-image-ressourcen.png\" srcset=\"https:\/\/www.atamya.com\/wp-content\/uploads\/2025\/03\/website-eggheads-atamya-image-ressourcen.png 728w, https:\/\/www.atamya.com\/wp-content\/uploads\/2025\/03\/website-eggheads-atamya-image-ressourcen-300x180.png 300w\" sizes=\"(max-width: 890px) 100vw, 890px\" alt=\"\" class=\"\" \/>\n                <\/figure>\n            <\/div>\n        <\/div>\n    <\/div>\n<\/section>\n\n\n<section id=\"m-media-text__container-block_71ddaac89f36442a0243bd3006f60f06\" class=\"m-media-text__container u-pt-x10 u-pb-x10 u-pt-x20@md u-pb-x20@md u-bgcolor-deepsky-blue\" data-aos=\"none\">\n    <div class=\"o-container\"><div class=\"o-grid o-grid--rev o-grid--middle\">\n            <article class=\"o-grid__col u-7\/12@sm u-7\/12@lg u-push-1\/12@lg u-mb-x6 u-mb-x0@sm\">\n                <p class=\"h3\">Haben Sie noch Fragen?<\/p>\n<p>Kontaktieren Sie uns gerne \u2013 wir helfen Ihnen weiter!<\/p>\n<p><a class=\"c-btn c-btn__primary u-mt-x3\" href=\"https:\/\/www.atamya.com\/de\/kontakt\/\">Jetzt Kontakt aufnehmen<\/a><\/p>\n\n            <\/article>\n            <div class=\"o-grid__col u-5\/12@sm u-4\/12@lg\"><img decoding=\"async\" src=\"https:\/\/www.atamya.com\/wp-content\/uploads\/2025\/01\/cta-image-contact-blue-woman.png\" srcset=\"https:\/\/www.atamya.com\/wp-content\/uploads\/2025\/01\/cta-image-contact-blue-woman.png 720w, https:\/\/www.atamya.com\/wp-content\/uploads\/2025\/01\/cta-image-contact-blue-woman-300x258.png 300w\" sizes=\"(max-width: 640px) 100vw, 640px\" alt=\"\" class=\"\" \/><\/div>\n        <\/div><\/div>\n<\/section>","protected":false},"excerpt":{"rendered":"","protected":false},"author":3,"featured_media":0,"parent":0,"menu_order":750,"comment_status":"closed","ping_status":"closed","template":"","meta":{"_acf_changed":false,"footnotes":""},"class_list":["post-4127","page","type-page","status-publish","hentry"],"acf":[],"yoast_head":"<!-- This site is optimized with the Yoast SEO plugin v27.2 - https:\/\/yoast.com\/product\/yoast-seo-wordpress\/ -->\n<title>Aus eggheads wird ATAMYA<\/title>\n<meta name=\"description\" content=\"Getreu dem Prinzip \u201einnovativer, leistungsst\u00e4rker, moderner\u201c wird aus eggheads ATAMYA. Hier erhalten sie alle Informationen zum Rebranding.\" \/>\n<meta name=\"robots\" content=\"index, follow, max-snippet:-1, max-image-preview:large, max-video-preview:-1\" \/>\n<link rel=\"canonical\" href=\"https:\/\/www.atamya.com\/de\/eggheads\/\" \/>\n<meta property=\"og:locale\" content=\"de_DE\" \/>\n<meta property=\"og:type\" content=\"article\" \/>\n<meta property=\"og:title\" content=\"Aus eggheads wird ATAMYA\" \/>\n<meta property=\"og:description\" content=\"Getreu dem Prinzip \u201einnovativer, leistungsst\u00e4rker, moderner\u201c wird aus eggheads ATAMYA. Hier erhalten sie alle Informationen zum Rebranding.\" \/>\n<meta property=\"og:url\" content=\"https:\/\/www.atamya.com\/de\/eggheads\/\" \/>\n<meta property=\"og:site_name\" content=\"ATAMYA\" \/>\n<meta property=\"article:modified_time\" content=\"2026-02-13T14:14:25+00:00\" \/>\n<meta name=\"twitter:card\" content=\"summary_large_image\" \/>\n<script type=\"application\/ld+json\" class=\"yoast-schema-graph\">{\"@context\":\"https:\/\/schema.org\",\"@graph\":[{\"@type\":\"WebPage\",\"@id\":\"https:\/\/www.atamya.com\/de\/eggheads\/\",\"url\":\"https:\/\/www.atamya.com\/de\/eggheads\/\",\"name\":\"Aus eggheads wird ATAMYA\",\"isPartOf\":{\"@id\":\"https:\/\/www.atamya.com\/de\/#website\"},\"datePublished\":\"2025-04-02T16:33:58+00:00\",\"dateModified\":\"2026-02-13T14:14:25+00:00\",\"description\":\"Getreu dem Prinzip \u201einnovativer, leistungsst\u00e4rker, moderner\u201c wird aus eggheads ATAMYA. Hier erhalten sie alle Informationen zum Rebranding.\",\"breadcrumb\":{\"@id\":\"https:\/\/www.atamya.com\/de\/eggheads\/#breadcrumb\"},\"inLanguage\":\"de\",\"potentialAction\":[{\"@type\":\"ReadAction\",\"target\":[\"https:\/\/www.atamya.com\/de\/eggheads\/\"]}]},{\"@type\":\"BreadcrumbList\",\"@id\":\"https:\/\/www.atamya.com\/de\/eggheads\/#breadcrumb\",\"itemListElement\":[{\"@type\":\"ListItem\",\"position\":1,\"name\":\"Start Page\",\"item\":\"https:\/\/www.atamya.com\/de\/\"},{\"@type\":\"ListItem\",\"position\":2,\"name\":\"Aus eggheads wird ATAMYA\"}]},{\"@type\":\"WebSite\",\"@id\":\"https:\/\/www.atamya.com\/de\/#website\",\"url\":\"https:\/\/www.atamya.com\/de\/\",\"name\":\"ATAMYA\",\"description\":\"\",\"publisher\":{\"@id\":\"https:\/\/www.atamya.com\/de\/#organization\"},\"potentialAction\":[{\"@type\":\"SearchAction\",\"target\":{\"@type\":\"EntryPoint\",\"urlTemplate\":\"https:\/\/www.atamya.com\/de\/?s={search_term_string}\"},\"query-input\":{\"@type\":\"PropertyValueSpecification\",\"valueRequired\":true,\"valueName\":\"search_term_string\"}}],\"inLanguage\":\"de\"},{\"@type\":\"Organization\",\"@id\":\"https:\/\/www.atamya.com\/de\/#organization\",\"name\":\"ATAMYA\",\"url\":\"https:\/\/www.atamya.com\/de\/\",\"logo\":{\"@type\":\"ImageObject\",\"inLanguage\":\"de\",\"@id\":\"https:\/\/www.atamya.com\/de\/#\/schema\/logo\/image\/\",\"url\":\"https:\/\/www.atamya.com\/wp-content\/uploads\/2024\/06\/ATAMYA-Favicon-02.png\",\"contentUrl\":\"https:\/\/www.atamya.com\/wp-content\/uploads\/2024\/06\/ATAMYA-Favicon-02.png\",\"width\":512,\"height\":512,\"caption\":\"ATAMYA\"},\"image\":{\"@id\":\"https:\/\/www.atamya.com\/de\/#\/schema\/logo\/image\/\"}}]}<\/script>\n<!-- \/ Yoast SEO plugin. -->","yoast_head_json":{"title":"Aus eggheads wird ATAMYA","description":"Getreu dem Prinzip \u201einnovativer, leistungsst\u00e4rker, moderner\u201c wird aus eggheads ATAMYA. Hier erhalten sie alle Informationen zum Rebranding.","robots":{"index":"index","follow":"follow","max-snippet":"max-snippet:-1","max-image-preview":"max-image-preview:large","max-video-preview":"max-video-preview:-1"},"canonical":"https:\/\/www.atamya.com\/de\/eggheads\/","og_locale":"de_DE","og_type":"article","og_title":"Aus eggheads wird ATAMYA","og_description":"Getreu dem Prinzip \u201einnovativer, leistungsst\u00e4rker, moderner\u201c wird aus eggheads ATAMYA. Hier erhalten sie alle Informationen zum Rebranding.","og_url":"https:\/\/www.atamya.com\/de\/eggheads\/","og_site_name":"ATAMYA","article_modified_time":"2026-02-13T14:14:25+00:00","twitter_card":"summary_large_image","schema":{"@context":"https:\/\/schema.org","@graph":[{"@type":"WebPage","@id":"https:\/\/www.atamya.com\/de\/eggheads\/","url":"https:\/\/www.atamya.com\/de\/eggheads\/","name":"Aus eggheads wird ATAMYA","isPartOf":{"@id":"https:\/\/www.atamya.com\/de\/#website"},"datePublished":"2025-04-02T16:33:58+00:00","dateModified":"2026-02-13T14:14:25+00:00","description":"Getreu dem Prinzip \u201einnovativer, leistungsst\u00e4rker, moderner\u201c wird aus eggheads ATAMYA. Hier erhalten sie alle Informationen zum Rebranding.","breadcrumb":{"@id":"https:\/\/www.atamya.com\/de\/eggheads\/#breadcrumb"},"inLanguage":"de","potentialAction":[{"@type":"ReadAction","target":["https:\/\/www.atamya.com\/de\/eggheads\/"]}]},{"@type":"BreadcrumbList","@id":"https:\/\/www.atamya.com\/de\/eggheads\/#breadcrumb","itemListElement":[{"@type":"ListItem","position":1,"name":"Start Page","item":"https:\/\/www.atamya.com\/de\/"},{"@type":"ListItem","position":2,"name":"Aus eggheads wird ATAMYA"}]},{"@type":"WebSite","@id":"https:\/\/www.atamya.com\/de\/#website","url":"https:\/\/www.atamya.com\/de\/","name":"ATAMYA","description":"","publisher":{"@id":"https:\/\/www.atamya.com\/de\/#organization"},"potentialAction":[{"@type":"SearchAction","target":{"@type":"EntryPoint","urlTemplate":"https:\/\/www.atamya.com\/de\/?s={search_term_string}"},"query-input":{"@type":"PropertyValueSpecification","valueRequired":true,"valueName":"search_term_string"}}],"inLanguage":"de"},{"@type":"Organization","@id":"https:\/\/www.atamya.com\/de\/#organization","name":"ATAMYA","url":"https:\/\/www.atamya.com\/de\/","logo":{"@type":"ImageObject","inLanguage":"de","@id":"https:\/\/www.atamya.com\/de\/#\/schema\/logo\/image\/","url":"https:\/\/www.atamya.com\/wp-content\/uploads\/2024\/06\/ATAMYA-Favicon-02.png","contentUrl":"https:\/\/www.atamya.com\/wp-content\/uploads\/2024\/06\/ATAMYA-Favicon-02.png","width":512,"height":512,"caption":"ATAMYA"},"image":{"@id":"https:\/\/www.atamya.com\/de\/#\/schema\/logo\/image\/"}}]}},"_links":{"self":[{"href":"https:\/\/www.atamya.com\/de\/wp-json\/wp\/v2\/pages\/4127","targetHints":{"allow":["GET"]}}],"collection":[{"href":"https:\/\/www.atamya.com\/de\/wp-json\/wp\/v2\/pages"}],"about":[{"href":"https:\/\/www.atamya.com\/de\/wp-json\/wp\/v2\/types\/page"}],"author":[{"embeddable":true,"href":"https:\/\/www.atamya.com\/de\/wp-json\/wp\/v2\/users\/3"}],"replies":[{"embeddable":true,"href":"https:\/\/www.atamya.com\/de\/wp-json\/wp\/v2\/comments?post=4127"}],"version-history":[{"count":27,"href":"https:\/\/www.atamya.com\/de\/wp-json\/wp\/v2\/pages\/4127\/revisions"}],"predecessor-version":[{"id":20569,"href":"https:\/\/www.atamya.com\/de\/wp-json\/wp\/v2\/pages\/4127\/revisions\/20569"}],"wp:attachment":[{"href":"https:\/\/www.atamya.com\/de\/wp-json\/wp\/v2\/media?parent=4127"}],"curies":[{"name":"wp","href":"https:\/\/api.w.org\/{rel}","templated":true}]}}