{"id":3558,"date":"2024-10-16T12:32:09","date_gmt":"2024-10-16T12:32:09","guid":{"rendered":"https:\/\/www.atamya.com\/?page_id=3558"},"modified":"2025-05-23T11:54:18","modified_gmt":"2025-05-23T09:54:18","slug":"partner-werden","status":"publish","type":"page","link":"https:\/\/www.atamya.com\/de\/partnerprogramm\/partner-werden\/","title":{"rendered":"Partner werden"},"content":{"rendered":"\n<section id=\"m-form__container-block_ab7a491a69b0cd2c861c60085e110808\" class=\"m-form__container \">\n    <div class=\"o-container\">\n        <div class=\"o-grid o-grid--center\"><article class=\"o-grid__col u-6\/12@sm u-pr-x6 u-pt-x10 u-pb-x10 u-pt-x15@md u-pb-x20@md\"><h1>Werden Sie Teil unserer Erfolgsgeschichte!<\/h1>\n<p>M\u00f6chten Sie Ihr Gesch\u00e4ft auf das n\u00e4chste Level heben und von einer starken Partnerschaft profitieren? In unserem <a href=\"https:\/\/www.atamya.com\/de\/partnerprogramm\/\">Partnerprogramm<\/a> erwarten Sie unter anderem:<\/p>\n<ul>\n<li>Ein hoch attraktives Partnermodell auf Augenh\u00f6he<\/li>\n<li>Umfassende Unterst\u00fctzung durch unseren Partnermanager<\/li>\n<li>Ein reibungsloser Onboarding-Prozess mit direktem Zugang zu unserem Expertenteam<\/li>\n<li>Co-Marketing und Co-Selling-Initiativen<\/li>\n<li>Schulungen und Weiterbildung f\u00fcr Ihre Teams<\/li>\n<li>Zugang zu Trial-Systemen, Roadmaps und umfassenden Support<\/li>\n<\/ul>\n<p>Lassen Sie uns in einem pers\u00f6nlichen Austausch gemeinsam herausfinden, wie wir gegenseitig voneinander profitieren k\u00f6nnen! Nutzen Sie die Chance, detaillierte Informationen zu erhalten und Teil unseres dynamischen Netzwerks zu werden.<\/p>\n<p><strong>Wir freuen uns auf Sie!<\/strong><\/p>\n<p>&nbsp;<\/p>\n<\/article><div class=\"o-grid__col u-6\/12@sm u-5\/12@xl u-push-1\/12@xlu-pt-x10 u-pb-x10 u-pt-x15@md u-pb-x20@md\"><div class=\"u-p-x6 u-p-x12@md u-shadow--large u-rounded  u-bgcolor-white\"><script charset=\"utf-8\" type=\"text\/javascript\" src=\"\/\/js.hsforms.net\/forms\/embed\/v2.js\"><\/script>\r\n<script>\r\n  hbspt.forms.create({\r\n    region: \"na1\",\r\n    portalId: \"7319657\",\r\n    formId: \"7852a2c4-c900-4634-9156-061e34b76046\"\r\n  });\r\n<\/script><\/div><\/div><\/div>\n    <\/div>\n<\/section>","protected":false},"excerpt":{"rendered":"","protected":false},"author":3,"featured_media":0,"parent":4285,"menu_order":10,"comment_status":"closed","ping_status":"closed","template":"","meta":{"_acf_changed":false,"footnotes":""},"class_list":["post-3558","page","type-page","status-publish","hentry"],"acf":[],"yoast_head":"<!-- This site is optimized with the Yoast SEO plugin v27.4 - https:\/\/yoast.com\/product\/yoast-seo-wordpress\/ -->\n<title>ATAMYA Partner werden<\/title>\n<meta name=\"description\" content=\"Sie wollen ATAMYA Partner werden und von unserem erstklassigen Partnerprogramm profitieren? Jetzt Partnerschaft anfragen.\" \/>\n<meta name=\"robots\" content=\"index, follow, max-snippet:-1, max-image-preview:large, max-video-preview:-1\" \/>\n<link rel=\"canonical\" href=\"https:\/\/www.atamya.com\/de\/partnerprogramm\/partner-werden\/\" \/>\n<meta property=\"og:locale\" content=\"de_DE\" \/>\n<meta property=\"og:type\" content=\"article\" \/>\n<meta property=\"og:title\" content=\"ATAMYA Partner werden\" \/>\n<meta property=\"og:description\" content=\"Sie wollen ATAMYA Partner werden und von unserem erstklassigen Partnerprogramm profitieren? Jetzt Partnerschaft anfragen.\" \/>\n<meta property=\"og:url\" content=\"https:\/\/www.atamya.com\/de\/partnerprogramm\/partner-werden\/\" \/>\n<meta property=\"og:site_name\" content=\"ATAMYA\" \/>\n<meta property=\"article:modified_time\" content=\"2025-05-23T09:54:18+00:00\" \/>\n<meta name=\"twitter:card\" content=\"summary_large_image\" \/>\n<script type=\"application\/ld+json\" class=\"yoast-schema-graph\">{\"@context\":\"https:\\\/\\\/schema.org\",\"@graph\":[{\"@type\":\"WebPage\",\"@id\":\"https:\\\/\\\/www.atamya.com\\\/de\\\/partnerprogramm\\\/partner-werden\\\/\",\"url\":\"https:\\\/\\\/www.atamya.com\\\/de\\\/partnerprogramm\\\/partner-werden\\\/\",\"name\":\"ATAMYA Partner werden\",\"isPartOf\":{\"@id\":\"https:\\\/\\\/www.atamya.com\\\/de\\\/#website\"},\"datePublished\":\"2024-10-16T12:32:09+00:00\",\"dateModified\":\"2025-05-23T09:54:18+00:00\",\"description\":\"Sie wollen ATAMYA Partner werden und von unserem erstklassigen Partnerprogramm profitieren? Jetzt Partnerschaft anfragen.\",\"breadcrumb\":{\"@id\":\"https:\\\/\\\/www.atamya.com\\\/de\\\/partnerprogramm\\\/partner-werden\\\/#breadcrumb\"},\"inLanguage\":\"de\",\"potentialAction\":[{\"@type\":\"ReadAction\",\"target\":[\"https:\\\/\\\/www.atamya.com\\\/de\\\/partnerprogramm\\\/partner-werden\\\/\"]}]},{\"@type\":\"BreadcrumbList\",\"@id\":\"https:\\\/\\\/www.atamya.com\\\/de\\\/partnerprogramm\\\/partner-werden\\\/#breadcrumb\",\"itemListElement\":[{\"@type\":\"ListItem\",\"position\":1,\"name\":\"Start Page\",\"item\":\"https:\\\/\\\/www.atamya.com\\\/de\\\/\"},{\"@type\":\"ListItem\",\"position\":2,\"name\":\"Partnerprogramm\",\"item\":\"https:\\\/\\\/www.atamya.com\\\/de\\\/partnerprogramm\\\/\"},{\"@type\":\"ListItem\",\"position\":3,\"name\":\"Partner werden\"}]},{\"@type\":\"WebSite\",\"@id\":\"https:\\\/\\\/www.atamya.com\\\/de\\\/#website\",\"url\":\"https:\\\/\\\/www.atamya.com\\\/de\\\/\",\"name\":\"ATAMYA\",\"description\":\"\",\"publisher\":{\"@id\":\"https:\\\/\\\/www.atamya.com\\\/de\\\/#organization\"},\"potentialAction\":[{\"@type\":\"SearchAction\",\"target\":{\"@type\":\"EntryPoint\",\"urlTemplate\":\"https:\\\/\\\/www.atamya.com\\\/de\\\/?s={search_term_string}\"},\"query-input\":{\"@type\":\"PropertyValueSpecification\",\"valueRequired\":true,\"valueName\":\"search_term_string\"}}],\"inLanguage\":\"de\"},{\"@type\":\"Organization\",\"@id\":\"https:\\\/\\\/www.atamya.com\\\/de\\\/#organization\",\"name\":\"ATAMYA\",\"url\":\"https:\\\/\\\/www.atamya.com\\\/de\\\/\",\"logo\":{\"@type\":\"ImageObject\",\"inLanguage\":\"de\",\"@id\":\"https:\\\/\\\/www.atamya.com\\\/de\\\/#\\\/schema\\\/logo\\\/image\\\/\",\"url\":\"https:\\\/\\\/www.atamya.com\\\/wp-content\\\/uploads\\\/2024\\\/06\\\/ATAMYA-Favicon-02.png\",\"contentUrl\":\"https:\\\/\\\/www.atamya.com\\\/wp-content\\\/uploads\\\/2024\\\/06\\\/ATAMYA-Favicon-02.png\",\"width\":512,\"height\":512,\"caption\":\"ATAMYA\"},\"image\":{\"@id\":\"https:\\\/\\\/www.atamya.com\\\/de\\\/#\\\/schema\\\/logo\\\/image\\\/\"}}]}<\/script>\n<!-- \/ Yoast SEO plugin. -->","yoast_head_json":{"title":"ATAMYA Partner werden","description":"Sie wollen ATAMYA Partner werden und von unserem erstklassigen Partnerprogramm profitieren? Jetzt Partnerschaft anfragen.","robots":{"index":"index","follow":"follow","max-snippet":"max-snippet:-1","max-image-preview":"max-image-preview:large","max-video-preview":"max-video-preview:-1"},"canonical":"https:\/\/www.atamya.com\/de\/partnerprogramm\/partner-werden\/","og_locale":"de_DE","og_type":"article","og_title":"ATAMYA Partner werden","og_description":"Sie wollen ATAMYA Partner werden und von unserem erstklassigen Partnerprogramm profitieren? Jetzt Partnerschaft anfragen.","og_url":"https:\/\/www.atamya.com\/de\/partnerprogramm\/partner-werden\/","og_site_name":"ATAMYA","article_modified_time":"2025-05-23T09:54:18+00:00","twitter_card":"summary_large_image","schema":{"@context":"https:\/\/schema.org","@graph":[{"@type":"WebPage","@id":"https:\/\/www.atamya.com\/de\/partnerprogramm\/partner-werden\/","url":"https:\/\/www.atamya.com\/de\/partnerprogramm\/partner-werden\/","name":"ATAMYA Partner werden","isPartOf":{"@id":"https:\/\/www.atamya.com\/de\/#website"},"datePublished":"2024-10-16T12:32:09+00:00","dateModified":"2025-05-23T09:54:18+00:00","description":"Sie wollen ATAMYA Partner werden und von unserem erstklassigen Partnerprogramm profitieren? Jetzt Partnerschaft anfragen.","breadcrumb":{"@id":"https:\/\/www.atamya.com\/de\/partnerprogramm\/partner-werden\/#breadcrumb"},"inLanguage":"de","potentialAction":[{"@type":"ReadAction","target":["https:\/\/www.atamya.com\/de\/partnerprogramm\/partner-werden\/"]}]},{"@type":"BreadcrumbList","@id":"https:\/\/www.atamya.com\/de\/partnerprogramm\/partner-werden\/#breadcrumb","itemListElement":[{"@type":"ListItem","position":1,"name":"Start Page","item":"https:\/\/www.atamya.com\/de\/"},{"@type":"ListItem","position":2,"name":"Partnerprogramm","item":"https:\/\/www.atamya.com\/de\/partnerprogramm\/"},{"@type":"ListItem","position":3,"name":"Partner werden"}]},{"@type":"WebSite","@id":"https:\/\/www.atamya.com\/de\/#website","url":"https:\/\/www.atamya.com\/de\/","name":"ATAMYA","description":"","publisher":{"@id":"https:\/\/www.atamya.com\/de\/#organization"},"potentialAction":[{"@type":"SearchAction","target":{"@type":"EntryPoint","urlTemplate":"https:\/\/www.atamya.com\/de\/?s={search_term_string}"},"query-input":{"@type":"PropertyValueSpecification","valueRequired":true,"valueName":"search_term_string"}}],"inLanguage":"de"},{"@type":"Organization","@id":"https:\/\/www.atamya.com\/de\/#organization","name":"ATAMYA","url":"https:\/\/www.atamya.com\/de\/","logo":{"@type":"ImageObject","inLanguage":"de","@id":"https:\/\/www.atamya.com\/de\/#\/schema\/logo\/image\/","url":"https:\/\/www.atamya.com\/wp-content\/uploads\/2024\/06\/ATAMYA-Favicon-02.png","contentUrl":"https:\/\/www.atamya.com\/wp-content\/uploads\/2024\/06\/ATAMYA-Favicon-02.png","width":512,"height":512,"caption":"ATAMYA"},"image":{"@id":"https:\/\/www.atamya.com\/de\/#\/schema\/logo\/image\/"}}]}},"_links":{"self":[{"href":"https:\/\/www.atamya.com\/de\/wp-json\/wp\/v2\/pages\/3558","targetHints":{"allow":["GET"]}}],"collection":[{"href":"https:\/\/www.atamya.com\/de\/wp-json\/wp\/v2\/pages"}],"about":[{"href":"https:\/\/www.atamya.com\/de\/wp-json\/wp\/v2\/types\/page"}],"author":[{"embeddable":true,"href":"https:\/\/www.atamya.com\/de\/wp-json\/wp\/v2\/users\/3"}],"replies":[{"embeddable":true,"href":"https:\/\/www.atamya.com\/de\/wp-json\/wp\/v2\/comments?post=3558"}],"version-history":[{"count":13,"href":"https:\/\/www.atamya.com\/de\/wp-json\/wp\/v2\/pages\/3558\/revisions"}],"predecessor-version":[{"id":14702,"href":"https:\/\/www.atamya.com\/de\/wp-json\/wp\/v2\/pages\/3558\/revisions\/14702"}],"up":[{"embeddable":true,"href":"https:\/\/www.atamya.com\/de\/wp-json\/wp\/v2\/pages\/4285"}],"wp:attachment":[{"href":"https:\/\/www.atamya.com\/de\/wp-json\/wp\/v2\/media?parent=3558"}],"curies":[{"name":"wp","href":"https:\/\/api.w.org\/{rel}","templated":true}]}}