{"id":10382,"date":"2025-02-21T11:13:32","date_gmt":"2025-02-21T11:13:32","guid":{"rendered":"https:\/\/www.atamya.com\/?page_id=10382"},"modified":"2026-04-22T11:23:59","modified_gmt":"2026-04-22T09:23:59","slug":"rest-services-training","status":"publish","type":"page","link":"https:\/\/www.atamya.com\/de\/partner-academy\/rest-services-training\/","title":{"rendered":"REST Services Training (Partner)"},"content":{"rendered":"\n<section id=\"m-form__container-block_70af908996e33772e8a65d0483fdf2bb\" class=\"m-form__container \">\n    <div class=\"o-container\">\n        <div class=\"o-grid o-grid--center\"><article class=\"o-grid__col u-6\/12@sm u-pr-x6 u-pt-x10 u-pb-x10 u-pt-x20@md u-pb-x20@md\"><h1>REST Services Training<\/h1>\n<p>Unsere Systeml\u00f6sung bietet verschiedene REST-Services, mit denen Produktdaten effizient au\u00dferhalb der grafischen Benutzeroberfl\u00e4che verwaltet werden k\u00f6nnen. Dieses <strong>Online-Training<\/strong> f\u00fcr Partner vermittelt eine grundlegende Einf\u00fchrung in REST-Services und deren Anwendung, um erste Aktionen und Abfragen erfolgreich durchzuf\u00fchren.<\/p>\n<p><strong>Was Sie erwartet:<\/strong><\/p>\n<ul>\n<li>Einf\u00fchrung REST-Grundlagen<\/li>\n<li>Funktionsweise und Konfiguration<\/li>\n<li>Auslesen von Dom\u00e4nen, Objekttypen, Gesch\u00e4ftsobjekten auslesen<\/li>\n<li>Gesch\u00e4ftsobjekte finden und relevante Merkmale abfragen<\/li>\n<li>Gesch\u00e4ftsobjekte und Gesch\u00e4ftsobjektgruppen anlegen<\/li>\n<li>Assets importieren, verschlagworten, ersetzen, herunterladen<\/li>\n<li>Assets an Gesch\u00e4ftsobjekten referenzieren, Gesch\u00e4ftsobjekte an Gesch\u00e4ftsobjekten referenzieren<\/li>\n<li>Kontextkategorien anlegen, Merkmale kontextspezifisch bearbeiten<\/li>\n<\/ul>\n<p><strong>Dauer:<\/strong><br \/>\n1 Tag zwischen 09:30-16:00 Uhr<\/p>\n<p>Das <b><strong>Online-Training<\/strong> f\u00fcr Partner <\/b>ist auf maximal 5 Teilnehmer:innen je Termin beschr\u00e4nkt. Die Teilnahme ist kostenlos. Wir behalten uns das Recht vor, das Training aus wichtigem Grund zu verschieben oder abzusagen.<\/p>\n<p><strong>Ihr Nutzen:<\/strong><br \/>\nNach dem Training sind Sie in der Lage, REST-Services einzusetzen, um Produktdaten effizient abzurufen, zu verwalten und zu verkn\u00fcpfen \u2013 f\u00fcr eine optimierte und automatisierte Datensteuerung in Ihrem Arbeitsalltag.<\/p>\n<\/article><div class=\"o-grid__col u-6\/12@sm u-5\/12@xl u-push-1\/12@xlu-pt-x10 u-pb-x10 u-pt-x20@md u-pb-x20@md\"><div class=\"u-p-x6 u-p-x12@md u-shadow--large u-rounded  u-bgcolor-white\"><script charset=\"utf-8\" type=\"text\/javascript\" src=\"\/\/js.hsforms.net\/forms\/embed\/v2.js\"><\/script>\r\n<script>\r\n  hbspt.forms.create({\r\n    portalId: \"7319657\",\r\n    formId: \"f0c9bcfd-ed5d-4c6f-a041-506460059053\",\r\n    region: \"na1\"\r\n  });\r\n<\/script><\/div><\/div><\/div>\n    <\/div>\n<\/section>","protected":false},"excerpt":{"rendered":"","protected":false},"author":3,"featured_media":0,"parent":5715,"menu_order":311,"comment_status":"closed","ping_status":"closed","template":"","meta":{"_acf_changed":false,"footnotes":""},"class_list":["post-10382","page","type-page","status-publish","hentry"],"acf":[],"yoast_head":"<!-- This site is optimized with the Yoast SEO plugin v27.4 - https:\/\/yoast.com\/product\/yoast-seo-wordpress\/ -->\n<title>ATAMYA Partner Academy - REST Services Training<\/title>\n<meta name=\"robots\" content=\"noindex, follow\" \/>\n<meta property=\"og:locale\" content=\"de_DE\" \/>\n<meta property=\"og:type\" content=\"article\" \/>\n<meta property=\"og:title\" content=\"ATAMYA Partner Academy - REST Services Training\" \/>\n<meta property=\"og:url\" content=\"https:\/\/www.atamya.com\/de\/partner-academy\/rest-services-training\/\" \/>\n<meta property=\"og:site_name\" content=\"ATAMYA\" \/>\n<meta property=\"article:modified_time\" content=\"2026-04-22T09:23:59+00:00\" \/>\n<meta name=\"twitter:card\" content=\"summary_large_image\" \/>\n<script type=\"application\/ld+json\" class=\"yoast-schema-graph\">{\"@context\":\"https:\\\/\\\/schema.org\",\"@graph\":[{\"@type\":\"WebPage\",\"@id\":\"https:\\\/\\\/www.atamya.com\\\/de\\\/partner-academy\\\/rest-services-training\\\/\",\"url\":\"https:\\\/\\\/www.atamya.com\\\/de\\\/partner-academy\\\/rest-services-training\\\/\",\"name\":\"ATAMYA Partner Academy - REST Services Training\",\"isPartOf\":{\"@id\":\"https:\\\/\\\/www.atamya.com\\\/de\\\/#website\"},\"datePublished\":\"2025-02-21T11:13:32+00:00\",\"dateModified\":\"2026-04-22T09:23:59+00:00\",\"breadcrumb\":{\"@id\":\"https:\\\/\\\/www.atamya.com\\\/de\\\/partner-academy\\\/rest-services-training\\\/#breadcrumb\"},\"inLanguage\":\"de\",\"potentialAction\":[{\"@type\":\"ReadAction\",\"target\":[\"https:\\\/\\\/www.atamya.com\\\/de\\\/partner-academy\\\/rest-services-training\\\/\"]}]},{\"@type\":\"BreadcrumbList\",\"@id\":\"https:\\\/\\\/www.atamya.com\\\/de\\\/partner-academy\\\/rest-services-training\\\/#breadcrumb\",\"itemListElement\":[{\"@type\":\"ListItem\",\"position\":1,\"name\":\"Start Page\",\"item\":\"https:\\\/\\\/www.atamya.com\\\/de\\\/\"},{\"@type\":\"ListItem\",\"position\":2,\"name\":\"Partner Academy\",\"item\":\"https:\\\/\\\/www.atamya.com\\\/de\\\/partner-academy\\\/\"},{\"@type\":\"ListItem\",\"position\":3,\"name\":\"REST Services Training (Partner)\"}]},{\"@type\":\"WebSite\",\"@id\":\"https:\\\/\\\/www.atamya.com\\\/de\\\/#website\",\"url\":\"https:\\\/\\\/www.atamya.com\\\/de\\\/\",\"name\":\"ATAMYA\",\"description\":\"\",\"publisher\":{\"@id\":\"https:\\\/\\\/www.atamya.com\\\/de\\\/#organization\"},\"potentialAction\":[{\"@type\":\"SearchAction\",\"target\":{\"@type\":\"EntryPoint\",\"urlTemplate\":\"https:\\\/\\\/www.atamya.com\\\/de\\\/?s={search_term_string}\"},\"query-input\":{\"@type\":\"PropertyValueSpecification\",\"valueRequired\":true,\"valueName\":\"search_term_string\"}}],\"inLanguage\":\"de\"},{\"@type\":\"Organization\",\"@id\":\"https:\\\/\\\/www.atamya.com\\\/de\\\/#organization\",\"name\":\"ATAMYA\",\"url\":\"https:\\\/\\\/www.atamya.com\\\/de\\\/\",\"logo\":{\"@type\":\"ImageObject\",\"inLanguage\":\"de\",\"@id\":\"https:\\\/\\\/www.atamya.com\\\/de\\\/#\\\/schema\\\/logo\\\/image\\\/\",\"url\":\"https:\\\/\\\/www.atamya.com\\\/wp-content\\\/uploads\\\/2024\\\/06\\\/ATAMYA-Favicon-02.png\",\"contentUrl\":\"https:\\\/\\\/www.atamya.com\\\/wp-content\\\/uploads\\\/2024\\\/06\\\/ATAMYA-Favicon-02.png\",\"width\":512,\"height\":512,\"caption\":\"ATAMYA\"},\"image\":{\"@id\":\"https:\\\/\\\/www.atamya.com\\\/de\\\/#\\\/schema\\\/logo\\\/image\\\/\"}}]}<\/script>\n<!-- \/ Yoast SEO plugin. -->","yoast_head_json":{"title":"ATAMYA Partner Academy - REST Services Training","robots":{"index":"noindex","follow":"follow"},"og_locale":"de_DE","og_type":"article","og_title":"ATAMYA Partner Academy - REST Services Training","og_url":"https:\/\/www.atamya.com\/de\/partner-academy\/rest-services-training\/","og_site_name":"ATAMYA","article_modified_time":"2026-04-22T09:23:59+00:00","twitter_card":"summary_large_image","schema":{"@context":"https:\/\/schema.org","@graph":[{"@type":"WebPage","@id":"https:\/\/www.atamya.com\/de\/partner-academy\/rest-services-training\/","url":"https:\/\/www.atamya.com\/de\/partner-academy\/rest-services-training\/","name":"ATAMYA Partner Academy - REST Services Training","isPartOf":{"@id":"https:\/\/www.atamya.com\/de\/#website"},"datePublished":"2025-02-21T11:13:32+00:00","dateModified":"2026-04-22T09:23:59+00:00","breadcrumb":{"@id":"https:\/\/www.atamya.com\/de\/partner-academy\/rest-services-training\/#breadcrumb"},"inLanguage":"de","potentialAction":[{"@type":"ReadAction","target":["https:\/\/www.atamya.com\/de\/partner-academy\/rest-services-training\/"]}]},{"@type":"BreadcrumbList","@id":"https:\/\/www.atamya.com\/de\/partner-academy\/rest-services-training\/#breadcrumb","itemListElement":[{"@type":"ListItem","position":1,"name":"Start Page","item":"https:\/\/www.atamya.com\/de\/"},{"@type":"ListItem","position":2,"name":"Partner Academy","item":"https:\/\/www.atamya.com\/de\/partner-academy\/"},{"@type":"ListItem","position":3,"name":"REST Services Training (Partner)"}]},{"@type":"WebSite","@id":"https:\/\/www.atamya.com\/de\/#website","url":"https:\/\/www.atamya.com\/de\/","name":"ATAMYA","description":"","publisher":{"@id":"https:\/\/www.atamya.com\/de\/#organization"},"potentialAction":[{"@type":"SearchAction","target":{"@type":"EntryPoint","urlTemplate":"https:\/\/www.atamya.com\/de\/?s={search_term_string}"},"query-input":{"@type":"PropertyValueSpecification","valueRequired":true,"valueName":"search_term_string"}}],"inLanguage":"de"},{"@type":"Organization","@id":"https:\/\/www.atamya.com\/de\/#organization","name":"ATAMYA","url":"https:\/\/www.atamya.com\/de\/","logo":{"@type":"ImageObject","inLanguage":"de","@id":"https:\/\/www.atamya.com\/de\/#\/schema\/logo\/image\/","url":"https:\/\/www.atamya.com\/wp-content\/uploads\/2024\/06\/ATAMYA-Favicon-02.png","contentUrl":"https:\/\/www.atamya.com\/wp-content\/uploads\/2024\/06\/ATAMYA-Favicon-02.png","width":512,"height":512,"caption":"ATAMYA"},"image":{"@id":"https:\/\/www.atamya.com\/de\/#\/schema\/logo\/image\/"}}]}},"_links":{"self":[{"href":"https:\/\/www.atamya.com\/de\/wp-json\/wp\/v2\/pages\/10382","targetHints":{"allow":["GET"]}}],"collection":[{"href":"https:\/\/www.atamya.com\/de\/wp-json\/wp\/v2\/pages"}],"about":[{"href":"https:\/\/www.atamya.com\/de\/wp-json\/wp\/v2\/types\/page"}],"author":[{"embeddable":true,"href":"https:\/\/www.atamya.com\/de\/wp-json\/wp\/v2\/users\/3"}],"replies":[{"embeddable":true,"href":"https:\/\/www.atamya.com\/de\/wp-json\/wp\/v2\/comments?post=10382"}],"version-history":[{"count":10,"href":"https:\/\/www.atamya.com\/de\/wp-json\/wp\/v2\/pages\/10382\/revisions"}],"predecessor-version":[{"id":23342,"href":"https:\/\/www.atamya.com\/de\/wp-json\/wp\/v2\/pages\/10382\/revisions\/23342"}],"up":[{"embeddable":true,"href":"https:\/\/www.atamya.com\/de\/wp-json\/wp\/v2\/pages\/5715"}],"wp:attachment":[{"href":"https:\/\/www.atamya.com\/de\/wp-json\/wp\/v2\/media?parent=10382"}],"curies":[{"name":"wp","href":"https:\/\/api.w.org\/{rel}","templated":true}]}}